{"id":3964,"date":"2019-10-29T15:40:48","date_gmt":"2019-10-29T15:40:48","guid":{"rendered":"http:\/\/citystop.ee\/ostu-ja-muugitingimused\/"},"modified":"2024-09-26T12:36:00","modified_gmt":"2024-09-26T09:36:00","slug":"ostu-ja-muugitingimused","status":"publish","type":"page","link":"https:\/\/citystop.ee\/en\/ostu-ja-muugitingimused\/","title":{"rendered":"Ostu-ja m\u00fc\u00fcgitingimused"},"content":{"rendered":"<h1><strong><span style=\"color: #800000;\">Ostu- ja m\u00fc\u00fcgitingimused<\/span><\/strong><\/h1>\n<div>\n<p>Tere tulemast tutvuma HOTELLIDE OPERAATOR O\u00dc (edaspidi Hotell Citystop) ostu- ja m\u00fc\u00fcgitingimustega. Palun tingimustega enne broneerimist kindlasti tutvuda, et v\u00e4ltida hilisemaid pretensioone.<\/p>\n<p>Tellimuse saab esitada telefoni v\u00f5i e-maili teel.<\/p>\n<p>Tellimuse kinnitamisel vormistatakse teile arve, mis tuleb tasuda kaardimaksena v\u00f5i panga\u00fclekandega. Arve saadetakse teie e-posti aadressile. Kontrollige, et olete lisanud tellimusse oma <span style=\"color: #ff0000;\">\u00f5ige telefoninumbri!<\/span> Sellele telefoninumbrile saadetakse SMS koodiga millega saate hotelli siseneda. Hotellis puudub administraator!<\/p>\n<p>Tellitud majutuse eest peab tasuma p\u00e4rast tellimuse kinnitamist kaardimaksega v\u00f5i arve alusel \u00fclekandega. Panga\u00fclekandega tasumiseks, palume Teie poolt m\u00e4rgitud e-mailile saadetud arve tasuda Hotellide Operaator O\u00dc arveldusarvele Swedpank <strong>EE542200221078424743<\/strong>. Palume Teil m\u00e4rkida \u00fclekande selgitusse meie poolt v\u00e4ljastatud arve number. Kogu \u00fclekande tegemiseks vajalik informatsioon on arvel olemas.\u00a0<\/p>\n<p>\u00dclekandega tasumist ootame Teilt peale tellimuse esitamist 2 t\u00f6\u00f6p\u00e4eva jooksul. Selle m\u00f6\u00f6dudes eeldame, et olete tellimuse tegemisest loobunud ja Teie tellimus kustutatakse. Kui majutusperiood j\u00e4\u00e4b tellimuse esitamisega samale p\u00e4evale, peab \u00fclekanne tehtud olema enne sisseregistreerimist.<\/p>\n<p>Kui broneerite majutuse l\u00e4bi <a href=\"http:\/\/citystop.ee\">www.citystop.ee<\/a>\u00a0veebilehe, siis aktsepteerite ja n\u00f5ustute teenusepakkuja vastavate reeglitega, mis kehtivad t\u00fchistamise ja mitteilmumise korral.<\/p>\n<p><strong>Hotell Citystop k\u00fclalistelt, kes teevad broneeringu e-maili, telefoni teel v\u00f5i otsebroneeringuna koha peal, on \u00f5igus k\u00fcsida tagatist summas 100\u20ac. <\/strong>Tagatist on v\u00f5imalik garanteerida eelautoriseerimise teel kaarditerminaliga v\u00f5i sularahas akti alusel ning kui toal selgub v\u00e4ljaregistreerides klient poolt tekitatud kahjustusi, siis ei kuulu tagatis tagasi maksmisele. Kui tuba on \u00fcleantud ilma probleemideta, tagastatakse tagatis v\u00e4ljaregistreerimise p\u00e4eval kliendile kas siis tasutud sularahas v\u00f5i pangaterminaliga kontole.<\/p>\n<p><strong>Majutuse broneerimisel tuleb tasuda majutuse kogusumma ning antud broneerimistasu on tagastamatu (<\/strong><em><strong>non-refundable<\/strong><\/em><strong>)<\/strong>. Kui broneeritud majutusperioodil ei ole v\u00f5imalik kliendil kohale tulla, siis palun v\u00f5tke meiega \u00fchendust\u00a0<a href=\"mailto:info@citystop.ee\">info@citystop.ee<\/a>\u00a0ja saame pakkuda Teile peatumiseks teised kuup\u00e4evad.\u00a0<strong>Broneeringu t\u00fchistamisel ei kuulu broneeringu kogusumma tagasimaksmisele.<\/strong> Kui broneeritud kuup\u00e4evadel ei saa Hotell Citystop Teile majutust pakkuda \u00fclebroneeringute vms p\u00f5hjusel, siis tagastatakse kliendile broneeringu kogusumma. (V\u00d5S \u00a7 55 (1,2))<\/p>\n<\/div>\n<p><!-- {\"name\":\"\",\"type\":\"layout\",\"children\":[{\"name\":\"\",\"type\":\"section\",\"props\":{\"style\":\"default\",\"width\":\"default\",\"vertical_align\":\"middle\",\"title_position\":\"top-left\",\"title_rotation\":\"left\",\"title_breakpoint\":\"xl\",\"image_position\":\"center-center\",\"text_color\":\"\",\"width_expand\":\"\",\"height\":\"\",\"padding\":\"\",\"header_transparent\":\"\",\"animation\":\"\",\"image_effect\":\"\"},\"children\":[{\"name\":\"\",\"type\":\"row\",\"props\":{\"layout\":\"1-1\",\"breakpoint\":\"m\",\"fixed_width\":\"large\",\"width\":\"\",\"width_expand\":\"\",\"height\":\"\",\"margin\":\"\",\"column_gap\":\"\",\"row_gap\":\"\"},\"children\":[{\"name\":\"\",\"type\":\"column\",\"props\":{\"image_position\":\"center-center\",\"media_overlay_gradient\":\"\",\"vertical_align\":\"\",\"style\":\"\",\"text_color\":\"\",\"padding\":\"\"},\"children\":[{\"name\":\"\",\"type\":\"headline\",\"props\":{\"title_element\":\"h1\",\"title_style\":\"\",\"title_decoration\":\"\",\"title_color\":\"\",\"text_align\":\"\",\"text_align_breakpoint\":\"\",\"text_align_fallback\":\"\",\"maxwidth\":\"\",\"maxwidth_breakpoint\":\"\",\"margin\":\"\",\"animation\":\"\",\"visibility\":\"\",\"content\":\"<strong><span style=\\\"color: #800000;\\\">Ostu- ja m\\u00fc\\u00fcgitingimused<\\\/span><\\\/strong>\",\"block_align\":\"\"}}]}]}]},{\"name\":\"\",\"type\":\"section\",\"props\":{\"style\":\"default\",\"width\":\"default\",\"vertical_align\":\"middle\",\"title_position\":\"top-left\",\"title_rotation\":\"left\",\"title_breakpoint\":\"xl\",\"image_position\":\"center-center\",\"text_color\":\"\",\"width_expand\":\"\",\"height\":\"\",\"padding\":\"\",\"header_transparent\":\"\",\"animation\":\"\",\"image_effect\":\"\"},\"children\":[{\"name\":\"\",\"type\":\"row\",\"props\":{\"layout\":\"1-1\",\"breakpoint\":\"m\",\"fixed_width\":\"large\",\"width\":\"\",\"width_expand\":\"\",\"height\":\"\",\"margin\":\"\",\"column_gap\":\"\",\"row_gap\":\"\"},\"children\":[{\"name\":\"\",\"type\":\"column\",\"props\":{\"image_position\":\"center-center\",\"media_overlay_gradient\":\"\",\"vertical_align\":\"\",\"style\":\"\",\"text_color\":\"\",\"padding\":\"\"},\"children\":[{\"name\":\"\",\"type\":\"text\",\"props\":{\"margin\":\"default\",\"column_breakpoint\":\"m\",\"text_style\":\"\",\"text_color\":\"\",\"text_size\":\"\",\"column\":\"\",\"text_align\":\"\",\"text_align_breakpoint\":\"\",\"text_align_fallback\":\"\",\"maxwidth\":\"\",\"maxwidth_breakpoint\":\"\",\"animation\":\"\",\"visibility\":\"\",\"content\":\"\n\n<p>Tere tulemast tutvuma HOTELLIDE OPERAATOR O\\u00dc (edaspidi Hotell Citystop) ostu- ja m\\u00fc\\u00fcgitingimustega. Palun tingimustega enne broneerimist kindlasti tutvuda, et v\\u00e4ltida hilisemaid pretensioone.<\\\/p>\\n\n\n<p>Tellimuse saab esitada telefoni v\\u00f5i e-maili teel.<\\\/p>\\n\n\n<p>Tellimuse kinnitamisel vormistatakse teile arve, mis tuleb tasuda kaardimaksena v\\u00f5i panga\\u00fclekandega. Arve saadetakse teie e-posti aadressile. Kontrollige, et olete lisanud tellimusse oma <span style=\\\"color: #ff0000;\\\">\\u00f5ige telefoninumbri!<\\\/span> Sellele telefoninumbrile saadetakse SMS koodiga millega saate hotelli siseneda. Hotellis puudub administraator!<\\\/p>\\n\n\n<p>Tellitud majutuse eest peab tasuma p\\u00e4rast tellimuse kinnitamist kaardimaksega v\\u00f5i arve alusel \\u00fclekandega. Panga\\u00fclekandega tasumiseks, palume Teie poolt m\\u00e4rgitud e-mailile saadetud arve tasuda Hotellide Operaator O\\u00dc arveldusarvele Swedpank <strong>EE542200221078424743<\\\/strong>. Palume Teil m\\u00e4rkida \\u00fclekande selgitusse meie poolt v\\u00e4ljastatud arve number. Kogu \\u00fclekande tegemiseks vajalik informatsioon on arvel olemas.\\u00a0<\\\/p>\\n\n\n<p>\\u00dclekandega tasumist ootame Teilt peale tellimuse esitamist 2 t\\u00f6\\u00f6p\\u00e4eva jooksul. Selle m\\u00f6\\u00f6dudes eeldame, et olete tellimuse tegemisest loobunud ja Teie tellimus kustutatakse. Kui majutusperiood j\\u00e4\\u00e4b tellimuse esitamisega samale p\\u00e4evale, peab \\u00fclekanne tehtud olema enne sisseregistreerimist.<\\\/p>\\n\n\n<p>Kui broneerite majutuse l\\u00e4bi <a href=\\\"http:\\\/\\\/citystop.ee\\\">www.citystop.ee<\\\/a>\\u00a0veebilehe, siis aktsepteerite ja n\\u00f5ustute teenusepakkuja vastavate reeglitega, mis kehtivad t\\u00fchistamise ja mitteilmumise korral.<\\\/p>\\n\n\n<p><strong>Hotell Citystop k\\u00fclalistelt, kes teevad broneeringu e-maili, telefoni teel v\\u00f5i otsebroneeringuna koha peal, on \\u00f5igus k\\u00fcsida tagatist summas 100\\u20ac. <\\\/strong>Tagatist on v\\u00f5imalik garanteerida eelautoriseerimise teel kaarditerminaliga v\\u00f5i sularahas akti alusel ning kui toal selgub v\\u00e4ljaregistreerides klient poolt tekitatud kahjustusi, siis ei kuulu tagatis tagasi maksmisele. Kui tuba on \\u00fcleantud ilma probleemideta, tagastatakse tagatis v\\u00e4ljaregistreerimise p\\u00e4eval kliendile kas siis tasutud sularahas v\\u00f5i pangaterminaliga kontole.<\\\/p>\\n\n\n<p><strong>Majutuse broneerimisel tuleb tasuda majutuse kogusumma ning antud broneerimistasu on tagastamatu (<\\\/strong><em><strong>non-refundable<\\\/strong><\\\/em><strong>)<\\\/strong>. Kui broneeritud majutusperioodil ei ole v\\u00f5imalik kliendil kohale tulla, siis palun v\\u00f5tke meiega \\u00fchendust\\u00a0<a href=\\\"mailto:info@citystop.ee\\\">info@citystop.ee<\\\/a>\\u00a0ja saame pakkuda Teile peatumiseks teised kuup\\u00e4evad.\\u00a0<strong>Broneeringu t\\u00fchistamisel ei kuulu broneeringu kogusumma tagasimaksmisele.<\\\/strong> Kui broneeritud kuup\\u00e4evadel ei saa Hotell Citystop Teile majutust pakkuda \\u00fclebroneeringute vms p\\u00f5hjusel, siis tagastatakse kliendile broneeringu kogusumma. (V\\u00d5S \\u00a7 55 (1,2))<\\\/p>\",\"block_align\":\"\",\"position\":\"\",\"position_z_index\":\"\",\"block_align_breakpoint\":\"\",\"block_align_fallback\":\"\"}}]}]}]}],\"props\":[],\"version\":\"1.22.7\"} --><\/p>\n","protected":false},"excerpt":{"rendered":"<p>Ostu- ja m\u00fc\u00fcgitingimused Tere tulemast tutvuma HOTELLIDE OPERAATOR O\u00dc (edaspidi Hotell Citystop) ostu- ja m\u00fc\u00fcgitingimustega. Palun tingimustega enne broneerimist kindlasti tutvuda, et v\u00e4ltida hilisemaid pretensioone. Tellimuse saab esitada telefoni v\u00f5i e-maili teel. Tellimuse kinnitamisel vormistatakse teile arve, mis tuleb tasuda kaardimaksena v\u00f5i panga\u00fclekandega. Arve saadetakse teie e-posti aadressile. Kontrollige, et olete lisanud tellimusse oma \u00f5ige [&hellip;]<\/p>\n","protected":false},"author":1,"featured_media":0,"parent":0,"menu_order":0,"comment_status":"closed","ping_status":"closed","template":"","meta":{"_acf_changed":false,"footnotes":""},"class_list":["post-3964","page","type-page","status-publish","hentry"],"acf":[],"yoast_head":"<!-- This site is optimized with the Yoast SEO plugin v26.8 - https:\/\/yoast.com\/product\/yoast-seo-wordpress\/ -->\n<title>Ostu-ja m\u00fc\u00fcgitingimused - CITYSTOP<\/title>\n<meta name=\"robots\" content=\"index, follow, max-snippet:-1, max-image-preview:large, max-video-preview:-1\" \/>\n<link rel=\"canonical\" href=\"https:\/\/citystop.ee\/en\/ostu-ja-muugitingimused\/\" \/>\n<meta property=\"og:locale\" content=\"en_US\" \/>\n<meta property=\"og:type\" content=\"article\" \/>\n<meta property=\"og:title\" content=\"Ostu-ja m\u00fc\u00fcgitingimused - CITYSTOP\" \/>\n<meta property=\"og:description\" content=\"Ostu- ja m\u00fc\u00fcgitingimused Tere tulemast tutvuma HOTELLIDE OPERAATOR O\u00dc (edaspidi Hotell Citystop) ostu- ja m\u00fc\u00fcgitingimustega. Palun tingimustega enne broneerimist kindlasti tutvuda, et v\u00e4ltida hilisemaid pretensioone. Tellimuse saab esitada telefoni v\u00f5i e-maili teel. Tellimuse kinnitamisel vormistatakse teile arve, mis tuleb tasuda kaardimaksena v\u00f5i panga\u00fclekandega. Arve saadetakse teie e-posti aadressile. Kontrollige, et olete lisanud tellimusse oma \u00f5ige [&hellip;]\" \/>\n<meta property=\"og:url\" content=\"https:\/\/citystop.ee\/en\/ostu-ja-muugitingimused\/\" \/>\n<meta property=\"og:site_name\" content=\"CITYSTOP\" \/>\n<meta property=\"article:modified_time\" content=\"2024-09-26T09:36:00+00:00\" \/>\n<meta name=\"twitter:card\" content=\"summary_large_image\" \/>\n<meta name=\"twitter:label1\" content=\"Est. reading time\" \/>\n\t<meta name=\"twitter:data1\" content=\"2 minutes\" \/>\n<script type=\"application\/ld+json\" class=\"yoast-schema-graph\">{\"@context\":\"https:\/\/schema.org\",\"@graph\":[{\"@type\":\"WebPage\",\"@id\":\"https:\/\/citystop.ee\/en\/ostu-ja-muugitingimused\/\",\"url\":\"https:\/\/citystop.ee\/en\/ostu-ja-muugitingimused\/\",\"name\":\"Ostu-ja m\u00fc\u00fcgitingimused - CITYSTOP\",\"isPartOf\":{\"@id\":\"https:\/\/citystop.ee\/en\/#website\"},\"datePublished\":\"2019-10-29T15:40:48+00:00\",\"dateModified\":\"2024-09-26T09:36:00+00:00\",\"breadcrumb\":{\"@id\":\"https:\/\/citystop.ee\/en\/ostu-ja-muugitingimused\/#breadcrumb\"},\"inLanguage\":\"en-US\",\"potentialAction\":[{\"@type\":\"ReadAction\",\"target\":[\"https:\/\/citystop.ee\/en\/ostu-ja-muugitingimused\/\"]}]},{\"@type\":\"BreadcrumbList\",\"@id\":\"https:\/\/citystop.ee\/en\/ostu-ja-muugitingimused\/#breadcrumb\",\"itemListElement\":[{\"@type\":\"ListItem\",\"position\":1,\"name\":\"Home\",\"item\":\"https:\/\/citystop.ee\/en\/\"},{\"@type\":\"ListItem\",\"position\":2,\"name\":\"Ostu-ja m\u00fc\u00fcgitingimused\"}]},{\"@type\":\"WebSite\",\"@id\":\"https:\/\/citystop.ee\/en\/#website\",\"url\":\"https:\/\/citystop.ee\/en\/\",\"name\":\"CITYSTOP\",\"description\":\"Parima hinna ja kvaliteedi suhtega majutus Tartus\",\"potentialAction\":[{\"@type\":\"SearchAction\",\"target\":{\"@type\":\"EntryPoint\",\"urlTemplate\":\"https:\/\/citystop.ee\/en\/?s={search_term_string}\"},\"query-input\":{\"@type\":\"PropertyValueSpecification\",\"valueRequired\":true,\"valueName\":\"search_term_string\"}}],\"inLanguage\":\"en-US\"}]}<\/script>\n<!-- \/ Yoast SEO plugin. -->","yoast_head_json":{"title":"Ostu-ja m\u00fc\u00fcgitingimused - CITYSTOP","robots":{"index":"index","follow":"follow","max-snippet":"max-snippet:-1","max-image-preview":"max-image-preview:large","max-video-preview":"max-video-preview:-1"},"canonical":"https:\/\/citystop.ee\/en\/ostu-ja-muugitingimused\/","og_locale":"en_US","og_type":"article","og_title":"Ostu-ja m\u00fc\u00fcgitingimused - CITYSTOP","og_description":"Ostu- ja m\u00fc\u00fcgitingimused Tere tulemast tutvuma HOTELLIDE OPERAATOR O\u00dc (edaspidi Hotell Citystop) ostu- ja m\u00fc\u00fcgitingimustega. Palun tingimustega enne broneerimist kindlasti tutvuda, et v\u00e4ltida hilisemaid pretensioone. Tellimuse saab esitada telefoni v\u00f5i e-maili teel. Tellimuse kinnitamisel vormistatakse teile arve, mis tuleb tasuda kaardimaksena v\u00f5i panga\u00fclekandega. Arve saadetakse teie e-posti aadressile. Kontrollige, et olete lisanud tellimusse oma \u00f5ige [&hellip;]","og_url":"https:\/\/citystop.ee\/en\/ostu-ja-muugitingimused\/","og_site_name":"CITYSTOP","article_modified_time":"2024-09-26T09:36:00+00:00","twitter_card":"summary_large_image","twitter_misc":{"Est. reading time":"2 minutes"},"schema":{"@context":"https:\/\/schema.org","@graph":[{"@type":"WebPage","@id":"https:\/\/citystop.ee\/en\/ostu-ja-muugitingimused\/","url":"https:\/\/citystop.ee\/en\/ostu-ja-muugitingimused\/","name":"Ostu-ja m\u00fc\u00fcgitingimused - CITYSTOP","isPartOf":{"@id":"https:\/\/citystop.ee\/en\/#website"},"datePublished":"2019-10-29T15:40:48+00:00","dateModified":"2024-09-26T09:36:00+00:00","breadcrumb":{"@id":"https:\/\/citystop.ee\/en\/ostu-ja-muugitingimused\/#breadcrumb"},"inLanguage":"en-US","potentialAction":[{"@type":"ReadAction","target":["https:\/\/citystop.ee\/en\/ostu-ja-muugitingimused\/"]}]},{"@type":"BreadcrumbList","@id":"https:\/\/citystop.ee\/en\/ostu-ja-muugitingimused\/#breadcrumb","itemListElement":[{"@type":"ListItem","position":1,"name":"Home","item":"https:\/\/citystop.ee\/en\/"},{"@type":"ListItem","position":2,"name":"Ostu-ja m\u00fc\u00fcgitingimused"}]},{"@type":"WebSite","@id":"https:\/\/citystop.ee\/en\/#website","url":"https:\/\/citystop.ee\/en\/","name":"CITYSTOP","description":"Parima hinna ja kvaliteedi suhtega majutus Tartus","potentialAction":[{"@type":"SearchAction","target":{"@type":"EntryPoint","urlTemplate":"https:\/\/citystop.ee\/en\/?s={search_term_string}"},"query-input":{"@type":"PropertyValueSpecification","valueRequired":true,"valueName":"search_term_string"}}],"inLanguage":"en-US"}]}},"_links":{"self":[{"href":"https:\/\/citystop.ee\/en\/wp-json\/wp\/v2\/pages\/3964","targetHints":{"allow":["GET"]}}],"collection":[{"href":"https:\/\/citystop.ee\/en\/wp-json\/wp\/v2\/pages"}],"about":[{"href":"https:\/\/citystop.ee\/en\/wp-json\/wp\/v2\/types\/page"}],"author":[{"embeddable":true,"href":"https:\/\/citystop.ee\/en\/wp-json\/wp\/v2\/users\/1"}],"replies":[{"embeddable":true,"href":"https:\/\/citystop.ee\/en\/wp-json\/wp\/v2\/comments?post=3964"}],"version-history":[{"count":5,"href":"https:\/\/citystop.ee\/en\/wp-json\/wp\/v2\/pages\/3964\/revisions"}],"predecessor-version":[{"id":7227,"href":"https:\/\/citystop.ee\/en\/wp-json\/wp\/v2\/pages\/3964\/revisions\/7227"}],"wp:attachment":[{"href":"https:\/\/citystop.ee\/en\/wp-json\/wp\/v2\/media?parent=3964"}],"curies":[{"name":"wp","href":"https:\/\/api.w.org\/{rel}","templated":true}]}}