{"id":2655,"date":"2017-09-18T00:58:25","date_gmt":"2017-09-18T00:58:25","guid":{"rendered":"http:\/\/citystop.ee\/majutuse-hinnad\/"},"modified":"2024-04-11T11:24:36","modified_gmt":"2024-04-11T08:24:36","slug":"accomodation-prices","status":"publish","type":"page","link":"https:\/\/citystop.ee\/en\/prices\/accomodation-prices\/","title":{"rendered":"Accomodation Prices"},"content":{"rendered":"<p><div class=\"yleminesisuleht\"><\/div>\n<\/p>\n<p><strong><span lang=\"ru\">HINNAD<\/p>\n<p>Hinnad v\u00f5ivad varieeruda. Parima pakkumise saamiseks v\u00f5tke \u00fchendust meie administraatoriga.\u00a0<\/p>\n<p><a class=\"booknow-new\" href=\"https:\/\/online.bookvisit.com\/accommodation\/list?channelId=a859cae2-7a60-4636-ab43-5c03d0deeac5&amp;presentationType=Tiles\" target=\"_blank\" rel=\"noopener\">BRONEERI<\/a><\/p>\n<p><a class=\"el-content uk-link-muted\" href=\"tel:+372 7400 674\">Telefon: +372 7400 674<\/a>\u00a0 \u00a0<a class=\"el-content uk-link-muted\" href=\"mailto:info@starest.ee\" target=\"_blank\" rel=\"noopener\">e-post: info@starest.ee<\/a><\/span><\/strong><\/p>\n<p>\u00a0<\/p>\n<table class=\"pricetable\" border=\"0\" width=\"100%\" cellspacing=\"5\" cellpadding=\"10\">\n<colgroup><\/colgroup>\n<tbody>\n<tr>\n<td height=\"20\">\u00a0<\/td>\n<td>Hommikus\u00f6\u00f6giga<\/td>\n<td>Hommikus\u00f6\u00f6gita<\/td>\n<\/tr>\n<tr>\n<td height=\"20\">Standard \u00fcheinimesetuba<\/td>\n<td>al. 39 EUR<\/td>\n<td style=\"text-align: center;\">al. 35 EUR<\/td>\n<\/tr>\n<tr>\n<td height=\"20\">Standard kaheinimesetuba(Twin)<\/td>\n<td>al. 49 EUR<\/td>\n<td style=\"text-align: center;\">al. 41 EUR<\/td>\n<\/tr>\n<tr>\n<td height=\"20\">Standard kaheinimesetuba(Double)<\/td>\n<td>al. 49 EUR<\/td>\n<td style=\"text-align: center;\">al. 41 EUR<\/td>\n<\/tr>\n<tr>\n<td height=\"20\">Standard Kolmekohaline tuba<\/td>\n<td>al. 65 EUR<\/td>\n<td style=\"text-align: center;\">al. 53 EUR<\/td>\n<\/tr>\n<tr>\n<td height=\"20\">Mugav kaheinimesetuba (1 kaheinimesevoodi)<\/td>\n<td>al. 55 EUR<\/td>\n<td style=\"text-align: center;\">&#8211;<\/td>\n<\/tr>\n<tr>\n<td height=\"20\">\n<p>Standard neljakordne tuba<\/p>\n<p>Peretuba (1 suur kaheinimesevoodi ja 1 diivanvoodi)<\/p>\n<\/td>\n<td>\n<p>al. 55 EUR<\/p>\n<p>al. 69 EUR<\/p>\n<\/td>\n<td>\n<p>\u00a0 \u00a0 \u00a0 \u00a0 \u00a0 \u00a0 \u00a0 &#8211;<\/p>\n<p>\u00a0 \u00a0 \u00a0 \u00a0 \u00a0 \u00a0 \u00a0 &#8211;<\/p>\n<\/td>\n<td style=\"text-align: center;\">\u00a0<\/td>\n<\/tr>\n<tr>\n<td height=\"20\">Kahekohaline tuba ja sauna (sisaldab sauna\u00a0 kasutamist 2 tundi) (1 kaheinimesevoodi)<\/td>\n<td>al. 65 EUR<\/td>\n<td style=\"text-align: center;\">&#8211;<\/td>\n<\/tr>\n<tr>\n<td height=\"20\">Kaheinimesetuba, Double Jaccuzi (sisaldab ka 2-tunnist Jaccuzi kasutamist) (1kaheinimesevoodi)<\/td>\n<td>al. 65 EUR<\/td>\n<td style=\"text-align: center;\">&#8211;<\/td>\n<\/tr>\n<tr>\n<td height=\"20\">\n<p>Deluxe &#8211; Kaheinimesetuba, Double &#8211; Sauna ja mullivann (saab kasutada nii 2h)(2 eraldi magamistuba)<\/p>\n<\/td>\n<td>al. 75 EUR<\/td>\n<td style=\"text-align: center;\">&#8211;<\/td>\n<\/tr>\n<tr>\n<td height=\"20\">Saun v\u00f5i Jaccuzi lisatund<\/td>\n<td>\u00a0 \u00a0 \u00a010\u00a0EUR<\/td>\n<td style=\"text-align: center;\">&#8211;<\/td>\n<\/tr>\n<tr>\n<td height=\"20\">Lisavoodi<\/td>\n<td>\u00a0 \u00a0 \u00a017\u00a0EUR<\/td>\n<td style=\"text-align: center;\">&#8211;<\/td>\n<\/tr>\n<tr>\n<td height=\"20\">Lemmikloom<\/td>\n<td style=\"text-align: center;\">10 EUR\u00a0 \u00a0 \u00a0 \u00a0<\/td>\n<td style=\"text-align: center;\">&#8211;<\/td>\n<\/tr>\n<tr>\n<td height=\"20\">Hommikus\u00f6\u00f6k<\/td>\n<td style=\"text-align: center;\">&#8211;<\/td>\n<td style=\"text-align: center;\">6 EUR<\/td>\n<\/tr>\n<tr>\n<td height=\"20\">\u00a0<\/td>\n<td>\u00a0<\/td>\n<td>\u00a0<\/td>\n<\/tr>\n<tr>\n<td height=\"20\">HOSTELINAD<\/td>\n<td height=\"20\">hommikus\u00f6\u00f6giga<\/td>\n<td>hommikus\u00f6\u00f6gita<\/td>\n<\/tr>\n<tr>\n<td height=\"20\">Kahene tuba<\/td>\n<td style=\"text-align: center;\">al.\u00a0 41 EUR<\/td>\n<td style=\"text-align: center;\">al. 33 EUR<\/td>\n<\/tr>\n<tr>\n<td height=\"20\">\u00a0<\/td>\n<td>\u00a0<\/td>\n<td>\u00a0<\/td>\n<\/tr>\n<\/tbody>\n<\/table>\n<div style=\"color: #000;\">\n<div style=\"color: #000;\"><strong style=\"font-weight: 900 !important;\">Hommikuse hommikus\u00f6\u00f6gi hind on sama hommikul 6 \u20ac.<\/strong>\u00a0<\/div>\n<div style=\"color: #000;\"><em>* Kaheinimesevoodi kahe eraldi voodiga | Kaheinimesetuba, kus on \u00fcks suur voodi.<\/em><\/div>\n<div style=\"color: #000;\"><em>** Hinnad sisaldavad k\u00e4ibemaksu (9%).<\/em><\/div>\n<div style=\"color: #000;\"><strong style=\"font-weight: 900 !important;\">Check-in 14.00.<\/strong>Sisseregistreerimine 14.00. Varajane sisseregistreerimine on v\u00f5imalik eelneva kokkuleppe alusel.<\/div>\n<div style=\"color: #000;\"><strong style=\"font-weight: 900 !important;\">Check-out 12.00.<\/strong>\u00a0Hiline v\u00e4ljaregistreerimine on v\u00f5imalik eelneva kokkuleppe alusel.<\/div>\n<div style=\"color: #000;\">Hiline v\u00e4ljaregistreerimine kestab kuni kella 19.00. T\u00e4iendav tund maksab 5 eurot.Broneering tagatakse kuni kella 18.00ni. Hilinenud saabumise korral teavitage palun hotelli vastuv\u00f5ttu.<\/div>\n<\/div>\n<p>Asjad, mida teha Tartus?<\/p>\n<p>Lisateave Tartu kohta<\/p>\n<p>Aasia restoranis -20% allahindlus<\/p>\n<p>Lisateavet meie allahindluste ja pakkumiste kohta<\/p>\n<p><!-- {\"name\":\"FAQ\",\"type\":\"layout\",\"children\":[{\"name\":\"Price List\",\"type\":\"section\",\"props\":{\"width\":\"default\",\"padding\":\"large\",\"style\":\"default\",\"text_color\":\"\",\"media\":\"images\\\/home-header.jpg\",\"height_viewport\":true,\"header_overlay\":\"light\",\"image\":\"\",\"media_advanced\":true,\"image_size\":\"cover\",\"media_background\":null,\"media_overlay\":null,\"height\":\"percent\",\"animation\":\"\",\"header_transparent\":\"\",\"image_position\":\"center-right\",\"image_width\":\"\",\"image_height\":\"\",\"image_fixed\":false,\"media_blend_mode\":\"\",\"overlap\":false,\"padding_remove_bottom\":false,\"image_visibility\":\"s\",\"image_effect\":\"parallax\",\"image_parallax\":-540,\"padding_remove_top\":false,\"image_parallax_bgy_end\":\"\",\"image_parallax_bgy_start\":\"70\",\"image_parallax_bgx_start\":\"\",\"image_parallax_bgx_end\":\"\",\"image_parallax_breakpoint\":\"m\",\"vertical_align\":\"middle\",\"title_position\":\"top-left\",\"title_rotation\":\"left\",\"title_breakpoint\":\"xl\",\"id\":\"esimeneosasisu\",\"class\":\"esimeneosasisu\"},\"children\":[{\"name\":\"\",\"type\":\"row\",\"props\":{\"layout\":\"1-1\",\"breakpoint\":\"m\",\"fixed_width\":\"large\",\"margin\":\"large\",\"vertical_align\":false,\"match\":false,\"width\":\"expand\",\"gutter\":\"small\",\"divider\":false},\"children\":[{\"name\":\"\",\"type\":\"column\",\"props\":{\"image_position\":\"center-center\",\"widths\":[\"1-1\"],\"style\":\"\",\"image\":\"\",\"image_size\":\"cover\"},\"children\":[{\"name\":\"\",\"type\":\"html\",\"props\":{\"content\":\"\n\n<div class=\\\"yleminesisuleht\\\"><\\\/div>\"}},{\"name\":\"pealkirirooms\",\"type\":\"headline\",\"props\":{\"title_element\":\"h1\",\"content\":\"<strong><span lang=\\\"ru\\\">HINNAD<br \\\/><br \\\/><br \\\/>Hinnad v\\u00f5ivad varieeruda. Parima pakkumise saamiseks v\\u00f5tke \\u00fchendust meie administraatoriga.\\u00a0<br \\\/><br \\\/><a class=\\\"booknow-new\\\" href=\\\"https:\\\/\\\/online.bookvisit.com\\\/accommodation\\\/list?channelId=a859cae2-7a60-4636-ab43-5c03d0deeac5&amp;presentationType=Tiles\\\" target=\\\"_blank\\\" rel=\\\"noopener\\\">BRONEERI<\\\/a><br \\\/><br \\\/><a class=\\\"el-content uk-link-muted\\\" href=\\\"tel:+372 7400 674\\\">Telefon: +372 7400 674<\\\/a>\\u00a0 \\u00a0<a class=\\\"el-content uk-link-muted\\\" href=\\\"mailto:info@starest.ee\\\" target=\\\"_blank\\\" rel=\\\"noopener\\\">e-post: info@starest.ee<\\\/a><\\\/span><\\\/strong>\",\"title_style\":\"heading-hero\",\"text_align\":\"center\",\"text_align_fallback\":\"\",\"maxwidth\":\"\",\"maxwidth_align\":\"\",\"animation\":\"parallax\",\"text_align_breakpoint\":\"\",\"margin\":\"remove-vertical\",\"margin_remove_top\":false,\"margin_remove_bottom\":false,\"title_color\":\"\",\"parallax_y\":\"\",\"parallax_opacity\":\"\",\"parallax_velocity\":\"\",\"parallax_y_end\":\"-50\",\"parallax_breakpoint\":\"s\",\"id\":\"pealkirirooms\",\"class\":\"pealkirirooms\"}},{\"name\":\"\",\"type\":\"text\",\"props\":{\"column_breakpoint\":\"m\",\"margin\":\"large\",\"content\":\"\n\n<p>\\u00a0<\\\/p>\\n\n\n<table class=\\\"pricetable\\\" border=\\\"0\\\" width=\\\"100%\\\" cellspacing=\\\"5\\\" cellpadding=\\\"10\\\">\n\n<colgroup><\\\/colgroup>\\n\n\n<tbody>\\n\n\n<tr>\\n\n\n<td height=\\\"20\\\">\\u00a0<\\\/td>\\n\n\n<td>Hommikus\\u00f6\\u00f6giga<\\\/td>\\n\n\n<td>Hommikus\\u00f6\\u00f6gita<\\\/td>\\n<\\\/tr>\\n\n\n<tr>\\n\n\n<td height=\\\"20\\\">Standard \\u00fcheinimesetuba<\\\/td>\\n\n\n<td>al. 39 EUR<\\\/td>\\n\n\n<td style=\\\"text-align: center;\\\">al. 35 EUR<\\\/td>\\n<\\\/tr>\\n\n\n<tr>\\n\n\n<td height=\\\"20\\\">Standard kaheinimesetuba(Twin)<\\\/td>\\n\n\n<td>al. 49 EUR<\\\/td>\\n\n\n<td style=\\\"text-align: center;\\\">al. 41 EUR<\\\/td>\\n<\\\/tr>\\n\n\n<tr>\\n\n\n<td height=\\\"20\\\">Standard kaheinimesetuba(Double)<\\\/td>\\n\n\n<td>al. 49 EUR<\\\/td>\\n\n\n<td style=\\\"text-align: center;\\\">al. 41 EUR<\\\/td>\\n<\\\/tr>\\n\n\n<tr>\\n\n\n<td height=\\\"20\\\">Standard Kolmekohaline tuba<\\\/td>\\n\n\n<td>al. 65 EUR<\\\/td>\\n\n\n<td style=\\\"text-align: center;\\\">al. 53 EUR<\\\/td>\\n<\\\/tr>\\n\n\n<tr>\\n\n\n<td height=\\\"20\\\">Mugav kaheinimesetuba (1 kaheinimesevoodi)<\\\/td>\\n\n\n<td>al. 55 EUR<\\\/td>\\n\n\n<td style=\\\"text-align: center;\\\">-<\\\/td>\\n<\\\/tr>\\n\n\n<tr>\\n\n\n<td height=\\\"20\\\">\\n\n\n<p>Standard neljakordne tuba<\\\/p>\\n\n\n<p>Peretuba (1 suur kaheinimesevoodi ja 1 diivanvoodi)<\\\/p>\\n<\\\/td>\\n\n\n<td>\\n\n\n<p>al. 55 EUR<\\\/p>\\n\n\n<p>al. 69 EUR<\\\/p>\\n<\\\/td>\\n\n\n<td>\\n\n\n<p>\\u00a0 \\u00a0 \\u00a0 \\u00a0 \\u00a0 \\u00a0 \\u00a0 -<\\\/p>\\n\n\n<p>\\u00a0 \\u00a0 \\u00a0 \\u00a0 \\u00a0 \\u00a0 \\u00a0 -<\\\/p>\\n<\\\/td>\\n\n\n<td style=\\\"text-align: center;\\\">\\u00a0<\\\/td>\\n<\\\/tr>\\n\n\n<tr>\\n\n\n<td height=\\\"20\\\">Kahekohaline tuba ja sauna (sisaldab sauna\\u00a0 kasutamist 2 tundi) (1 kaheinimesevoodi)<\\\/td>\\n\n\n<td>al. 65 EUR<\\\/td>\\n\n\n<td style=\\\"text-align: center;\\\">-<\\\/td>\\n<\\\/tr>\\n\n\n<tr>\\n\n\n<td height=\\\"20\\\">Kaheinimesetuba, Double Jaccuzi (sisaldab ka 2-tunnist Jaccuzi kasutamist) (1kaheinimesevoodi)<\\\/td>\\n\n\n<td>al. 65 EUR<\\\/td>\\n\n\n<td style=\\\"text-align: center;\\\">-<\\\/td>\\n<\\\/tr>\\n\n\n<tr>\\n\n\n<td height=\\\"20\\\">\\n\n\n<p>Deluxe - Kaheinimesetuba, Double - Sauna ja mullivann (saab kasutada nii 2h)(2 eraldi magamistuba)<\\\/p>\\n<\\\/td>\\n\n\n<td>al. 75 EUR<\\\/td>\\n\n\n<td style=\\\"text-align: center;\\\">-<\\\/td>\\n<\\\/tr>\\n\n\n<tr>\\n\n\n<td height=\\\"20\\\">Saun v\\u00f5i Jaccuzi lisatund<\\\/td>\\n\n\n<td>\\u00a0 \\u00a0 \\u00a010\\u00a0EUR<\\\/td>\\n\n\n<td style=\\\"text-align: center;\\\">-<\\\/td>\\n<\\\/tr>\\n\n\n<tr>\\n\n\n<td height=\\\"20\\\">Lisavoodi<\\\/td>\\n\n\n<td>\\u00a0 \\u00a0 \\u00a017\\u00a0EUR<\\\/td>\\n\n\n<td style=\\\"text-align: center;\\\">-<\\\/td>\\n<\\\/tr>\\n\n\n<tr>\\n\n\n<td height=\\\"20\\\">Lemmikloom<\\\/td>\\n\n\n<td style=\\\"text-align: center;\\\">10 EUR\\u00a0 \\u00a0 \\u00a0 \\u00a0<\\\/td>\\n\n\n<td style=\\\"text-align: center;\\\">-<\\\/td>\\n<\\\/tr>\\n\n\n<tr>\\n\n\n<td height=\\\"20\\\">Hommikus\\u00f6\\u00f6k<\\\/td>\\n\n\n<td style=\\\"text-align: center;\\\">-<\\\/td>\\n\n\n<td style=\\\"text-align: center;\\\">6 EUR<\\\/td>\\n<\\\/tr>\\n\n\n<tr>\\n\n\n<td height=\\\"20\\\">\\u00a0<\\\/td>\\n\n\n<td>\\u00a0<\\\/td>\\n\n\n<td>\\u00a0<\\\/td>\\n<\\\/tr>\\n\n\n<tr>\\n\n\n<td height=\\\"20\\\">HOSTELINAD<\\\/td>\\n\n\n<td height=\\\"20\\\">hommikus\\u00f6\\u00f6giga<\\\/td>\\n\n\n<td>hommikus\\u00f6\\u00f6gita<\\\/td>\\n<\\\/tr>\\n\n\n<tr>\\n\n\n<td height=\\\"20\\\">Kahene tuba<\\\/td>\\n\n\n<td style=\\\"text-align: center;\\\">al.\\u00a0 41 EUR<\\\/td>\\n\n\n<td style=\\\"text-align: center;\\\">al. 33 EUR<\\\/td>\\n<\\\/tr>\\n\n\n<tr>\\n\n\n<td height=\\\"20\\\">\\u00a0<\\\/td>\\n\n\n<td>\\u00a0<\\\/td>\\n\n\n<td>\\u00a0<\\\/td>\\n<\\\/tr>\\n<\\\/tbody>\\n<\\\/table>\",\"column\":\"\",\"text_size\":\"\",\"text_style\":\"lead\",\"text_align\":\"left\",\"maxwidth\":\"\",\"id\":\"\",\"animation\":\"parallax\",\"parallax_y\":\"\",\"parallax_velocity\":\"\",\"parallax_opacity\":\"\",\"parallax_y_end\":\"-50\",\"parallax_breakpoint\":\"s\"}}]}]}]},{\"name\":\"Additional Information\",\"type\":\"section\",\"props\":{\"width\":\"\",\"padding\":\"none\",\"style\":\"default\",\"text_color\":\"\",\"media\":\"\",\"height_viewport\":false,\"header_overlay\":\"light\",\"animation\":\"\",\"padding_remove_top\":false,\"image_size\":\"cover\",\"image_position\":\"center-center\",\"vertical_align\":\"middle\",\"title_position\":\"top-left\",\"title_rotation\":\"left\",\"title_breakpoint\":\"xl\",\"header_transparent\":\"\",\"animation_delay\":false},\"children\":[{\"name\":\"\",\"type\":\"row\",\"props\":{\"layout\":\"1-1\",\"breakpoint\":\"\",\"margin\":\"small\",\"fixed_width\":\"large\",\"width\":\"\",\"vertical_align\":false,\"match\":false,\"gutter\":\"collapse\"},\"children\":[{\"name\":\"\",\"type\":\"column\",\"props\":{\"image_position\":\"center-right\",\"widths\":[\"1-1\"],\"image\":\"\",\"image_width\":\"700\",\"image_height\":\"470\",\"style\":\"secondary\",\"preserve_color\":false,\"padding\":\"large\",\"image_size\":\"contain\"},\"children\":[{\"name\":\"\",\"type\":\"text\",\"props\":{\"margin\":\"default\",\"column_breakpoint\":\"m\",\"content\":\"\n\n<div style=\\\"color: #000;\\\">\\n\n\n<div style=\\\"color: #000;\\\"><strong style=\\\"font-weight: 900 !important;\\\">Hommikuse hommikus\\u00f6\\u00f6gi hind on sama hommikul 6 \\u20ac.<\\\/strong>\\u00a0<\\\/div>\\n\n\n<div style=\\\"color: #000;\\\"><em>* Kaheinimesevoodi kahe eraldi voodiga | Kaheinimesetuba, kus on \\u00fcks suur voodi.<\\\/em><\\\/div>\\n\n\n<div style=\\\"color: #000;\\\"><em>** Hinnad sisaldavad k\\u00e4ibemaksu (9%).<\\\/em><\\\/div>\\n\n\n<div style=\\\"color: #000;\\\"><strong style=\\\"font-weight: 900 !important;\\\">Check-in 14.00.<\\\/strong>Sisseregistreerimine 14.00. Varajane sisseregistreerimine on v\\u00f5imalik eelneva kokkuleppe alusel.<\\\/div>\\n\n\n<div style=\\\"color: #000;\\\"><strong style=\\\"font-weight: 900 !important;\\\">Check-out 12.00.<\\\/strong>\\u00a0Hiline v\\u00e4ljaregistreerimine on v\\u00f5imalik eelneva kokkuleppe alusel.<\\\/div>\\n\n\n<div style=\\\"color: #000;\\\">Hiline v\\u00e4ljaregistreerimine kestab kuni kella 19.00. T\\u00e4iendav tund maksab 5 eurot.Broneering tagatakse kuni kella 18.00ni. Hilinenud saabumise korral teavitage palun hotelli vastuv\\u00f5ttu.<\\\/div>\\n<\\\/div>\"}}]}]}]},{\"name\":\"Activities in Tartu & Packages & Offers\",\"type\":\"section\",\"props\":{\"width\":\"\",\"padding\":\"none\",\"style\":\"default\",\"text_color\":\"\",\"media\":\"\",\"height_viewport\":false,\"header_overlay\":\"light\",\"animation\":\"slide-top-small\",\"padding_remove_top\":false,\"image_size\":\"cover\",\"image_position\":\"center-center\",\"vertical_align\":\"middle\",\"title_position\":\"top-left\",\"title_rotation\":\"left\",\"title_breakpoint\":\"xl\",\"header_transparent\":\"\"},\"children\":[{\"name\":\"\",\"type\":\"row\",\"props\":{\"layout\":\",\",\"breakpoint\":\"m\",\"margin\":\"small\",\"fixed_width\":\"large\",\"width\":\"\",\"vertical_align\":false,\"match\":false,\"gutter\":\"collapse\"},\"children\":[{\"name\":\"\",\"type\":\"column\",\"props\":{\"image_position\":\"center-center\",\"widths\":[\"\"],\"image\":\"wp-content\\\/uploads\\\/starest-things-to-do-in-tartu.jpg\",\"image_width\":\"700\",\"image_height\":\"470\",\"style\":\"\",\"preserve_color\":false,\"padding\":\"large\",\"image_size\":\"cover\"},\"children\":[{\"name\":\"\",\"type\":\"headline\",\"props\":{\"title_element\":\"h2\",\"content\":\"Asjad, mida teha Tartus?\",\"title_style\":\"heading-primary\",\"animation\":\"parallax\",\"parallax_y_end\":\"-50\",\"margin\":\"small\",\"parallax_breakpoint\":\"m\",\"maxwidth\":\"xxlarge\",\"maxwidth_align\":\"center\"}},{\"name\":\"\",\"type\":\"button\",\"props\":{\"gutter\":\"small\",\"margin\":\"remove-vertical\",\"button_size\":\"\",\"animation\":\"parallax\",\"parallax_y_end\":\"-50\",\"parallax_breakpoint\":\"m\",\"maxwidth\":\"xxlarge\",\"maxwidth_align\":\"center\"},\"children\":[{\"name\":\"\",\"type\":\"button_item\",\"props\":{\"button_style\":\"text\",\"icon_align\":\"left\",\"content\":\"Lisateave Tartu kohta\",\"link\":\"http:\\\/\\\/citystop.ee\\\/kontakt\\\/tegevused-tartus\\\/\"}}]}]},{\"name\":\"\",\"type\":\"column\",\"props\":{\"image_position\":\"center-center\",\"widths\":[\"\"],\"image\":\"\",\"image_width\":\"100%\",\"image_height\":\"auto\",\"image_size\":\"cover\",\"padding\":\"large\",\"style\":\"primary\",\"preserve_color\":false},\"children\":[{\"name\":\"\",\"type\":\"headline\",\"props\":{\"title_element\":\"h2\",\"content\":\"Aasia restoranis -20% allahindlus\",\"title_style\":\"heading-primary\",\"animation\":\"parallax\",\"parallax_y_end\":\"-50\",\"margin\":\"small\",\"parallax_breakpoint\":\"m\",\"maxwidth\":\"xxlarge\",\"maxwidth_align\":\"center\"}},{\"name\":\"\",\"type\":\"button\",\"props\":{\"gutter\":\"small\",\"margin\":\"remove-vertical\",\"button_size\":\"\",\"animation\":\"parallax\",\"parallax_y_end\":\"-50\",\"parallax_breakpoint\":\"m\",\"maxwidth\":\"xxlarge\",\"maxwidth_align\":\"center\"},\"children\":[{\"name\":\"\",\"type\":\"button_item\",\"props\":{\"button_style\":\"text\",\"icon_align\":\"left\",\"content\":\"Lisateavet meie allahindluste ja pakkumiste kohta\",\"link\":\"http:\\\/\\\/citystop.ee\\\/pakkumised\\\/\"}}]}]}]}]}]} --><\/p>\n","protected":false},"excerpt":{"rendered":"<p>HINNAD Hinnad v\u00f5ivad varieeruda. Parima pakkumise saamiseks v\u00f5tke \u00fchendust meie administraatoriga.\u00a0 BRONEERI Telefon: +372 7400 674\u00a0 \u00a0e-post: info@starest.ee \u00a0 \u00a0 Hommikus\u00f6\u00f6giga Hommikus\u00f6\u00f6gita Standard \u00fcheinimesetuba al. 39 EUR al. 35 EUR Standard kaheinimesetuba(Twin) al. 49 EUR al. 41 EUR Standard kaheinimesetuba(Double) al. 49 EUR al. 41 EUR Standard Kolmekohaline tuba al. 65 EUR al. 53 EUR [&hellip;]<\/p>\n","protected":false},"author":1,"featured_media":0,"parent":2673,"menu_order":9,"comment_status":"closed","ping_status":"closed","template":"","meta":{"_acf_changed":false,"footnotes":""},"class_list":["post-2655","page","type-page","status-publish","hentry"],"acf":[],"yoast_head":"<!-- This site is optimized with the Yoast SEO plugin v27.4 - https:\/\/yoast.com\/product\/yoast-seo-wordpress\/ -->\n<title>Accomodation Prices - CITYSTOP<\/title>\n<meta name=\"robots\" content=\"index, follow, max-snippet:-1, max-image-preview:large, max-video-preview:-1\" \/>\n<link rel=\"canonical\" href=\"https:\/\/citystop.ee\/en\/prices\/accomodation-prices\/\" \/>\n<meta property=\"og:locale\" content=\"en_US\" \/>\n<meta property=\"og:type\" content=\"article\" \/>\n<meta property=\"og:title\" content=\"Accomodation Prices - CITYSTOP\" \/>\n<meta property=\"og:description\" content=\"HINNAD Hinnad v\u00f5ivad varieeruda. Parima pakkumise saamiseks v\u00f5tke \u00fchendust meie administraatoriga.\u00a0 BRONEERI Telefon: +372 7400 674\u00a0 \u00a0e-post: info@starest.ee \u00a0 \u00a0 Hommikus\u00f6\u00f6giga Hommikus\u00f6\u00f6gita Standard \u00fcheinimesetuba al. 39 EUR al. 35 EUR Standard kaheinimesetuba(Twin) al. 49 EUR al. 41 EUR Standard kaheinimesetuba(Double) al. 49 EUR al. 41 EUR Standard Kolmekohaline tuba al. 65 EUR al. 53 EUR [&hellip;]\" \/>\n<meta property=\"og:url\" content=\"https:\/\/citystop.ee\/en\/prices\/accomodation-prices\/\" \/>\n<meta property=\"og:site_name\" content=\"CITYSTOP\" \/>\n<meta property=\"article:modified_time\" content=\"2024-04-11T08:24:36+00:00\" \/>\n<meta name=\"twitter:card\" content=\"summary_large_image\" \/>\n<meta name=\"twitter:label1\" content=\"Est. reading time\" \/>\n\t<meta name=\"twitter:data1\" content=\"1 minute\" \/>\n<script type=\"application\/ld+json\" class=\"yoast-schema-graph\">{\"@context\":\"https:\\\/\\\/schema.org\",\"@graph\":[{\"@type\":\"WebPage\",\"@id\":\"https:\\\/\\\/citystop.ee\\\/en\\\/prices\\\/accomodation-prices\\\/\",\"url\":\"https:\\\/\\\/citystop.ee\\\/en\\\/prices\\\/accomodation-prices\\\/\",\"name\":\"Accomodation Prices - CITYSTOP\",\"isPartOf\":{\"@id\":\"https:\\\/\\\/citystop.ee\\\/en\\\/#website\"},\"datePublished\":\"2017-09-18T00:58:25+00:00\",\"dateModified\":\"2024-04-11T08:24:36+00:00\",\"breadcrumb\":{\"@id\":\"https:\\\/\\\/citystop.ee\\\/en\\\/prices\\\/accomodation-prices\\\/#breadcrumb\"},\"inLanguage\":\"en-US\",\"potentialAction\":[{\"@type\":\"ReadAction\",\"target\":[\"https:\\\/\\\/citystop.ee\\\/en\\\/prices\\\/accomodation-prices\\\/\"]}]},{\"@type\":\"BreadcrumbList\",\"@id\":\"https:\\\/\\\/citystop.ee\\\/en\\\/prices\\\/accomodation-prices\\\/#breadcrumb\",\"itemListElement\":[{\"@type\":\"ListItem\",\"position\":1,\"name\":\"Home\",\"item\":\"https:\\\/\\\/citystop.ee\\\/en\\\/\"},{\"@type\":\"ListItem\",\"position\":2,\"name\":\"Prices\",\"item\":\"https:\\\/\\\/citystop.ee\\\/en\\\/prices\\\/\"},{\"@type\":\"ListItem\",\"position\":3,\"name\":\"Accomodation Prices\"}]},{\"@type\":\"WebSite\",\"@id\":\"https:\\\/\\\/citystop.ee\\\/en\\\/#website\",\"url\":\"https:\\\/\\\/citystop.ee\\\/en\\\/\",\"name\":\"CITYSTOP\",\"description\":\"Parima hinna ja kvaliteedi suhtega majutus Tartus\",\"potentialAction\":[{\"@type\":\"SearchAction\",\"target\":{\"@type\":\"EntryPoint\",\"urlTemplate\":\"https:\\\/\\\/citystop.ee\\\/en\\\/?s={search_term_string}\"},\"query-input\":{\"@type\":\"PropertyValueSpecification\",\"valueRequired\":true,\"valueName\":\"search_term_string\"}}],\"inLanguage\":\"en-US\"}]}<\/script>\n<!-- \/ Yoast SEO plugin. -->","yoast_head_json":{"title":"Accomodation Prices - CITYSTOP","robots":{"index":"index","follow":"follow","max-snippet":"max-snippet:-1","max-image-preview":"max-image-preview:large","max-video-preview":"max-video-preview:-1"},"canonical":"https:\/\/citystop.ee\/en\/prices\/accomodation-prices\/","og_locale":"en_US","og_type":"article","og_title":"Accomodation Prices - CITYSTOP","og_description":"HINNAD Hinnad v\u00f5ivad varieeruda. Parima pakkumise saamiseks v\u00f5tke \u00fchendust meie administraatoriga.\u00a0 BRONEERI Telefon: +372 7400 674\u00a0 \u00a0e-post: info@starest.ee \u00a0 \u00a0 Hommikus\u00f6\u00f6giga Hommikus\u00f6\u00f6gita Standard \u00fcheinimesetuba al. 39 EUR al. 35 EUR Standard kaheinimesetuba(Twin) al. 49 EUR al. 41 EUR Standard kaheinimesetuba(Double) al. 49 EUR al. 41 EUR Standard Kolmekohaline tuba al. 65 EUR al. 53 EUR [&hellip;]","og_url":"https:\/\/citystop.ee\/en\/prices\/accomodation-prices\/","og_site_name":"CITYSTOP","article_modified_time":"2024-04-11T08:24:36+00:00","twitter_card":"summary_large_image","twitter_misc":{"Est. reading time":"1 minute"},"schema":{"@context":"https:\/\/schema.org","@graph":[{"@type":"WebPage","@id":"https:\/\/citystop.ee\/en\/prices\/accomodation-prices\/","url":"https:\/\/citystop.ee\/en\/prices\/accomodation-prices\/","name":"Accomodation Prices - CITYSTOP","isPartOf":{"@id":"https:\/\/citystop.ee\/en\/#website"},"datePublished":"2017-09-18T00:58:25+00:00","dateModified":"2024-04-11T08:24:36+00:00","breadcrumb":{"@id":"https:\/\/citystop.ee\/en\/prices\/accomodation-prices\/#breadcrumb"},"inLanguage":"en-US","potentialAction":[{"@type":"ReadAction","target":["https:\/\/citystop.ee\/en\/prices\/accomodation-prices\/"]}]},{"@type":"BreadcrumbList","@id":"https:\/\/citystop.ee\/en\/prices\/accomodation-prices\/#breadcrumb","itemListElement":[{"@type":"ListItem","position":1,"name":"Home","item":"https:\/\/citystop.ee\/en\/"},{"@type":"ListItem","position":2,"name":"Prices","item":"https:\/\/citystop.ee\/en\/prices\/"},{"@type":"ListItem","position":3,"name":"Accomodation Prices"}]},{"@type":"WebSite","@id":"https:\/\/citystop.ee\/en\/#website","url":"https:\/\/citystop.ee\/en\/","name":"CITYSTOP","description":"Parima hinna ja kvaliteedi suhtega majutus Tartus","potentialAction":[{"@type":"SearchAction","target":{"@type":"EntryPoint","urlTemplate":"https:\/\/citystop.ee\/en\/?s={search_term_string}"},"query-input":{"@type":"PropertyValueSpecification","valueRequired":true,"valueName":"search_term_string"}}],"inLanguage":"en-US"}]}},"_links":{"self":[{"href":"https:\/\/citystop.ee\/en\/wp-json\/wp\/v2\/pages\/2655","targetHints":{"allow":["GET"]}}],"collection":[{"href":"https:\/\/citystop.ee\/en\/wp-json\/wp\/v2\/pages"}],"about":[{"href":"https:\/\/citystop.ee\/en\/wp-json\/wp\/v2\/types\/page"}],"author":[{"embeddable":true,"href":"https:\/\/citystop.ee\/en\/wp-json\/wp\/v2\/users\/1"}],"replies":[{"embeddable":true,"href":"https:\/\/citystop.ee\/en\/wp-json\/wp\/v2\/comments?post=2655"}],"version-history":[{"count":2,"href":"https:\/\/citystop.ee\/en\/wp-json\/wp\/v2\/pages\/2655\/revisions"}],"predecessor-version":[{"id":7054,"href":"https:\/\/citystop.ee\/en\/wp-json\/wp\/v2\/pages\/2655\/revisions\/7054"}],"up":[{"embeddable":true,"href":"https:\/\/citystop.ee\/en\/wp-json\/wp\/v2\/pages\/2673"}],"wp:attachment":[{"href":"https:\/\/citystop.ee\/en\/wp-json\/wp\/v2\/media?parent=2655"}],"curies":[{"name":"wp","href":"https:\/\/api.w.org\/{rel}","templated":true}]}}