{"id":2547,"date":"2017-11-02T16:29:44","date_gmt":"2017-11-02T16:29:44","guid":{"rendered":"http:\/\/citystop.ee\/komandeering\/"},"modified":"2024-04-11T11:24:33","modified_gmt":"2024-04-11T08:24:33","slug":"komandeering-2","status":"publish","type":"page","link":"https:\/\/citystop.ee\/en\/packages\/komandeering-2\/","title":{"rendered":"Komandeeringupakett spordiklubi k\u00fclastusega"},"content":{"rendered":"<p><div class=\"yleminesisuleht\"><\/div>\n<\/p>\n<p>Komandeeringupakett spordiklubi k\u00fclastusega<\/p>\n<p><strong style=\"font-weight: 900 !important;\">Kestvus:<\/strong> <em><strong style=\"font-weight: 900 !important; color: #e0c166 !important;\">1 \u00f6\u00f6 ja 2 p\u00e4eva<\/strong><\/em> <strong style=\"font-weight: 900 !important;\">Hind:<\/strong>\u00a0<strong>1 t\u00e4iskasvanu<\/strong>\u00a0<em><strong style=\"font-weight: 900 !important; color: #e0c166 !important;\">39\u20ac\u00a0<\/strong><\/em><\/p>\n<p><strong>\u00a02\u00a0t\u00e4iskasvanut\u00a0<em><strong style=\"font-weight: 900 !important; color: #e0c166 !important;\">49\u20ac\u00a0<\/strong><\/em><\/strong><\/p>\n<p><strong style=\"font-weight: 900 !important;\">Komandeeringupakett sisaldab:<\/strong><\/p>\n<ul>\n<li>Majutus comfort toas<\/li>\n<li>Hommikus\u00f6\u00f6k<\/li>\n<li>P\u00e4\u00e4se spordiklubisse<em> <a class=\"packagea\" href=\"http:\/\/fitlife.ee\/eeden\/\" target=\"_blank\" rel=\"noopener\"><span style=\"font-weight: 900 !important;\">Fitlife<\/span><\/a><\/em><\/li>\n<li><em>\u00a0<\/em>Tasuta kiire WIFI<\/li>\n<li>\u00a0Tasuta parkimine<\/li>\n<\/ul>\n<p>Tule ja tunne ennast mugavalt ka t\u00f6\u00f6reisil olles!<\/p>\n<p>Lisainformatsiooni soovi korral helistage meile numbril <a href=\"tel:003727400674\" target=\"_parent\"><strong style=\"font-weight: 900 !important;\">+372 7400 674<\/strong><\/a> v\u00f5i saatke e-kiri aadressile: <a href=\"mailto:info@starest.ee\" target=\"_blank\" rel=\"noopener\"><strong style=\"font-weight: 900 !important;\">info@starest.ee<\/strong><\/a>\u00a0<\/p>\n<p><a href=\"\/?page_id=21\"><strong>PAKETTI ON V\u00d5IMALIK TELLIDA KA GRUPPIDELE!<\/strong><\/a><\/p>\n<p>Mida Tartus teha?<\/p>\n<p>Lugege l\u00e4hemalt tegevuste kohta Tartus<\/p>\n<p>Hilise saabuja soodustus <strong style=\"font-weight: 900 !important; color: #e0c166 !important;\">-20%<\/strong><\/p>\n<p>Lugege meie soodustuste ning allahindluste kohta siit<\/p>\n<p><!-- {\"name\":\"FAQ\",\"type\":\"layout\",\"children\":[{\"name\":\"Intro text\",\"type\":\"section\",\"props\":{\"width\":\"default\",\"padding\":\"large\",\"style\":\"default\",\"text_color\":\"\",\"media\":\"images\\\/home-header.jpg\",\"height_viewport\":true,\"header_overlay\":\"light\",\"image\":\"\",\"media_advanced\":true,\"image_size\":\"cover\",\"media_background\":null,\"media_overlay\":null,\"height\":\"percent\",\"animation\":\"\",\"header_transparent\":\"\",\"image_position\":\"center-right\",\"image_width\":\"\",\"image_height\":\"\",\"image_fixed\":false,\"media_blend_mode\":\"\",\"overlap\":false,\"padding_remove_bottom\":false,\"image_visibility\":\"s\",\"image_effect\":\"parallax\",\"image_parallax\":-540,\"padding_remove_top\":false,\"image_parallax_bgy_end\":\"\",\"image_parallax_bgy_start\":\"70\",\"image_parallax_bgx_start\":\"\",\"image_parallax_bgx_end\":\"\",\"image_parallax_breakpoint\":\"m\",\"vertical_align\":\"middle\",\"title_position\":\"top-left\",\"title_rotation\":\"left\",\"title_breakpoint\":\"xl\",\"id\":\"esimeneosasisu\",\"class\":\"esimeneosasisu\"},\"children\":[{\"name\":\"\",\"type\":\"row\",\"props\":{\"layout\":\"1-1\",\"breakpoint\":\"m\",\"fixed_width\":\"large\",\"margin\":\"large\",\"vertical_align\":false,\"match\":false,\"width\":\"expand\",\"gutter\":\"small\",\"divider\":false},\"children\":[{\"name\":\"\",\"type\":\"column\",\"props\":{\"image_position\":\"center-center\",\"widths\":[\"1-1\"],\"style\":\"\",\"image\":\"\",\"image_size\":\"cover\"},\"children\":[{\"name\":\"\",\"type\":\"html\",\"props\":{\"content\":\"\n\n<div class=\\\"yleminesisuleht\\\"><\\\/div>\"}},{\"name\":\"pealkirirooms\",\"type\":\"headline\",\"props\":{\"title_element\":\"h1\",\"content\":\"Komandeeringupakett spordiklubi k\\u00fclastusega\",\"title_style\":\"heading-hero\",\"text_align\":\"center\",\"text_align_fallback\":\"\",\"maxwidth\":\"\",\"maxwidth_align\":\"\",\"animation\":\"parallax\",\"text_align_breakpoint\":\"\",\"margin\":\"remove-vertical\",\"margin_remove_top\":false,\"margin_remove_bottom\":false,\"title_color\":\"\",\"parallax_y\":\"\",\"parallax_opacity\":\"\",\"parallax_velocity\":\"\",\"parallax_y_end\":\"-50\",\"parallax_breakpoint\":\"s\",\"id\":\"pealkirirooms\",\"class\":\"pealkirirooms\",\"link\":\"http:\\\/\\\/citystop.ee\\\/paketid\\\/komandeering\\\/\"}},{\"name\":\"\",\"type\":\"image\",\"props\":{\"margin\":\"default\",\"image\":\"wp-content\\\/uploads\\\/komandeering1.jpg\",\"image_width\":\"100%\",\"image_height\":\"\",\"link\":\"http:\\\/\\\/citystop.ee\\\/paketid\\\/komandeering\\\/\"}}]}]},{\"name\":\"\",\"type\":\"row\",\"props\":{\"fixed_width\":\"large\",\"breakpoint\":\"m\",\"layout\":\",\"},\"children\":[{\"name\":\"\",\"type\":\"column\",\"props\":{\"widths\":[\"\"],\"image_position\":\"center-center\",\"style\":\"primary\"},\"children\":[{\"name\":\"\",\"type\":\"text\",\"props\":{\"margin\":\"default\",\"column_breakpoint\":\"m\",\"content\":\"\n\n<p><strong style=\\\"font-weight: 900 !important;\\\">Kestvus:<\\\/strong> <em><strong style=\\\"font-weight: 900 !important; color: #e0c166 !important;\\\">1 \\u00f6\\u00f6 ja 2 p\\u00e4eva<\\\/strong><\\\/em> <strong style=\\\"font-weight: 900 !important;\\\">Hind:<\\\/strong>\\u00a0<strong>1 t\\u00e4iskasvanu<\\\/strong>\\u00a0<em><strong style=\\\"font-weight: 900 !important; color: #e0c166 !important;\\\">39\\u20ac\\u00a0<\\\/strong><\\\/em><\\\/p>\\n\n\n<p><strong>\\u00a02\\u00a0t\\u00e4iskasvanut\\u00a0<em><strong style=\\\"font-weight: 900 !important; color: #e0c166 !important;\\\">49\\u20ac\\u00a0<\\\/strong><\\\/em><\\\/strong><\\\/p>\\n\n\n<p><strong style=\\\"font-weight: 900 !important;\\\">Komandeeringupakett sisaldab:<\\\/strong><\\\/p>\\n\n\n<ul>\\n\n\n<li>Majutus comfort toas<\\\/li>\\n\n\n<li>Hommikus\\u00f6\\u00f6k<\\\/li>\\n\n\n<li>P\\u00e4\\u00e4se spordiklubisse<em> <a class=\\\"packagea\\\" href=\\\"http:\\\/\\\/fitlife.ee\\\/eeden\\\/\\\" target=\\\"_blank\\\" rel=\\\"noopener\\\"><span style=\\\"font-weight: 900 !important;\\\">Fitlife<\\\/span><\\\/a><\\\/em><\\\/li>\\n\n\n<li><em>\\u00a0<\\\/em>Tasuta kiire WIFI<\\\/li>\\n\n\n<li>\\u00a0Tasuta parkimine<\\\/li>\\n<\\\/ul>\"}}]},{\"name\":\"\",\"type\":\"column\",\"props\":{\"widths\":[\"\"],\"image_position\":\"center-center\",\"style\":\"secondary\"},\"children\":[{\"name\":\"\",\"type\":\"text\",\"props\":{\"column_breakpoint\":\"m\",\"margin\":\"large\",\"content\":\"\n\n<p>Tule ja tunne ennast mugavalt ka t\\u00f6\\u00f6reisil olles!<\\\/p>\\n\n\n<p>Lisainformatsiooni soovi korral helistage meile numbril <a href=\\\"tel:003727400674\\\" target=\\\"_parent\\\"><strong style=\\\"font-weight: 900 !important;\\\">+372 7400 674<\\\/strong><\\\/a> v\\u00f5i saatke e-kiri aadressile: <a href=\\\"mailto:info@starest.ee\\\" target=\\\"_blank\\\" rel=\\\"noopener\\\"><strong style=\\\"font-weight: 900 !important;\\\">info@starest.ee<\\\/strong><\\\/a>\\u00a0<\\\/p>\\n\n\n<p><a href=\\\"http:\\\/\\\/citystop.ee\\\/kontakt\\\/\\\"><strong>PAKETTI ON V\\u00d5IMALIK TELLIDA KA GRUPPIDELE!<\\\/strong><\\\/a><\\\/p>\",\"column\":\"\",\"text_size\":\"\",\"text_style\":\"lead\",\"text_align\":\"center\",\"maxwidth\":\"\",\"id\":\"\",\"animation\":\"parallax\",\"parallax_y\":\"\",\"parallax_velocity\":\"\",\"parallax_opacity\":\"\",\"parallax_y_end\":\"-50\",\"parallax_breakpoint\":\"s\"}}]}]}]},{\"name\":\"Activities in Tartu & Packages & Offers\",\"type\":\"section\",\"props\":{\"width\":\"\",\"padding\":\"none\",\"style\":\"default\",\"text_color\":\"\",\"media\":\"\",\"height_viewport\":false,\"header_overlay\":\"light\",\"animation\":\"slide-top-small\",\"padding_remove_top\":false,\"image_size\":\"cover\",\"image_position\":\"center-center\",\"vertical_align\":\"middle\",\"title_position\":\"top-left\",\"title_rotation\":\"left\",\"title_breakpoint\":\"xl\",\"header_transparent\":\"\"},\"children\":[{\"name\":\"\",\"type\":\"row\",\"props\":{\"layout\":\",\",\"breakpoint\":\"m\",\"margin\":\"small\",\"fixed_width\":\"large\",\"width\":\"\",\"vertical_align\":false,\"match\":false,\"gutter\":\"collapse\"},\"children\":[{\"name\":\"\",\"type\":\"column\",\"props\":{\"image_position\":\"center-center\",\"widths\":[\"\"],\"image\":\"wp-content\\\/uploads\\\/starest-things-to-do-in-tartu.jpg\",\"image_width\":\"700\",\"image_height\":\"470\",\"style\":\"\",\"preserve_color\":false,\"padding\":\"large\",\"image_size\":\"cover\"},\"children\":[{\"name\":\"\",\"type\":\"headline\",\"props\":{\"title_element\":\"h2\",\"content\":\"Mida Tartus teha?\",\"title_style\":\"heading-primary\",\"animation\":\"parallax\",\"parallax_y_end\":\"-50\",\"margin\":\"small\",\"parallax_breakpoint\":\"m\",\"maxwidth\":\"xxlarge\",\"maxwidth_align\":\"center\"}},{\"name\":\"\",\"type\":\"button\",\"props\":{\"gutter\":\"small\",\"margin\":\"remove-vertical\",\"button_size\":\"\",\"animation\":\"parallax\",\"parallax_y_end\":\"-50\",\"parallax_breakpoint\":\"m\",\"maxwidth\":\"xxlarge\",\"maxwidth_align\":\"center\"},\"children\":[{\"name\":\"\",\"type\":\"button_item\",\"props\":{\"button_style\":\"text\",\"icon_align\":\"left\",\"content\":\"Lugege l\\u00e4hemalt tegevuste kohta Tartus\",\"link\":\"\\\/kontakt\\\/tegevused-tartus\"}}]}]},{\"name\":\"\",\"type\":\"column\",\"props\":{\"image_position\":\"center-center\",\"widths\":[\"\"],\"image\":\"\",\"image_width\":\"100%\",\"image_height\":\"auto\",\"image_size\":\"cover\",\"padding\":\"large\",\"style\":\"primary\",\"preserve_color\":false},\"children\":[{\"name\":\"\",\"type\":\"headline\",\"props\":{\"title_element\":\"h2\",\"content\":\"Hilise saabuja soodustus <strong style=\\\"font-weight: 900 !important; color: #e0c166 !important;\\\">-20%<\\\/strong>\",\"title_style\":\"heading-primary\",\"animation\":\"parallax\",\"parallax_y_end\":\"-50\",\"margin\":\"small\",\"parallax_breakpoint\":\"m\",\"maxwidth\":\"xxlarge\",\"maxwidth_align\":\"center\"}},{\"name\":\"\",\"type\":\"button\",\"props\":{\"gutter\":\"small\",\"margin\":\"remove-vertical\",\"button_size\":\"\",\"animation\":\"parallax\",\"parallax_y_end\":\"-50\",\"parallax_breakpoint\":\"m\",\"maxwidth\":\"xxlarge\",\"maxwidth_align\":\"center\"},\"children\":[{\"name\":\"\",\"type\":\"button_item\",\"props\":{\"button_style\":\"text\",\"icon_align\":\"left\",\"content\":\"Lugege meie soodustuste ning allahindluste kohta siit\",\"link\":\"\\\/en\\\/prices\\\/discounts\"}}]}]}]}]}]} --><\/p>\n","protected":false},"excerpt":{"rendered":"<p>Komandeeringupakett spordiklubi k\u00fclastusega Kestvus: 1 \u00f6\u00f6 ja 2 p\u00e4eva Hind:\u00a01 t\u00e4iskasvanu\u00a039\u20ac\u00a0 \u00a02\u00a0t\u00e4iskasvanut\u00a049\u20ac\u00a0 Komandeeringupakett sisaldab: Majutus comfort toas Hommikus\u00f6\u00f6k P\u00e4\u00e4se spordiklubisse Fitlife \u00a0Tasuta kiire WIFI \u00a0Tasuta parkimine Tule ja tunne ennast mugavalt ka t\u00f6\u00f6reisil olles! Lisainformatsiooni soovi korral helistage meile numbril +372 7400 674 v\u00f5i saatke e-kiri aadressile: info@starest.ee\u00a0 PAKETTI ON V\u00d5IMALIK TELLIDA KA GRUPPIDELE! Mida [&hellip;]<\/p>\n","protected":false},"author":1,"featured_media":0,"parent":2662,"menu_order":9,"comment_status":"closed","ping_status":"closed","template":"","meta":{"_acf_changed":false,"footnotes":""},"class_list":["post-2547","page","type-page","status-publish","hentry"],"acf":[],"yoast_head":"<!-- This site is optimized with the Yoast SEO plugin v27.4 - https:\/\/yoast.com\/product\/yoast-seo-wordpress\/ -->\n<title>Komandeeringupakett spordiklubi k\u00fclastusega - CITYSTOP<\/title>\n<meta name=\"robots\" content=\"index, follow, max-snippet:-1, max-image-preview:large, max-video-preview:-1\" \/>\n<link rel=\"canonical\" href=\"https:\/\/citystop.ee\/en\/packages\/komandeering-2\/\" \/>\n<meta property=\"og:locale\" content=\"en_US\" \/>\n<meta property=\"og:type\" content=\"article\" \/>\n<meta property=\"og:title\" content=\"Komandeeringupakett spordiklubi k\u00fclastusega - CITYSTOP\" \/>\n<meta property=\"og:description\" content=\"Komandeeringupakett spordiklubi k\u00fclastusega Kestvus: 1 \u00f6\u00f6 ja 2 p\u00e4eva Hind:\u00a01 t\u00e4iskasvanu\u00a039\u20ac\u00a0 \u00a02\u00a0t\u00e4iskasvanut\u00a049\u20ac\u00a0 Komandeeringupakett sisaldab: Majutus comfort toas Hommikus\u00f6\u00f6k P\u00e4\u00e4se spordiklubisse Fitlife \u00a0Tasuta kiire WIFI \u00a0Tasuta parkimine Tule ja tunne ennast mugavalt ka t\u00f6\u00f6reisil olles! Lisainformatsiooni soovi korral helistage meile numbril +372 7400 674 v\u00f5i saatke e-kiri aadressile: info@starest.ee\u00a0 PAKETTI ON V\u00d5IMALIK TELLIDA KA GRUPPIDELE! Mida [&hellip;]\" \/>\n<meta property=\"og:url\" content=\"https:\/\/citystop.ee\/en\/packages\/komandeering-2\/\" \/>\n<meta property=\"og:site_name\" content=\"CITYSTOP\" \/>\n<meta property=\"article:modified_time\" content=\"2024-04-11T08:24:33+00:00\" \/>\n<meta name=\"twitter:card\" content=\"summary_large_image\" \/>\n<script type=\"application\/ld+json\" class=\"yoast-schema-graph\">{\"@context\":\"https:\\\/\\\/schema.org\",\"@graph\":[{\"@type\":\"WebPage\",\"@id\":\"https:\\\/\\\/citystop.ee\\\/en\\\/packages\\\/komandeering-2\\\/\",\"url\":\"https:\\\/\\\/citystop.ee\\\/en\\\/packages\\\/komandeering-2\\\/\",\"name\":\"Komandeeringupakett spordiklubi k\u00fclastusega - CITYSTOP\",\"isPartOf\":{\"@id\":\"https:\\\/\\\/citystop.ee\\\/en\\\/#website\"},\"datePublished\":\"2017-11-02T16:29:44+00:00\",\"dateModified\":\"2024-04-11T08:24:33+00:00\",\"breadcrumb\":{\"@id\":\"https:\\\/\\\/citystop.ee\\\/en\\\/packages\\\/komandeering-2\\\/#breadcrumb\"},\"inLanguage\":\"en-US\",\"potentialAction\":[{\"@type\":\"ReadAction\",\"target\":[\"https:\\\/\\\/citystop.ee\\\/en\\\/packages\\\/komandeering-2\\\/\"]}]},{\"@type\":\"BreadcrumbList\",\"@id\":\"https:\\\/\\\/citystop.ee\\\/en\\\/packages\\\/komandeering-2\\\/#breadcrumb\",\"itemListElement\":[{\"@type\":\"ListItem\",\"position\":1,\"name\":\"Home\",\"item\":\"https:\\\/\\\/citystop.ee\\\/en\\\/\"},{\"@type\":\"ListItem\",\"position\":2,\"name\":\"Packages\",\"item\":\"https:\\\/\\\/citystop.ee\\\/en\\\/packages\\\/\"},{\"@type\":\"ListItem\",\"position\":3,\"name\":\"Komandeeringupakett spordiklubi k\u00fclastusega\"}]},{\"@type\":\"WebSite\",\"@id\":\"https:\\\/\\\/citystop.ee\\\/en\\\/#website\",\"url\":\"https:\\\/\\\/citystop.ee\\\/en\\\/\",\"name\":\"CITYSTOP\",\"description\":\"Parima hinna ja kvaliteedi suhtega majutus Tartus\",\"potentialAction\":[{\"@type\":\"SearchAction\",\"target\":{\"@type\":\"EntryPoint\",\"urlTemplate\":\"https:\\\/\\\/citystop.ee\\\/en\\\/?s={search_term_string}\"},\"query-input\":{\"@type\":\"PropertyValueSpecification\",\"valueRequired\":true,\"valueName\":\"search_term_string\"}}],\"inLanguage\":\"en-US\"}]}<\/script>\n<!-- \/ Yoast SEO plugin. -->","yoast_head_json":{"title":"Komandeeringupakett spordiklubi k\u00fclastusega - CITYSTOP","robots":{"index":"index","follow":"follow","max-snippet":"max-snippet:-1","max-image-preview":"max-image-preview:large","max-video-preview":"max-video-preview:-1"},"canonical":"https:\/\/citystop.ee\/en\/packages\/komandeering-2\/","og_locale":"en_US","og_type":"article","og_title":"Komandeeringupakett spordiklubi k\u00fclastusega - CITYSTOP","og_description":"Komandeeringupakett spordiklubi k\u00fclastusega Kestvus: 1 \u00f6\u00f6 ja 2 p\u00e4eva Hind:\u00a01 t\u00e4iskasvanu\u00a039\u20ac\u00a0 \u00a02\u00a0t\u00e4iskasvanut\u00a049\u20ac\u00a0 Komandeeringupakett sisaldab: Majutus comfort toas Hommikus\u00f6\u00f6k P\u00e4\u00e4se spordiklubisse Fitlife \u00a0Tasuta kiire WIFI \u00a0Tasuta parkimine Tule ja tunne ennast mugavalt ka t\u00f6\u00f6reisil olles! Lisainformatsiooni soovi korral helistage meile numbril +372 7400 674 v\u00f5i saatke e-kiri aadressile: info@starest.ee\u00a0 PAKETTI ON V\u00d5IMALIK TELLIDA KA GRUPPIDELE! Mida [&hellip;]","og_url":"https:\/\/citystop.ee\/en\/packages\/komandeering-2\/","og_site_name":"CITYSTOP","article_modified_time":"2024-04-11T08:24:33+00:00","twitter_card":"summary_large_image","schema":{"@context":"https:\/\/schema.org","@graph":[{"@type":"WebPage","@id":"https:\/\/citystop.ee\/en\/packages\/komandeering-2\/","url":"https:\/\/citystop.ee\/en\/packages\/komandeering-2\/","name":"Komandeeringupakett spordiklubi k\u00fclastusega - CITYSTOP","isPartOf":{"@id":"https:\/\/citystop.ee\/en\/#website"},"datePublished":"2017-11-02T16:29:44+00:00","dateModified":"2024-04-11T08:24:33+00:00","breadcrumb":{"@id":"https:\/\/citystop.ee\/en\/packages\/komandeering-2\/#breadcrumb"},"inLanguage":"en-US","potentialAction":[{"@type":"ReadAction","target":["https:\/\/citystop.ee\/en\/packages\/komandeering-2\/"]}]},{"@type":"BreadcrumbList","@id":"https:\/\/citystop.ee\/en\/packages\/komandeering-2\/#breadcrumb","itemListElement":[{"@type":"ListItem","position":1,"name":"Home","item":"https:\/\/citystop.ee\/en\/"},{"@type":"ListItem","position":2,"name":"Packages","item":"https:\/\/citystop.ee\/en\/packages\/"},{"@type":"ListItem","position":3,"name":"Komandeeringupakett spordiklubi k\u00fclastusega"}]},{"@type":"WebSite","@id":"https:\/\/citystop.ee\/en\/#website","url":"https:\/\/citystop.ee\/en\/","name":"CITYSTOP","description":"Parima hinna ja kvaliteedi suhtega majutus Tartus","potentialAction":[{"@type":"SearchAction","target":{"@type":"EntryPoint","urlTemplate":"https:\/\/citystop.ee\/en\/?s={search_term_string}"},"query-input":{"@type":"PropertyValueSpecification","valueRequired":true,"valueName":"search_term_string"}}],"inLanguage":"en-US"}]}},"_links":{"self":[{"href":"https:\/\/citystop.ee\/en\/wp-json\/wp\/v2\/pages\/2547","targetHints":{"allow":["GET"]}}],"collection":[{"href":"https:\/\/citystop.ee\/en\/wp-json\/wp\/v2\/pages"}],"about":[{"href":"https:\/\/citystop.ee\/en\/wp-json\/wp\/v2\/types\/page"}],"author":[{"embeddable":true,"href":"https:\/\/citystop.ee\/en\/wp-json\/wp\/v2\/users\/1"}],"replies":[{"embeddable":true,"href":"https:\/\/citystop.ee\/en\/wp-json\/wp\/v2\/comments?post=2547"}],"version-history":[{"count":1,"href":"https:\/\/citystop.ee\/en\/wp-json\/wp\/v2\/pages\/2547\/revisions"}],"predecessor-version":[{"id":7039,"href":"https:\/\/citystop.ee\/en\/wp-json\/wp\/v2\/pages\/2547\/revisions\/7039"}],"up":[{"embeddable":true,"href":"https:\/\/citystop.ee\/en\/wp-json\/wp\/v2\/pages\/2662"}],"wp:attachment":[{"href":"https:\/\/citystop.ee\/en\/wp-json\/wp\/v2\/media?parent=2547"}],"curies":[{"name":"wp","href":"https:\/\/api.w.org\/{rel}","templated":true}]}}