{"id":2526,"date":"2017-12-11T11:46:10","date_gmt":"2017-12-11T11:46:10","guid":{"rendered":"http:\/\/citystop.ee\/shoppatartus\/"},"modified":"2024-04-11T11:24:34","modified_gmt":"2024-04-11T08:24:34","slug":"shoppingpackage","status":"publish","type":"page","link":"https:\/\/citystop.ee\/en\/packages\/shoppingpackage\/","title":{"rendered":"Shopping in Tartu"},"content":{"rendered":"<p><div class=\"yleminesisuleht\"><\/div>\n<\/p>\n<p>SHOPPA TARTUS<\/p>\n<p><strong style=\"font-weight: 900 !important;\">Kestvus:<\/strong> <em><strong style=\"font-weight: 900 !important; color: #e0c166 !important;\">1 \u00f6\u00f6 ja 2 p\u00e4eva <\/strong><\/em> <strong style=\"font-weight: 900 !important;\">Hind: 2 t\u00e4iskasvanut <\/strong><em><strong style=\"font-weight: 900 !important; color: #e0c166 !important;\">89\u20ac<\/strong><\/em> <strong style=\"font-weight: 900 !important;\">Pakett sisaldab:<\/strong>\u00a0<\/p>\n<ul>\n<li>Rahuliku une garanteerib Teile k\u00f5igi mugavustega comfort tuba.<\/li>\n<li>Toitva alguse p\u00e4evale annab rikkalik hommikueine<\/li>\n<li>Romantiline kolmek\u00e4iguline \u00f5htus\u00f6\u00f6k aasiap\u00e4rases restoranis Hot Pot<\/li>\n<li>VSPA protseduurid -10%<\/li>\n<li>Hiline v\u00e4ljaregistreerimine 14:00<\/li>\n<li>Tasuta parkimine, wifi<\/li>\n<\/ul>\n<p>Tartu on idealne paik Sinu shopinguteks! Kesklinnas on 3 suuremat kaubanduskeskust, kus ka k\u00f5ige spetsiifilisemad soovid saavad t\u00e4idetud. Nendeks on: Tartu Kaubamaja, Kvartali keskus ja Tasku keskus. K\u00fcmne minuti autos\u00f5idu kaugusele j\u00e4\u00e4b Tartu \u00fcks suurimaid kaubanduskeskuseid \u2013 L\u00f5unakeskus.<\/p>\n<p>Samal ajal, kui naine shoppab, oleme mehele m\u00f5elnud v\u00e4lja rahustavad ajaveetmisviisid! Enam ei pea naisel j\u00e4rel k\u00e4ima ja teda shopingutel saatma! Paketi hinnas on piiramatu j\u00f5usaali kasutus FitLife-is. Soovitame ka V-SPA protseduure ning Taktikalise Laskmise Keskust!<\/p>\n<p>\u00d5htu kulmineerub romantilise kolmek\u00e4igulise \u00f5htus\u00f6\u00f6giga aasiap\u00e4rases restoranis Hot Pot. Lisainfo teenuste kirjeldustes<\/p>\n<p>Lisainformatsiooni soovi korral helistage meile numbril <a href=\"tel:003727400674\" target=\"_parent\"><strong style=\"font-weight: 900 !important;\">+372 7400 674<\/strong><\/a> v\u00f5i saatke e-kiri aadressile: <a href=\"mailto:info@starest.ee\" target=\"_blank\" rel=\"noopener\"><strong style=\"font-weight: 900 !important;\">info@starest.ee<\/strong><\/a><strong style=\"font-weight: 900 !important;\">PAKETTI ON V\u00d5IMALIK TELLIDA KA GRUPPIDELE! Hind s\u00f5ltub inimeste arvust grupis. <\/strong> <strong style=\"font-weight: 900 !important;\"><a href=\"\/?page_id=21\" target=\"_parent\">K\u00fcsige pakkumist!<\/a><\/strong> <strong style=\"font-weight: 900 !important;\">Lisaks soovitame:<\/strong><\/p>\n<ul>\n<li><em style=\"color: #000 !important;\">\u00a0Meie majas asuvat <strong style=\"font-weight: 900 !important;\">lastehoidu Tupsik<\/strong><\/em><\/li>\n<li><em style=\"color: #000 !important;\">\u00a0L\u00f5bus perep\u00e4ev <a href=\"http:\/\/loodusegakoos.ee\/elistvere-animal-park\" target=\"_blank\" rel=\"noopener\"><strong style=\"font-weight: 900 !important;\">Elistvere loomapargis<\/strong><\/a> v\u00f5i <a href=\"http:\/\/vudila.ee\/\" target=\"_blank\" rel=\"noopener\"><strong style=\"font-weight: 900 !important;\">Vuti Vudilas<\/strong><\/a><\/em>\u00a0<\/li>\n<li><em style=\"color: #000 !important;\">\u00a0Kinoelamusi <a href=\"https:\/\/cinamon.ee\/\" target=\"_blank\" rel=\"noopener\"><strong style=\"font-weight: 900 !important;\">Cinamonis<\/strong><\/a> v\u00f5i <a href=\"http:\/\/www.forumcinemas.ee\/eng\/Cinemas\/Ekraan\/\" target=\"_blank\" rel=\"noopener\"><strong style=\"font-weight: 900 !important;\">Ekraanis<\/strong><\/a><\/em><\/li>\n<li><em style=\"color: #000 !important;\"><a href=\"https:\/\/astri.ee\/lounakeskus\/liuvali\/\" target=\"_blank\" rel=\"noopener\"><strong style=\"font-weight: 900 !important;\">L\u00f5unakeskuse uisuv\u00e4li<\/strong><\/a> <\/em><\/li>\n<li><strong style=\"font-weight: 900 !important;\">NB!<\/strong> Tutvuge k\u00fclastuskohtade lahtiolekuaegadega!<\/li>\n<\/ul>\n<p>Mida Tartus teha?<\/p>\n<p>Lugege l\u00e4hemalt tegevuste kohta Tartus<\/p>\n<p>Hilise saabuja soodustus <strong style=\"font-weight: 900 !important; color: #e0c166 !important;\">-20%<\/strong><\/p>\n<p>Lugege meie soodustuste ning allahindluste kohta siit<\/p>\n<p><!-- {\"name\":\"FAQ\",\"type\":\"layout\",\"children\":[{\"name\":\"Intro text\",\"type\":\"section\",\"props\":{\"width\":\"default\",\"padding\":\"large\",\"style\":\"primary\",\"text_color\":\"\",\"media\":\"images\\\/home-header.jpg\",\"height_viewport\":true,\"header_overlay\":\"light\",\"image\":\"\",\"media_advanced\":true,\"image_size\":\"cover\",\"media_background\":null,\"media_overlay\":null,\"height\":\"percent\",\"animation\":\"\",\"header_transparent\":\"\",\"image_position\":\"center-right\",\"image_width\":\"\",\"image_height\":\"\",\"image_fixed\":false,\"media_blend_mode\":\"\",\"overlap\":false,\"padding_remove_bottom\":false,\"image_visibility\":\"s\",\"image_effect\":\"parallax\",\"image_parallax\":-540,\"padding_remove_top\":false,\"image_parallax_bgy_end\":\"\",\"image_parallax_bgy_start\":\"70\",\"image_parallax_bgx_start\":\"\",\"image_parallax_bgx_end\":\"\",\"image_parallax_breakpoint\":\"m\",\"vertical_align\":\"middle\",\"title_position\":\"top-left\",\"title_rotation\":\"left\",\"title_breakpoint\":\"xl\",\"id\":\"esimeneosasisu\",\"class\":\"esimeneosasisu\"},\"children\":[{\"name\":\"\",\"type\":\"row\",\"props\":{\"layout\":\"1-1\",\"breakpoint\":\"m\",\"fixed_width\":\"large\",\"margin\":\"large\",\"vertical_align\":false,\"match\":false,\"width\":\"expand\",\"gutter\":\"small\",\"divider\":false},\"children\":[{\"name\":\"\",\"type\":\"column\",\"props\":{\"image_position\":\"center-center\",\"widths\":[\"1-1\"],\"style\":\"\",\"image\":\"\",\"image_size\":\"cover\"},\"children\":[{\"name\":\"\",\"type\":\"html\",\"props\":{\"content\":\"\n\n<div class=\\\"yleminesisuleht\\\"><\\\/div>\"}},{\"name\":\"pealkirirooms\",\"type\":\"headline\",\"props\":{\"title_element\":\"h1\",\"content\":\"SHOPPA TARTUS\",\"title_style\":\"heading-hero\",\"text_align\":\"center\",\"text_align_fallback\":\"\",\"maxwidth\":\"\",\"maxwidth_align\":\"\",\"animation\":\"parallax\",\"text_align_breakpoint\":\"\",\"margin\":\"remove-vertical\",\"margin_remove_top\":false,\"margin_remove_bottom\":false,\"title_color\":\"\",\"parallax_y\":\"\",\"parallax_opacity\":\"\",\"parallax_velocity\":\"\",\"parallax_y_end\":\"-50\",\"parallax_breakpoint\":\"s\",\"id\":\"pealkirirooms\",\"class\":\"pealkirirooms\",\"link\":\"http:\\\/\\\/citystop.ee\\\/paketid\\\/shoppatartus\\\/\"}},{\"name\":\"\",\"type\":\"image\",\"props\":{\"margin\":\"default\",\"image\":\"wp-content\\\/uploads\\\/shoppatartus-1.jpg\"}}]}]},{\"name\":\"\",\"type\":\"row\",\"props\":{\"fixed_width\":\"large\",\"breakpoint\":\"m\",\"layout\":\",\"},\"children\":[{\"name\":\"\",\"type\":\"column\",\"props\":{\"widths\":[\"\"],\"image_position\":\"center-center\",\"style\":\"primary\"},\"children\":[{\"name\":\"\",\"type\":\"text\",\"props\":{\"margin\":\"default\",\"column_breakpoint\":\"m\",\"content\":\"\n\n<p><strong style=\\\"font-weight: 900 !important;\\\">Kestvus:<\\\/strong> <em><strong style=\\\"font-weight: 900 !important; color: #e0c166 !important;\\\">1 \\u00f6\\u00f6 ja 2 p\\u00e4eva <\\\/strong><\\\/em> <strong style=\\\"font-weight: 900 !important;\\\">Hind: 2 t\\u00e4iskasvanut <\\\/strong><em><strong style=\\\"font-weight: 900 !important; color: #e0c166 !important;\\\">89\\u20ac<\\\/strong><\\\/em> <strong style=\\\"font-weight: 900 !important;\\\">Pakett sisaldab:<\\\/strong>\\u00a0<\\\/p>\\n\n\n<ul>\\n\n\n<li>Rahuliku une garanteerib Teile k\\u00f5igi mugavustega comfort tuba.<\\\/li>\\n\n\n<li>Toitva alguse p\\u00e4evale annab rikkalik hommikueine<\\\/li>\\n\n\n<li>Romantiline kolmek\\u00e4iguline \\u00f5htus\\u00f6\\u00f6k aasiap\\u00e4rases restoranis Hot Pot<\\\/li>\\n\n\n<li>VSPA protseduurid -10%<\\\/li>\\n\n\n<li>Hiline v\\u00e4ljaregistreerimine 14:00<\\\/li>\\n\n\n<li>Tasuta parkimine, wifi<\\\/li>\\n<\\\/ul>\"}}]},{\"name\":\"\",\"type\":\"column\",\"props\":{\"widths\":[\"\"],\"image_position\":\"center-center\",\"style\":\"secondary\"},\"children\":[{\"name\":\"\",\"type\":\"text\",\"props\":{\"margin\":\"default\",\"column_breakpoint\":\"m\",\"content\":\"\n\n<p>Tartu on idealne paik Sinu shopinguteks! Kesklinnas on 3 suuremat kaubanduskeskust, kus ka k\\u00f5ige spetsiifilisemad soovid saavad t\\u00e4idetud. Nendeks on: Tartu Kaubamaja, Kvartali keskus ja Tasku keskus. K\\u00fcmne minuti autos\\u00f5idu kaugusele j\\u00e4\\u00e4b Tartu \\u00fcks suurimaid kaubanduskeskuseid \\u2013 L\\u00f5unakeskus.<\\\/p>\\n\n\n<p>Samal ajal, kui naine shoppab, oleme mehele m\\u00f5elnud v\\u00e4lja rahustavad ajaveetmisviisid! Enam ei pea naisel j\\u00e4rel k\\u00e4ima ja teda shopingutel saatma! Paketi hinnas on piiramatu j\\u00f5usaali kasutus FitLife-is. Soovitame ka V-SPA protseduure ning Taktikalise Laskmise Keskust!<\\\/p>\\n\n\n<p>\\u00d5htu kulmineerub romantilise kolmek\\u00e4igulise \\u00f5htus\\u00f6\\u00f6giga aasiap\\u00e4rases restoranis Hot Pot. Lisainfo teenuste kirjeldustes<\\\/p>\\n\n\n<p>Lisainformatsiooni soovi korral helistage meile numbril <a href=\\\"tel:003727400674\\\" target=\\\"_parent\\\"><strong style=\\\"font-weight: 900 !important;\\\">+372 7400 674<\\\/strong><\\\/a> v\\u00f5i saatke e-kiri aadressile: <a href=\\\"mailto:info@starest.ee\\\" target=\\\"_blank\\\" rel=\\\"noopener\\\"><strong style=\\\"font-weight: 900 !important;\\\">info@starest.ee<\\\/strong><\\\/a><strong style=\\\"font-weight: 900 !important;\\\">PAKETTI ON V\\u00d5IMALIK TELLIDA KA GRUPPIDELE! Hind s\\u00f5ltub inimeste arvust grupis. <\\\/strong> <strong style=\\\"font-weight: 900 !important;\\\"><a href=\\\"\\\/kontakt\\\" target=\\\"_parent\\\">K\\u00fcsige pakkumist!<\\\/a><\\\/strong> <strong style=\\\"font-weight: 900 !important;\\\">Lisaks soovitame:<\\\/strong><\\\/p>\\n\n\n<ul>\\n\n\n<li><em style=\\\"color: #000 !important;\\\">\\u00a0Meie majas asuvat <strong style=\\\"font-weight: 900 !important;\\\">lastehoidu Tupsik<\\\/strong><\\\/em><\\\/li>\\n\n\n<li><em style=\\\"color: #000 !important;\\\">\\u00a0L\\u00f5bus perep\\u00e4ev <a href=\\\"http:\\\/\\\/loodusegakoos.ee\\\/elistvere-animal-park\\\" target=\\\"_blank\\\" rel=\\\"noopener\\\"><strong style=\\\"font-weight: 900 !important;\\\">Elistvere loomapargis<\\\/strong><\\\/a> v\\u00f5i <a href=\\\"http:\\\/\\\/vudila.ee\\\/\\\" target=\\\"_blank\\\" rel=\\\"noopener\\\"><strong style=\\\"font-weight: 900 !important;\\\">Vuti Vudilas<\\\/strong><\\\/a><\\\/em>\\u00a0<\\\/li>\\n\n\n<li><em style=\\\"color: #000 !important;\\\">\\u00a0Kinoelamusi <a href=\\\"https:\\\/\\\/cinamon.ee\\\/\\\" target=\\\"_blank\\\" rel=\\\"noopener\\\"><strong style=\\\"font-weight: 900 !important;\\\">Cinamonis<\\\/strong><\\\/a> v\\u00f5i <a href=\\\"http:\\\/\\\/www.forumcinemas.ee\\\/eng\\\/Cinemas\\\/Ekraan\\\/\\\" target=\\\"_blank\\\" rel=\\\"noopener\\\"><strong style=\\\"font-weight: 900 !important;\\\">Ekraanis<\\\/strong><\\\/a><\\\/em><\\\/li>\\n\n\n<li><em style=\\\"color: #000 !important;\\\"><a href=\\\"https:\\\/\\\/astri.ee\\\/lounakeskus\\\/liuvali\\\/\\\" target=\\\"_blank\\\" rel=\\\"noopener\\\"><strong style=\\\"font-weight: 900 !important;\\\">L\\u00f5unakeskuse uisuv\\u00e4li<\\\/strong><\\\/a> <\\\/em><\\\/li>\\n\n\n<li><strong style=\\\"font-weight: 900 !important;\\\">NB!<\\\/strong> Tutvuge k\\u00fclastuskohtade lahtiolekuaegadega!<\\\/li>\\n<\\\/ul>\"}}]}]}]},{\"name\":\"Activities in Tartu & Packages & Offers\",\"type\":\"section\",\"props\":{\"width\":\"\",\"padding\":\"none\",\"style\":\"default\",\"text_color\":\"\",\"media\":\"\",\"height_viewport\":false,\"header_overlay\":\"light\",\"animation\":\"slide-top-small\",\"padding_remove_top\":false,\"image_size\":\"cover\",\"image_position\":\"center-center\",\"vertical_align\":\"middle\",\"title_position\":\"top-left\",\"title_rotation\":\"left\",\"title_breakpoint\":\"xl\",\"header_transparent\":\"\"},\"children\":[{\"name\":\"\",\"type\":\"row\",\"props\":{\"layout\":\",\",\"breakpoint\":\"m\",\"margin\":\"small\",\"fixed_width\":\"large\",\"width\":\"\",\"vertical_align\":false,\"match\":false,\"gutter\":\"collapse\"},\"children\":[{\"name\":\"\",\"type\":\"column\",\"props\":{\"image_position\":\"center-center\",\"widths\":[\"\"],\"image\":\"wp-content\\\/uploads\\\/starest-things-to-do-in-tartu.jpg\",\"image_width\":\"700\",\"image_height\":\"470\",\"style\":\"\",\"preserve_color\":false,\"padding\":\"large\",\"image_size\":\"cover\"},\"children\":[{\"name\":\"\",\"type\":\"headline\",\"props\":{\"title_element\":\"h2\",\"content\":\"Mida Tartus teha?\",\"title_style\":\"heading-primary\",\"animation\":\"parallax\",\"parallax_y_end\":\"-50\",\"margin\":\"small\",\"parallax_breakpoint\":\"m\",\"maxwidth\":\"xxlarge\",\"maxwidth_align\":\"center\"}},{\"name\":\"\",\"type\":\"button\",\"props\":{\"gutter\":\"small\",\"margin\":\"remove-vertical\",\"button_size\":\"\",\"animation\":\"parallax\",\"parallax_y_end\":\"-50\",\"parallax_breakpoint\":\"m\",\"maxwidth\":\"xxlarge\",\"maxwidth_align\":\"center\"},\"children\":[{\"name\":\"\",\"type\":\"button_item\",\"props\":{\"button_style\":\"text\",\"icon_align\":\"left\",\"content\":\"Lugege l\\u00e4hemalt tegevuste kohta Tartus\",\"link\":\"\\\/kontakt\\\/tegevused-tartus\"}}]}]},{\"name\":\"\",\"type\":\"column\",\"props\":{\"image_position\":\"center-center\",\"widths\":[\"\"],\"image\":\"\",\"image_width\":\"100%\",\"image_height\":\"auto\",\"image_size\":\"cover\",\"padding\":\"large\",\"style\":\"primary\",\"preserve_color\":false},\"children\":[{\"name\":\"\",\"type\":\"headline\",\"props\":{\"title_element\":\"h2\",\"content\":\"Hilise saabuja soodustus <strong style=\\\"font-weight: 900 !important; color: #e0c166 !important;\\\">-20%<\\\/strong>\",\"title_style\":\"heading-primary\",\"animation\":\"parallax\",\"parallax_y_end\":\"-50\",\"margin\":\"small\",\"parallax_breakpoint\":\"m\",\"maxwidth\":\"xxlarge\",\"maxwidth_align\":\"center\"}},{\"name\":\"\",\"type\":\"button\",\"props\":{\"gutter\":\"small\",\"margin\":\"remove-vertical\",\"button_size\":\"\",\"animation\":\"parallax\",\"parallax_y_end\":\"-50\",\"parallax_breakpoint\":\"m\",\"maxwidth\":\"xxlarge\",\"maxwidth_align\":\"center\"},\"children\":[{\"name\":\"\",\"type\":\"button_item\",\"props\":{\"button_style\":\"text\",\"icon_align\":\"left\",\"content\":\"Lugege meie soodustuste ning allahindluste kohta siit\",\"link\":\"\\\/hinnad\\\/soodustused\"}}]}]}]}]}]} --><\/p>\n","protected":false},"excerpt":{"rendered":"<p>SHOPPA TARTUS Kestvus: 1 \u00f6\u00f6 ja 2 p\u00e4eva Hind: 2 t\u00e4iskasvanut 89\u20ac Pakett sisaldab:\u00a0 Rahuliku une garanteerib Teile k\u00f5igi mugavustega comfort tuba. Toitva alguse p\u00e4evale annab rikkalik hommikueine Romantiline kolmek\u00e4iguline \u00f5htus\u00f6\u00f6k aasiap\u00e4rases restoranis Hot Pot VSPA protseduurid -10% Hiline v\u00e4ljaregistreerimine 14:00 Tasuta parkimine, wifi Tartu on idealne paik Sinu shopinguteks! Kesklinnas on 3 suuremat kaubanduskeskust, [&hellip;]<\/p>\n","protected":false},"author":1,"featured_media":0,"parent":2662,"menu_order":9,"comment_status":"closed","ping_status":"closed","template":"","meta":{"_acf_changed":false,"footnotes":""},"class_list":["post-2526","page","type-page","status-publish","hentry"],"acf":[],"yoast_head":"<!-- This site is optimized with the Yoast SEO plugin v27.4 - https:\/\/yoast.com\/product\/yoast-seo-wordpress\/ -->\n<title>Shopping in Tartu - CITYSTOP<\/title>\n<meta name=\"robots\" content=\"index, follow, max-snippet:-1, max-image-preview:large, max-video-preview:-1\" \/>\n<link rel=\"canonical\" href=\"https:\/\/citystop.ee\/en\/packages\/shoppingpackage\/\" \/>\n<meta property=\"og:locale\" content=\"en_US\" \/>\n<meta property=\"og:type\" content=\"article\" \/>\n<meta property=\"og:title\" content=\"Shopping in Tartu - CITYSTOP\" \/>\n<meta property=\"og:description\" content=\"SHOPPA TARTUS Kestvus: 1 \u00f6\u00f6 ja 2 p\u00e4eva Hind: 2 t\u00e4iskasvanut 89\u20ac Pakett sisaldab:\u00a0 Rahuliku une garanteerib Teile k\u00f5igi mugavustega comfort tuba. Toitva alguse p\u00e4evale annab rikkalik hommikueine Romantiline kolmek\u00e4iguline \u00f5htus\u00f6\u00f6k aasiap\u00e4rases restoranis Hot Pot VSPA protseduurid -10% Hiline v\u00e4ljaregistreerimine 14:00 Tasuta parkimine, wifi Tartu on idealne paik Sinu shopinguteks! Kesklinnas on 3 suuremat kaubanduskeskust, [&hellip;]\" \/>\n<meta property=\"og:url\" content=\"https:\/\/citystop.ee\/en\/packages\/shoppingpackage\/\" \/>\n<meta property=\"og:site_name\" content=\"CITYSTOP\" \/>\n<meta property=\"article:modified_time\" content=\"2024-04-11T08:24:34+00:00\" \/>\n<meta name=\"twitter:card\" content=\"summary_large_image\" \/>\n<meta name=\"twitter:label1\" content=\"Est. reading time\" \/>\n\t<meta name=\"twitter:data1\" content=\"1 minute\" \/>\n<script type=\"application\/ld+json\" class=\"yoast-schema-graph\">{\"@context\":\"https:\\\/\\\/schema.org\",\"@graph\":[{\"@type\":\"WebPage\",\"@id\":\"https:\\\/\\\/citystop.ee\\\/en\\\/packages\\\/shoppingpackage\\\/\",\"url\":\"https:\\\/\\\/citystop.ee\\\/en\\\/packages\\\/shoppingpackage\\\/\",\"name\":\"Shopping in Tartu - CITYSTOP\",\"isPartOf\":{\"@id\":\"https:\\\/\\\/citystop.ee\\\/en\\\/#website\"},\"datePublished\":\"2017-12-11T11:46:10+00:00\",\"dateModified\":\"2024-04-11T08:24:34+00:00\",\"breadcrumb\":{\"@id\":\"https:\\\/\\\/citystop.ee\\\/en\\\/packages\\\/shoppingpackage\\\/#breadcrumb\"},\"inLanguage\":\"en-US\",\"potentialAction\":[{\"@type\":\"ReadAction\",\"target\":[\"https:\\\/\\\/citystop.ee\\\/en\\\/packages\\\/shoppingpackage\\\/\"]}]},{\"@type\":\"BreadcrumbList\",\"@id\":\"https:\\\/\\\/citystop.ee\\\/en\\\/packages\\\/shoppingpackage\\\/#breadcrumb\",\"itemListElement\":[{\"@type\":\"ListItem\",\"position\":1,\"name\":\"Home\",\"item\":\"https:\\\/\\\/citystop.ee\\\/en\\\/\"},{\"@type\":\"ListItem\",\"position\":2,\"name\":\"Packages\",\"item\":\"https:\\\/\\\/citystop.ee\\\/en\\\/packages\\\/\"},{\"@type\":\"ListItem\",\"position\":3,\"name\":\"Shopping in Tartu\"}]},{\"@type\":\"WebSite\",\"@id\":\"https:\\\/\\\/citystop.ee\\\/en\\\/#website\",\"url\":\"https:\\\/\\\/citystop.ee\\\/en\\\/\",\"name\":\"CITYSTOP\",\"description\":\"Parima hinna ja kvaliteedi suhtega majutus Tartus\",\"potentialAction\":[{\"@type\":\"SearchAction\",\"target\":{\"@type\":\"EntryPoint\",\"urlTemplate\":\"https:\\\/\\\/citystop.ee\\\/en\\\/?s={search_term_string}\"},\"query-input\":{\"@type\":\"PropertyValueSpecification\",\"valueRequired\":true,\"valueName\":\"search_term_string\"}}],\"inLanguage\":\"en-US\"}]}<\/script>\n<!-- \/ Yoast SEO plugin. -->","yoast_head_json":{"title":"Shopping in Tartu - CITYSTOP","robots":{"index":"index","follow":"follow","max-snippet":"max-snippet:-1","max-image-preview":"max-image-preview:large","max-video-preview":"max-video-preview:-1"},"canonical":"https:\/\/citystop.ee\/en\/packages\/shoppingpackage\/","og_locale":"en_US","og_type":"article","og_title":"Shopping in Tartu - CITYSTOP","og_description":"SHOPPA TARTUS Kestvus: 1 \u00f6\u00f6 ja 2 p\u00e4eva Hind: 2 t\u00e4iskasvanut 89\u20ac Pakett sisaldab:\u00a0 Rahuliku une garanteerib Teile k\u00f5igi mugavustega comfort tuba. Toitva alguse p\u00e4evale annab rikkalik hommikueine Romantiline kolmek\u00e4iguline \u00f5htus\u00f6\u00f6k aasiap\u00e4rases restoranis Hot Pot VSPA protseduurid -10% Hiline v\u00e4ljaregistreerimine 14:00 Tasuta parkimine, wifi Tartu on idealne paik Sinu shopinguteks! Kesklinnas on 3 suuremat kaubanduskeskust, [&hellip;]","og_url":"https:\/\/citystop.ee\/en\/packages\/shoppingpackage\/","og_site_name":"CITYSTOP","article_modified_time":"2024-04-11T08:24:34+00:00","twitter_card":"summary_large_image","twitter_misc":{"Est. reading time":"1 minute"},"schema":{"@context":"https:\/\/schema.org","@graph":[{"@type":"WebPage","@id":"https:\/\/citystop.ee\/en\/packages\/shoppingpackage\/","url":"https:\/\/citystop.ee\/en\/packages\/shoppingpackage\/","name":"Shopping in Tartu - CITYSTOP","isPartOf":{"@id":"https:\/\/citystop.ee\/en\/#website"},"datePublished":"2017-12-11T11:46:10+00:00","dateModified":"2024-04-11T08:24:34+00:00","breadcrumb":{"@id":"https:\/\/citystop.ee\/en\/packages\/shoppingpackage\/#breadcrumb"},"inLanguage":"en-US","potentialAction":[{"@type":"ReadAction","target":["https:\/\/citystop.ee\/en\/packages\/shoppingpackage\/"]}]},{"@type":"BreadcrumbList","@id":"https:\/\/citystop.ee\/en\/packages\/shoppingpackage\/#breadcrumb","itemListElement":[{"@type":"ListItem","position":1,"name":"Home","item":"https:\/\/citystop.ee\/en\/"},{"@type":"ListItem","position":2,"name":"Packages","item":"https:\/\/citystop.ee\/en\/packages\/"},{"@type":"ListItem","position":3,"name":"Shopping in Tartu"}]},{"@type":"WebSite","@id":"https:\/\/citystop.ee\/en\/#website","url":"https:\/\/citystop.ee\/en\/","name":"CITYSTOP","description":"Parima hinna ja kvaliteedi suhtega majutus Tartus","potentialAction":[{"@type":"SearchAction","target":{"@type":"EntryPoint","urlTemplate":"https:\/\/citystop.ee\/en\/?s={search_term_string}"},"query-input":{"@type":"PropertyValueSpecification","valueRequired":true,"valueName":"search_term_string"}}],"inLanguage":"en-US"}]}},"_links":{"self":[{"href":"https:\/\/citystop.ee\/en\/wp-json\/wp\/v2\/pages\/2526","targetHints":{"allow":["GET"]}}],"collection":[{"href":"https:\/\/citystop.ee\/en\/wp-json\/wp\/v2\/pages"}],"about":[{"href":"https:\/\/citystop.ee\/en\/wp-json\/wp\/v2\/types\/page"}],"author":[{"embeddable":true,"href":"https:\/\/citystop.ee\/en\/wp-json\/wp\/v2\/users\/1"}],"replies":[{"embeddable":true,"href":"https:\/\/citystop.ee\/en\/wp-json\/wp\/v2\/comments?post=2526"}],"version-history":[{"count":1,"href":"https:\/\/citystop.ee\/en\/wp-json\/wp\/v2\/pages\/2526\/revisions"}],"predecessor-version":[{"id":7046,"href":"https:\/\/citystop.ee\/en\/wp-json\/wp\/v2\/pages\/2526\/revisions\/7046"}],"up":[{"embeddable":true,"href":"https:\/\/citystop.ee\/en\/wp-json\/wp\/v2\/pages\/2662"}],"wp:attachment":[{"href":"https:\/\/citystop.ee\/en\/wp-json\/wp\/v2\/media?parent=2526"}],"curies":[{"name":"wp","href":"https:\/\/api.w.org\/{rel}","templated":true}]}}