{"id":2519,"date":"2017-12-11T12:02:26","date_gmt":"2017-12-11T12:02:26","guid":{"rendered":"http:\/\/citystop.ee\/raatsamatk\/"},"modified":"2024-04-11T11:24:34","modified_gmt":"2024-04-11T08:24:34","slug":"raatsamatk","status":"publish","type":"page","link":"https:\/\/citystop.ee\/en\/packages\/raatsamatk\/","title":{"rendered":"R\u00e4\u00e4tsamatk Tartumaa Laukasoos (piiramatu arv inimesi)"},"content":{"rendered":"<p><div class=\"yleminesisuleht\"><\/div>\n<\/p>\n<p><strong>R\u00e4\u00e4tsamatk Tartumaa Laukasoos (piiramatu arv inimesi)<\/strong><\/p>\n<p><strong style=\"font-weight: 900 !important;\">Kestvus:<\/strong> <em><strong style=\"font-weight: 900 !important; color: #e0c166 !important;\">1 \u00f6\u00f6 ja 2 p\u00e4eva <\/strong><\/em> <strong style=\"font-weight: 900 !important;\">Hind: 3 t\u00e4iskasvanut + <\/strong><strong style=\"font-weight: 900 !important;\">2 last\u00a0\u00a0<\/strong><em><strong style=\"font-weight: 900 !important; color: #e0c166 !important;\">239 \u20ac<\/strong><\/em><\/p>\n<p><strong style=\"font-weight: 900 !important;\">Pakett sisaldab:<\/strong>\u00a0<\/p>\n<ul>\n<li>Rahuliku une garanteerib Teile k\u00f5igi mugavustega comfort toad\/k\u00fclaliskorterid<\/li>\n<li>Toitva alguse p\u00e4evale annab rikkalik hommikueine <em>(HS)<\/em><\/li>\n<li><em style=\"color: #fff !important;\"><span style=\"font-weight: 900 !important;\"><a class=\"packagea\" href=\"http:\/\/www.loodusturism.ee\/et\/esileht\/43-matkad\/raatsamatkad\/317-raatsamatk-tartumaa-laukasoos\" target=\"_blank\" rel=\"noopener\">R\u00e4\u00e4tsamatk Tartumaa Laukasoos<\/a><\/span><\/em><\/li>\n<li>Hiline v\u00e4ljaregistreerimine \u2013 14:00<\/li>\n<li>Paketi ostjale -20% voucher, mis kehtib restoranides<em style=\"color: #fff !important;\"> <a class=\"packagea\" href=\"https:\/\/asianchef.ee\/\" target=\"_blank\" rel=\"noopener\"><span style=\"font-weight: 900 !important;\">Asian Chef<\/span><\/a> &amp; <a class=\"packagea\" href=\"https:\/\/hotpot.ee\/\" target=\"_blank\" rel=\"noopener\"><span style=\"font-weight: 900 !important;\">Hot Pot<\/span><\/a><\/em><\/li>\n<li>Tasuta parkimine, wifi<\/li>\n<\/ul>\n<p>Vastavalt Teie vajadustele ja soovidele on v\u00f5imalik R\u00e4\u00e4tsamatk Tartumaa Laukasoos vahetada m\u00f5ne teise matka v\u00f5i seikluse vastu. Vastavalt hinnakirjale muutub ka paketi hind.<\/p>\n<p>Valikus on 6 erinevat matka:<\/p>\n<ul>\n<li>R\u00e4\u00e4tsamatk Tartumaa Laukasoqos<\/li>\n<li>Jalgsimatk Voorepalu m\u00f5hnastiku metsa- ja matkaradadel<\/li>\n<li>Kanuumatk Tartumaal, Amme j\u00f5el<\/li>\n<li>T\u00f5ukekelgumatk Emaj\u00f5e-Suursoos, Kalli j\u00f5el<\/li>\n<li>Kombineeritud matk Pangodis, Tartumaal (t\u00f5ukekelk + jalgsi)<\/li>\n<\/ul>\n<p>Matkakorralduse miinimum tasu on 100 \u20ac, v\u00f5imalik korraldada matk nii kahele kui kahek\u00fcmnele, kolmek\u00fcmnele v\u00f5i hoopiski neljak\u00fcmnele inimesele.<\/p>\n<p>Koost\u00f6\u00f6s Loodusturism O\u00dc\u2019ga on meil hea meel pakkuda meie vanadele kui ka uutele looduses\u00f5pradele midagi v\u00e4ga p\u00f5nevat! Kutsume Teid eemale linnam\u00fcrast ja- k\u00e4rast, tee oma kehale ja vaimule \u00fcks taask\u00e4ivitus nautides aega puhtas ja kaunis looduses. Konkreetsel paketil on arvestatud kuni 5 inimest ja matkaks on valitud R\u00e4\u00e4tsamatk Tartumaa Laukasoos. NB! Matka toimumisaeg tuleb kokkuleppida peale paketi ostmist!<\/p>\n<p>\u00d5htus\u00f6\u00f6ki soovitame nautida restoranides Hot Pot ja Asian Chef.\u00a0<\/p>\n<p>Lisainformatsiooni soovi korral helistage meile numbril <a href=\"tel:003727400674\" target=\"_parent\"><strong style=\"font-weight: 900 !important;\">+372 7400 674<\/strong><\/a> v\u00f5i saatke e-kiri aadressile: <a href=\"mailto:info@starest.ee\" target=\"_blank\" rel=\"noopener\"><strong style=\"font-weight: 900 !important;\">info@starest.ee<\/strong><\/a><\/p>\n<p><strong style=\"font-weight: 900 !important;\">PAKETTI ON V\u00d5IMALIK TELLIDA KA GRUPPIDELE! Hind s\u00f5ltub inimeste arvust grupis. <\/strong> <strong style=\"font-weight: 900 !important;\"><a href=\"\/?page_id=21\" target=\"_parent\">K\u00fcsige pakkumist!<\/a><\/strong> <strong><br \/>Lisaks soovitame:<\/strong><br \/>&#8211; Meie majas asuv <a href=\"http:\/\/tupsik.ee\/\">lastehoid Tupsik<\/a><br \/>&#8211; L\u00f5bus perep\u00e4ev <a href=\"http:\/\/vudila.ee\/\" target=\"_blank\" rel=\"noopener\">Vuti Vudilas<\/a><br \/>&#8211; Kinoelamused <a href=\"http:\/\/www.cinamon.ee\/\" target=\"_blank\" rel=\"noopener\">Cinamonis<\/a> ja <a href=\"http:\/\/www.forumcinemas.ee\/\" target=\"_blank\" rel=\"noopener\">Ekraanis<\/a><br \/>&#8211; L\u00f5unakeskuse <a href=\"http:\/\/www.lounakeskus.com\/maja\/liuvali\" target=\"_blank\" rel=\"noopener\">uisuv\u00e4li<\/a><\/p>\n<p><strong style=\"font-weight: 900 !important;\">NB!<\/strong> Tutvuge k\u00fclastuskohtade lahtiolekuaegadega!<\/p>\n<p>Mida Tartus teha?<\/p>\n<p>Lugege l\u00e4hemalt tegevuste kohta Tartus<\/p>\n<p>Hilise saabuja soodustus <strong style=\"font-weight: 900 !important; color: #e0c166 !important;\">-20%<\/strong><\/p>\n<p>Lugege meie soodustuste ning allahindluste kohta siit<\/p>\n<p><!-- {\"name\":\"FAQ\",\"type\":\"layout\",\"children\":[{\"name\":\"Intro text\",\"type\":\"section\",\"props\":{\"width\":\"default\",\"padding\":\"large\",\"style\":\"primary\",\"text_color\":\"\",\"media\":\"images\\\/home-header.jpg\",\"height_viewport\":true,\"header_overlay\":\"light\",\"image\":\"\",\"media_advanced\":true,\"image_size\":\"cover\",\"media_background\":null,\"media_overlay\":null,\"height\":\"percent\",\"animation\":\"\",\"header_transparent\":\"\",\"image_position\":\"center-right\",\"image_width\":\"\",\"image_height\":\"\",\"image_fixed\":false,\"media_blend_mode\":\"\",\"overlap\":false,\"padding_remove_bottom\":false,\"image_visibility\":\"s\",\"image_effect\":\"parallax\",\"image_parallax\":-540,\"padding_remove_top\":false,\"image_parallax_bgy_end\":\"\",\"image_parallax_bgy_start\":\"70\",\"image_parallax_bgx_start\":\"\",\"image_parallax_bgx_end\":\"\",\"image_parallax_breakpoint\":\"m\",\"vertical_align\":\"middle\",\"title_position\":\"top-left\",\"title_rotation\":\"left\",\"title_breakpoint\":\"xl\",\"id\":\"esimeneosasisu\",\"class\":\"esimeneosasisu\"},\"children\":[{\"name\":\"\",\"type\":\"row\",\"props\":{\"layout\":\"1-1\",\"breakpoint\":\"m\",\"fixed_width\":\"large\",\"margin\":\"large\",\"vertical_align\":false,\"match\":false,\"width\":\"expand\",\"gutter\":\"small\",\"divider\":false},\"children\":[{\"name\":\"\",\"type\":\"column\",\"props\":{\"image_position\":\"center-center\",\"widths\":[\"1-1\"],\"style\":\"\",\"image\":\"\",\"image_size\":\"cover\"},\"children\":[{\"name\":\"\",\"type\":\"html\",\"props\":{\"content\":\"\n\n<div class=\\\"yleminesisuleht\\\"><\\\/div>\"}},{\"name\":\"pealkirirooms\",\"type\":\"headline\",\"props\":{\"title_element\":\"h1\",\"content\":\"<strong>R\\u00e4\\u00e4tsamatk Tartumaa Laukasoos (piiramatu arv inimesi)<\\\/strong>\",\"title_style\":\"heading-hero\",\"text_align\":\"center\",\"text_align_fallback\":\"\",\"maxwidth\":\"\",\"maxwidth_align\":\"\",\"animation\":\"parallax\",\"text_align_breakpoint\":\"\",\"margin\":\"remove-vertical\",\"margin_remove_top\":false,\"margin_remove_bottom\":false,\"title_color\":\"\",\"parallax_y\":\"\",\"parallax_opacity\":\"\",\"parallax_velocity\":\"\",\"parallax_y_end\":\"-50\",\"parallax_breakpoint\":\"s\",\"id\":\"pealkirirooms\",\"class\":\"pealkirirooms\",\"link\":\"http:\\\/\\\/citystop.ee\\\/paketid\\\/raatsamatk\\\/\"}},{\"name\":\"\",\"type\":\"image\",\"props\":{\"margin\":\"default\",\"image\":\"wp-content\\\/uploads\\\/raatsa.jpg\",\"link\":\"\"}}]}]},{\"name\":\"\",\"type\":\"row\",\"props\":{\"fixed_width\":\"large\",\"breakpoint\":\"m\",\"layout\":\",\"},\"children\":[{\"name\":\"\",\"type\":\"column\",\"props\":{\"widths\":[\"\"],\"image_position\":\"center-center\",\"style\":\"primary\"},\"children\":[{\"name\":\"\",\"type\":\"text\",\"props\":{\"margin\":\"default\",\"column_breakpoint\":\"m\",\"content\":\"\n\n<p><strong style=\\\"font-weight: 900 !important;\\\">Kestvus:<\\\/strong> <em><strong style=\\\"font-weight: 900 !important; color: #e0c166 !important;\\\">1 \\u00f6\\u00f6 ja 2 p\\u00e4eva <\\\/strong><\\\/em> <strong style=\\\"font-weight: 900 !important;\\\">Hind: 3 t\\u00e4iskasvanut + <\\\/strong><strong style=\\\"font-weight: 900 !important;\\\">2 last\\u00a0\\u00a0<\\\/strong><em><strong style=\\\"font-weight: 900 !important; color: #e0c166 !important;\\\">239 \\u20ac<\\\/strong><\\\/em><\\\/p>\\n\n\n<p><strong style=\\\"font-weight: 900 !important;\\\">Pakett sisaldab:<\\\/strong>\\u00a0<\\\/p>\\n\n\n<ul>\\n\n\n<li>Rahuliku une garanteerib Teile k\\u00f5igi mugavustega comfort toad\\\/k\\u00fclaliskorterid<\\\/li>\\n\n\n<li>Toitva alguse p\\u00e4evale annab rikkalik hommikueine <em>(HS)<\\\/em><\\\/li>\\n\n\n<li><em style=\\\"color: #fff !important;\\\"><span style=\\\"font-weight: 900 !important;\\\"><a class=\\\"packagea\\\" href=\\\"http:\\\/\\\/www.loodusturism.ee\\\/et\\\/esileht\\\/43-matkad\\\/raatsamatkad\\\/317-raatsamatk-tartumaa-laukasoos\\\" target=\\\"_blank\\\" rel=\\\"noopener\\\">R\\u00e4\\u00e4tsamatk Tartumaa Laukasoos<\\\/a><\\\/span><\\\/em><\\\/li>\\n\n\n<li>Hiline v\\u00e4ljaregistreerimine \\u2013 14:00<\\\/li>\\n\n\n<li>Paketi ostjale -20% voucher, mis kehtib restoranides<em style=\\\"color: #fff !important;\\\"> <a class=\\\"packagea\\\" href=\\\"https:\\\/\\\/asianchef.ee\\\/\\\" target=\\\"_blank\\\" rel=\\\"noopener\\\"><span style=\\\"font-weight: 900 !important;\\\">Asian Chef<\\\/span><\\\/a> &amp; <a class=\\\"packagea\\\" href=\\\"https:\\\/\\\/hotpot.ee\\\/\\\" target=\\\"_blank\\\" rel=\\\"noopener\\\"><span style=\\\"font-weight: 900 !important;\\\">Hot Pot<\\\/span><\\\/a><\\\/em><\\\/li>\\n\n\n<li>Tasuta parkimine, wifi<\\\/li>\\n<\\\/ul>\\n\n\n<p>Vastavalt Teie vajadustele ja soovidele on v\\u00f5imalik R\\u00e4\\u00e4tsamatk Tartumaa Laukasoos vahetada m\\u00f5ne teise matka v\\u00f5i seikluse vastu. Vastavalt hinnakirjale muutub ka paketi hind.<\\\/p>\\n\n\n<p>Valikus on 6 erinevat matka:<\\\/p>\\n\n\n<ul>\\n\n\n<li>R\\u00e4\\u00e4tsamatk Tartumaa Laukasoqos<\\\/li>\\n\n\n<li>Jalgsimatk Voorepalu m\\u00f5hnastiku metsa- ja matkaradadel<\\\/li>\\n\n\n<li>Kanuumatk Tartumaal, Amme j\\u00f5el<\\\/li>\\n\n\n<li>T\\u00f5ukekelgumatk Emaj\\u00f5e-Suursoos, Kalli j\\u00f5el<\\\/li>\\n\n\n<li>Kombineeritud matk Pangodis, Tartumaal (t\\u00f5ukekelk + jalgsi)<\\\/li>\\n<\\\/ul>\\n\n\n<p>Matkakorralduse miinimum tasu on 100 \\u20ac, v\\u00f5imalik korraldada matk nii kahele kui kahek\\u00fcmnele, kolmek\\u00fcmnele v\\u00f5i hoopiski neljak\\u00fcmnele inimesele.<\\\/p>\"}}]},{\"name\":\"\",\"type\":\"column\",\"props\":{\"widths\":[\"\"],\"image_position\":\"center-center\",\"style\":\"secondary\"},\"children\":[{\"name\":\"\",\"type\":\"text\",\"props\":{\"margin\":\"default\",\"column_breakpoint\":\"m\",\"content\":\"\n\n<p>Koost\\u00f6\\u00f6s Loodusturism O\\u00dc\\u2019ga on meil hea meel pakkuda meie vanadele kui ka uutele looduses\\u00f5pradele midagi v\\u00e4ga p\\u00f5nevat! Kutsume Teid eemale linnam\\u00fcrast ja- k\\u00e4rast, tee oma kehale ja vaimule \\u00fcks taask\\u00e4ivitus nautides aega puhtas ja kaunis looduses. Konkreetsel paketil on arvestatud kuni 5 inimest ja matkaks on valitud R\\u00e4\\u00e4tsamatk Tartumaa Laukasoos. NB! Matka toimumisaeg tuleb kokkuleppida peale paketi ostmist!<\\\/p>\\n\n\n<p>\\u00d5htus\\u00f6\\u00f6ki soovitame nautida restoranides Hot Pot ja Asian Chef.\\u00a0<\\\/p>\\n\n\n<p>Lisainformatsiooni soovi korral helistage meile numbril <a href=\\\"tel:003727400674\\\" target=\\\"_parent\\\"><strong style=\\\"font-weight: 900 !important;\\\">+372 7400 674<\\\/strong><\\\/a> v\\u00f5i saatke e-kiri aadressile: <a href=\\\"mailto:info@starest.ee\\\" target=\\\"_blank\\\" rel=\\\"noopener\\\"><strong style=\\\"font-weight: 900 !important;\\\">info@starest.ee<\\\/strong><\\\/a><\\\/p>\\n\n\n<p><strong style=\\\"font-weight: 900 !important;\\\">PAKETTI ON V\\u00d5IMALIK TELLIDA KA GRUPPIDELE! Hind s\\u00f5ltub inimeste arvust grupis. <\\\/strong> <strong style=\\\"font-weight: 900 !important;\\\"><a href=\\\"\\\/kontakt\\\" target=\\\"_parent\\\">K\\u00fcsige pakkumist!<\\\/a><\\\/strong> <strong><br \\\/>Lisaks soovitame:<\\\/strong><br \\\/>- Meie majas asuv <a href=\\\"http:\\\/\\\/tupsik.ee\\\/\\\">lastehoid Tupsik<\\\/a><br \\\/>- L\\u00f5bus perep\\u00e4ev <a href=\\\"http:\\\/\\\/vudila.ee\\\/\\\" target=\\\"_blank\\\" rel=\\\"noopener\\\">Vuti Vudilas<\\\/a><br \\\/>- Kinoelamused <a href=\\\"http:\\\/\\\/www.cinamon.ee\\\/\\\" target=\\\"_blank\\\" rel=\\\"noopener\\\">Cinamonis<\\\/a> ja <a href=\\\"http:\\\/\\\/www.forumcinemas.ee\\\/\\\" target=\\\"_blank\\\" rel=\\\"noopener\\\">Ekraanis<\\\/a><br \\\/>- L\\u00f5unakeskuse <a href=\\\"http:\\\/\\\/www.lounakeskus.com\\\/maja\\\/liuvali\\\" target=\\\"_blank\\\" rel=\\\"noopener\\\">uisuv\\u00e4li<\\\/a><\\\/p>\\n\n\n<p><strong style=\\\"font-weight: 900 !important;\\\">NB!<\\\/strong> Tutvuge k\\u00fclastuskohtade lahtiolekuaegadega!<\\\/p>\"}}]}]}]},{\"name\":\"Activities in Tartu & Packages & Offers\",\"type\":\"section\",\"props\":{\"width\":\"\",\"padding\":\"none\",\"style\":\"default\",\"text_color\":\"\",\"media\":\"\",\"height_viewport\":false,\"header_overlay\":\"light\",\"animation\":\"slide-top-small\",\"padding_remove_top\":false,\"image_size\":\"cover\",\"image_position\":\"center-center\",\"vertical_align\":\"middle\",\"title_position\":\"top-left\",\"title_rotation\":\"left\",\"title_breakpoint\":\"xl\",\"header_transparent\":\"\"},\"children\":[{\"name\":\"\",\"type\":\"row\",\"props\":{\"layout\":\",\",\"breakpoint\":\"m\",\"margin\":\"small\",\"fixed_width\":\"large\",\"width\":\"\",\"vertical_align\":false,\"match\":false,\"gutter\":\"collapse\"},\"children\":[{\"name\":\"\",\"type\":\"column\",\"props\":{\"image_position\":\"center-center\",\"widths\":[\"\"],\"image\":\"wp-content\\\/uploads\\\/starest-things-to-do-in-tartu.jpg\",\"image_width\":\"700\",\"image_height\":\"470\",\"style\":\"\",\"preserve_color\":false,\"padding\":\"large\",\"image_size\":\"cover\"},\"children\":[{\"name\":\"\",\"type\":\"headline\",\"props\":{\"title_element\":\"h2\",\"content\":\"Mida Tartus teha?\",\"title_style\":\"heading-primary\",\"animation\":\"parallax\",\"parallax_y_end\":\"-50\",\"margin\":\"small\",\"parallax_breakpoint\":\"m\",\"maxwidth\":\"xxlarge\",\"maxwidth_align\":\"center\"}},{\"name\":\"\",\"type\":\"button\",\"props\":{\"gutter\":\"small\",\"margin\":\"remove-vertical\",\"button_size\":\"\",\"animation\":\"parallax\",\"parallax_y_end\":\"-50\",\"parallax_breakpoint\":\"m\",\"maxwidth\":\"xxlarge\",\"maxwidth_align\":\"center\"},\"children\":[{\"name\":\"\",\"type\":\"button_item\",\"props\":{\"button_style\":\"text\",\"icon_align\":\"left\",\"content\":\"Lugege l\\u00e4hemalt tegevuste kohta Tartus\",\"link\":\"\\\/kontakt\\\/tegevused-tartus\"}}]}]},{\"name\":\"\",\"type\":\"column\",\"props\":{\"image_position\":\"center-center\",\"widths\":[\"\"],\"image\":\"\",\"image_width\":\"100%\",\"image_height\":\"auto\",\"image_size\":\"cover\",\"padding\":\"large\",\"style\":\"primary\",\"preserve_color\":false},\"children\":[{\"name\":\"\",\"type\":\"headline\",\"props\":{\"title_element\":\"h2\",\"content\":\"Hilise saabuja soodustus <strong style=\\\"font-weight: 900 !important; color: #e0c166 !important;\\\">-20%<\\\/strong>\",\"title_style\":\"heading-primary\",\"animation\":\"parallax\",\"parallax_y_end\":\"-50\",\"margin\":\"small\",\"parallax_breakpoint\":\"m\",\"maxwidth\":\"xxlarge\",\"maxwidth_align\":\"center\"}},{\"name\":\"\",\"type\":\"button\",\"props\":{\"gutter\":\"small\",\"margin\":\"remove-vertical\",\"button_size\":\"\",\"animation\":\"parallax\",\"parallax_y_end\":\"-50\",\"parallax_breakpoint\":\"m\",\"maxwidth\":\"xxlarge\",\"maxwidth_align\":\"center\"},\"children\":[{\"name\":\"\",\"type\":\"button_item\",\"props\":{\"button_style\":\"text\",\"icon_align\":\"left\",\"content\":\"Lugege meie soodustuste ning allahindluste kohta siit\",\"link\":\"\\\/hinnad\\\/soodustused\"}}]}]}]}]}]} --><\/p>\n","protected":false},"excerpt":{"rendered":"<p>R\u00e4\u00e4tsamatk Tartumaa Laukasoos (piiramatu arv inimesi) Kestvus: 1 \u00f6\u00f6 ja 2 p\u00e4eva Hind: 3 t\u00e4iskasvanut + 2 last\u00a0\u00a0239 \u20ac Pakett sisaldab:\u00a0 Rahuliku une garanteerib Teile k\u00f5igi mugavustega comfort toad\/k\u00fclaliskorterid Toitva alguse p\u00e4evale annab rikkalik hommikueine (HS) R\u00e4\u00e4tsamatk Tartumaa Laukasoos Hiline v\u00e4ljaregistreerimine \u2013 14:00 Paketi ostjale -20% voucher, mis kehtib restoranides Asian Chef &amp; Hot Pot [&hellip;]<\/p>\n","protected":false},"author":1,"featured_media":0,"parent":2662,"menu_order":9,"comment_status":"closed","ping_status":"closed","template":"","meta":{"_acf_changed":false,"footnotes":""},"class_list":["post-2519","page","type-page","status-publish","hentry"],"acf":[],"yoast_head":"<!-- This site is optimized with the Yoast SEO plugin v26.8 - https:\/\/yoast.com\/product\/yoast-seo-wordpress\/ -->\n<title>R\u00e4\u00e4tsamatk Tartumaa Laukasoos (piiramatu arv inimesi) - CITYSTOP<\/title>\n<meta name=\"robots\" content=\"index, follow, max-snippet:-1, max-image-preview:large, max-video-preview:-1\" \/>\n<link rel=\"canonical\" href=\"https:\/\/citystop.ee\/en\/packages\/raatsamatk\/\" \/>\n<meta property=\"og:locale\" content=\"en_US\" \/>\n<meta property=\"og:type\" content=\"article\" \/>\n<meta property=\"og:title\" content=\"R\u00e4\u00e4tsamatk Tartumaa Laukasoos (piiramatu arv inimesi) - CITYSTOP\" \/>\n<meta property=\"og:description\" content=\"R\u00e4\u00e4tsamatk Tartumaa Laukasoos (piiramatu arv inimesi) Kestvus: 1 \u00f6\u00f6 ja 2 p\u00e4eva Hind: 3 t\u00e4iskasvanut + 2 last\u00a0\u00a0239 \u20ac Pakett sisaldab:\u00a0 Rahuliku une garanteerib Teile k\u00f5igi mugavustega comfort toad\/k\u00fclaliskorterid Toitva alguse p\u00e4evale annab rikkalik hommikueine (HS) R\u00e4\u00e4tsamatk Tartumaa Laukasoos Hiline v\u00e4ljaregistreerimine \u2013 14:00 Paketi ostjale -20% voucher, mis kehtib restoranides Asian Chef &amp; Hot Pot [&hellip;]\" \/>\n<meta property=\"og:url\" content=\"https:\/\/citystop.ee\/en\/packages\/raatsamatk\/\" \/>\n<meta property=\"og:site_name\" content=\"CITYSTOP\" \/>\n<meta property=\"article:modified_time\" content=\"2024-04-11T08:24:34+00:00\" \/>\n<meta name=\"twitter:card\" content=\"summary_large_image\" \/>\n<meta name=\"twitter:label1\" content=\"Est. reading time\" \/>\n\t<meta name=\"twitter:data1\" content=\"1 minute\" \/>\n<script type=\"application\/ld+json\" class=\"yoast-schema-graph\">{\"@context\":\"https:\/\/schema.org\",\"@graph\":[{\"@type\":\"WebPage\",\"@id\":\"https:\/\/citystop.ee\/en\/packages\/raatsamatk\/\",\"url\":\"https:\/\/citystop.ee\/en\/packages\/raatsamatk\/\",\"name\":\"R\u00e4\u00e4tsamatk Tartumaa Laukasoos (piiramatu arv inimesi) - CITYSTOP\",\"isPartOf\":{\"@id\":\"https:\/\/citystop.ee\/en\/#website\"},\"datePublished\":\"2017-12-11T12:02:26+00:00\",\"dateModified\":\"2024-04-11T08:24:34+00:00\",\"breadcrumb\":{\"@id\":\"https:\/\/citystop.ee\/en\/packages\/raatsamatk\/#breadcrumb\"},\"inLanguage\":\"en-US\",\"potentialAction\":[{\"@type\":\"ReadAction\",\"target\":[\"https:\/\/citystop.ee\/en\/packages\/raatsamatk\/\"]}]},{\"@type\":\"BreadcrumbList\",\"@id\":\"https:\/\/citystop.ee\/en\/packages\/raatsamatk\/#breadcrumb\",\"itemListElement\":[{\"@type\":\"ListItem\",\"position\":1,\"name\":\"Home\",\"item\":\"https:\/\/citystop.ee\/en\/\"},{\"@type\":\"ListItem\",\"position\":2,\"name\":\"Packages\",\"item\":\"https:\/\/citystop.ee\/en\/packages\/\"},{\"@type\":\"ListItem\",\"position\":3,\"name\":\"R\u00e4\u00e4tsamatk Tartumaa Laukasoos (piiramatu arv inimesi)\"}]},{\"@type\":\"WebSite\",\"@id\":\"https:\/\/citystop.ee\/en\/#website\",\"url\":\"https:\/\/citystop.ee\/en\/\",\"name\":\"CITYSTOP\",\"description\":\"Parima hinna ja kvaliteedi suhtega majutus Tartus\",\"potentialAction\":[{\"@type\":\"SearchAction\",\"target\":{\"@type\":\"EntryPoint\",\"urlTemplate\":\"https:\/\/citystop.ee\/en\/?s={search_term_string}\"},\"query-input\":{\"@type\":\"PropertyValueSpecification\",\"valueRequired\":true,\"valueName\":\"search_term_string\"}}],\"inLanguage\":\"en-US\"}]}<\/script>\n<!-- \/ Yoast SEO plugin. -->","yoast_head_json":{"title":"R\u00e4\u00e4tsamatk Tartumaa Laukasoos (piiramatu arv inimesi) - CITYSTOP","robots":{"index":"index","follow":"follow","max-snippet":"max-snippet:-1","max-image-preview":"max-image-preview:large","max-video-preview":"max-video-preview:-1"},"canonical":"https:\/\/citystop.ee\/en\/packages\/raatsamatk\/","og_locale":"en_US","og_type":"article","og_title":"R\u00e4\u00e4tsamatk Tartumaa Laukasoos (piiramatu arv inimesi) - CITYSTOP","og_description":"R\u00e4\u00e4tsamatk Tartumaa Laukasoos (piiramatu arv inimesi) Kestvus: 1 \u00f6\u00f6 ja 2 p\u00e4eva Hind: 3 t\u00e4iskasvanut + 2 last\u00a0\u00a0239 \u20ac Pakett sisaldab:\u00a0 Rahuliku une garanteerib Teile k\u00f5igi mugavustega comfort toad\/k\u00fclaliskorterid Toitva alguse p\u00e4evale annab rikkalik hommikueine (HS) R\u00e4\u00e4tsamatk Tartumaa Laukasoos Hiline v\u00e4ljaregistreerimine \u2013 14:00 Paketi ostjale -20% voucher, mis kehtib restoranides Asian Chef &amp; Hot Pot [&hellip;]","og_url":"https:\/\/citystop.ee\/en\/packages\/raatsamatk\/","og_site_name":"CITYSTOP","article_modified_time":"2024-04-11T08:24:34+00:00","twitter_card":"summary_large_image","twitter_misc":{"Est. reading time":"1 minute"},"schema":{"@context":"https:\/\/schema.org","@graph":[{"@type":"WebPage","@id":"https:\/\/citystop.ee\/en\/packages\/raatsamatk\/","url":"https:\/\/citystop.ee\/en\/packages\/raatsamatk\/","name":"R\u00e4\u00e4tsamatk Tartumaa Laukasoos (piiramatu arv inimesi) - CITYSTOP","isPartOf":{"@id":"https:\/\/citystop.ee\/en\/#website"},"datePublished":"2017-12-11T12:02:26+00:00","dateModified":"2024-04-11T08:24:34+00:00","breadcrumb":{"@id":"https:\/\/citystop.ee\/en\/packages\/raatsamatk\/#breadcrumb"},"inLanguage":"en-US","potentialAction":[{"@type":"ReadAction","target":["https:\/\/citystop.ee\/en\/packages\/raatsamatk\/"]}]},{"@type":"BreadcrumbList","@id":"https:\/\/citystop.ee\/en\/packages\/raatsamatk\/#breadcrumb","itemListElement":[{"@type":"ListItem","position":1,"name":"Home","item":"https:\/\/citystop.ee\/en\/"},{"@type":"ListItem","position":2,"name":"Packages","item":"https:\/\/citystop.ee\/en\/packages\/"},{"@type":"ListItem","position":3,"name":"R\u00e4\u00e4tsamatk Tartumaa Laukasoos (piiramatu arv inimesi)"}]},{"@type":"WebSite","@id":"https:\/\/citystop.ee\/en\/#website","url":"https:\/\/citystop.ee\/en\/","name":"CITYSTOP","description":"Parima hinna ja kvaliteedi suhtega majutus Tartus","potentialAction":[{"@type":"SearchAction","target":{"@type":"EntryPoint","urlTemplate":"https:\/\/citystop.ee\/en\/?s={search_term_string}"},"query-input":{"@type":"PropertyValueSpecification","valueRequired":true,"valueName":"search_term_string"}}],"inLanguage":"en-US"}]}},"_links":{"self":[{"href":"https:\/\/citystop.ee\/en\/wp-json\/wp\/v2\/pages\/2519","targetHints":{"allow":["GET"]}}],"collection":[{"href":"https:\/\/citystop.ee\/en\/wp-json\/wp\/v2\/pages"}],"about":[{"href":"https:\/\/citystop.ee\/en\/wp-json\/wp\/v2\/types\/page"}],"author":[{"embeddable":true,"href":"https:\/\/citystop.ee\/en\/wp-json\/wp\/v2\/users\/1"}],"replies":[{"embeddable":true,"href":"https:\/\/citystop.ee\/en\/wp-json\/wp\/v2\/comments?post=2519"}],"version-history":[{"count":2,"href":"https:\/\/citystop.ee\/en\/wp-json\/wp\/v2\/pages\/2519\/revisions"}],"predecessor-version":[{"id":7041,"href":"https:\/\/citystop.ee\/en\/wp-json\/wp\/v2\/pages\/2519\/revisions\/7041"}],"up":[{"embeddable":true,"href":"https:\/\/citystop.ee\/en\/wp-json\/wp\/v2\/pages\/2662"}],"wp:attachment":[{"href":"https:\/\/citystop.ee\/en\/wp-json\/wp\/v2\/media?parent=2519"}],"curies":[{"name":"wp","href":"https:\/\/api.w.org\/{rel}","templated":true}]}}