{"id":2516,"date":"2017-12-11T12:23:00","date_gmt":"2017-12-11T12:23:00","guid":{"rendered":"http:\/\/citystop.ee\/muuseumipakett\/"},"modified":"2024-04-11T11:24:33","modified_gmt":"2024-04-11T08:24:33","slug":"museumpackage","status":"publish","type":"page","link":"https:\/\/citystop.ee\/en\/packages\/museumpackage\/","title":{"rendered":"Day in museums"},"content":{"rendered":"<p><div class=\"yleminesisuleht\"><\/div>\n<\/p>\n<p>P\u00e4ev muuseumites<\/p>\n<p><strong style=\"font-weight: 900 !important;\">Kestvus:<\/strong> <em><strong style=\"font-weight: 900 !important; color: #e0c166 !important;\">2 \u00f6\u00f6d ja 3 p\u00e4eva <\/strong><\/em> <strong style=\"font-weight: 900 !important;\">Hind: 2 t\u00e4iskasvanut + 1-2 last (kuni 18.a.) <\/strong><em><strong style=\"font-weight: 900 !important; color: #e0c166 !important;\">74\u20ac<\/strong><\/em><\/p>\n<p><strong style=\"font-weight: 900 !important;\">Pakett sisaldab:<\/strong><\/p>\n<ul>\n<li>Rahuliku une garanteerib Teile k\u00f5igi mugavustega comfort tuba<\/li>\n<li>Toitva alguse p\u00e4evale annab rikkalik hommikueine <em>(HS)<\/em><\/li>\n<li>Hiline v\u00e4ljaregistreerimine \u2013 14:00<\/li>\n<li>Paketi ostjale -20% voucher, mis kehtib restoranides Hot Pot ja Asian Chef<\/li>\n<li>Piletid j\u00e4rgnevatesse muuseumitesse: KGB Kongide museum, Tartu Linnamuuseum, Laulupeomuuseum, Oskar Lutsu majamuusum, 19. Sajandi Tartu linnakodaniku museum<\/li>\n<li>Tasuta parkimine, wifi<\/li>\n<\/ul>\n<p>Hotell Starest ootavad Teid Tartusse l\u00fchikesele kultuurireisile! Tulge ja avastage Tartu k\u00f5ige p\u00f5nevamaid ning kultuursemaid muuseume!<\/p>\n<p>\u00d5htus\u00f6\u00f6ki soovitame nautida restoranides Hot Pot ja Asian Chef.\u00a0<\/p>\n<p>Lisainformatsiooni soovi korral helistage meile numbril <a href=\"tel:003727400674\" target=\"_parent\"><strong style=\"font-weight: 900 !important;\">+372 7400 674<\/strong><\/a> v\u00f5i saatke e-kiri aadressile: <a href=\"mailto:info@starest.ee\" target=\"_blank\" rel=\"noopener\"><strong style=\"font-weight: 900 !important;\">info@starest.ee<\/strong><\/a><\/p>\n<p><strong style=\"font-weight: 900 !important;\">PAKETTI ON V\u00d5IMALIK TELLIDA KA GRUPPIDELE! Hind s\u00f5ltub inimeste arvust grupis. <\/strong> <strong style=\"font-weight: 900 !important;\"><a href=\"\/?page_id=21\" target=\"_parent\">K\u00fcsige pakkumist!<\/a><\/strong> <strong><br \/>Lisaks soovitame:<\/strong><br \/>&#8211; Meie majas asuv <a href=\"http:\/\/tupsik.ee\/\">lastehoid Tupsik<\/a><br \/>&#8211; L\u00f5bus perep\u00e4ev <a href=\"http:\/\/vudila.ee\/\" target=\"_blank\" rel=\"noopener\">Vuti Vudilas<\/a><br \/>&#8211; Kinoelamused <a href=\"http:\/\/www.cinamon.ee\/\" target=\"_blank\" rel=\"noopener\">Cinamonis<\/a> ja <a href=\"http:\/\/www.forumcinemas.ee\/\" target=\"_blank\" rel=\"noopener\">Ekraanis<\/a><br \/>&#8211; L\u00f5unakeskuse <a href=\"http:\/\/www.lounakeskus.com\/maja\/liuvali\" target=\"_blank\" rel=\"noopener\">uisuv\u00e4li<\/a><\/p>\n<p><strong style=\"font-weight: 900 !important;\">NB!<\/strong> Tutvuge k\u00fclastuskohtade lahtiolekuaegadega!<\/p>\n<p>Mida Tartus teha?<\/p>\n<p>Lugege l\u00e4hemalt tegevuste kohta Tartus<\/p>\n<p>Hilise saabuja soodustus <strong style=\"font-weight: 900 !important; color: #e0c166 !important;\">-20%<\/strong><\/p>\n<p>Lugege meie soodustuste ning allahindluste kohta siit<\/p>\n<p><!-- {\"name\":\"FAQ\",\"type\":\"layout\",\"children\":[{\"name\":\"Intro text\",\"type\":\"section\",\"props\":{\"width\":\"default\",\"padding\":\"large\",\"style\":\"primary\",\"text_color\":\"\",\"media\":\"images\\\/home-header.jpg\",\"height_viewport\":true,\"header_overlay\":\"light\",\"image\":\"\",\"media_advanced\":true,\"image_size\":\"cover\",\"media_background\":null,\"media_overlay\":null,\"height\":\"percent\",\"animation\":\"\",\"header_transparent\":\"\",\"image_position\":\"center-right\",\"image_width\":\"\",\"image_height\":\"\",\"image_fixed\":false,\"media_blend_mode\":\"\",\"overlap\":false,\"padding_remove_bottom\":false,\"image_visibility\":\"s\",\"image_effect\":\"parallax\",\"image_parallax\":-540,\"padding_remove_top\":false,\"image_parallax_bgy_end\":\"\",\"image_parallax_bgy_start\":\"70\",\"image_parallax_bgx_start\":\"\",\"image_parallax_bgx_end\":\"\",\"image_parallax_breakpoint\":\"m\",\"vertical_align\":\"middle\",\"title_position\":\"top-left\",\"title_rotation\":\"left\",\"title_breakpoint\":\"xl\",\"id\":\"esimeneosasisu\",\"class\":\"esimeneosasisu\"},\"children\":[{\"name\":\"\",\"type\":\"row\",\"props\":{\"layout\":\"1-1\",\"breakpoint\":\"m\",\"fixed_width\":\"large\",\"margin\":\"large\",\"vertical_align\":false,\"match\":false,\"width\":\"expand\",\"gutter\":\"small\",\"divider\":false},\"children\":[{\"name\":\"\",\"type\":\"column\",\"props\":{\"image_position\":\"center-center\",\"widths\":[\"1-1\"],\"style\":\"\",\"image\":\"\",\"image_size\":\"cover\"},\"children\":[{\"name\":\"\",\"type\":\"html\",\"props\":{\"content\":\"\n\n<div class=\\\"yleminesisuleht\\\"><\\\/div>\"}},{\"name\":\"pealkirirooms\",\"type\":\"headline\",\"props\":{\"title_element\":\"h1\",\"content\":\"P\\u00e4ev muuseumites\",\"title_style\":\"heading-hero\",\"text_align\":\"center\",\"text_align_fallback\":\"\",\"maxwidth\":\"\",\"maxwidth_align\":\"\",\"animation\":\"parallax\",\"text_align_breakpoint\":\"\",\"margin\":\"remove-vertical\",\"margin_remove_top\":false,\"margin_remove_bottom\":false,\"title_color\":\"\",\"parallax_y\":\"\",\"parallax_opacity\":\"\",\"parallax_velocity\":\"\",\"parallax_y_end\":\"-50\",\"parallax_breakpoint\":\"s\",\"id\":\"pealkirirooms\",\"class\":\"pealkirirooms\",\"link\":\"http:\\\/\\\/citystop.ee\\\/paketid\\\/muuseumipakett\"}},{\"name\":\"\",\"type\":\"image\",\"props\":{\"margin\":\"default\",\"image\":\"wp-content\\\/uploads\\\/muuseumipkatt.jpg\",\"image_alt\":\"Muuseumipakett\"}}]}]},{\"name\":\"\",\"type\":\"row\",\"props\":{\"fixed_width\":\"large\",\"breakpoint\":\"m\",\"layout\":\",\"},\"children\":[{\"name\":\"\",\"type\":\"column\",\"props\":{\"widths\":[\"\"],\"image_position\":\"center-center\",\"style\":\"primary\"},\"children\":[{\"name\":\"\",\"type\":\"text\",\"props\":{\"margin\":\"default\",\"column_breakpoint\":\"m\",\"content\":\"\n\n<p><strong style=\\\"font-weight: 900 !important;\\\">Kestvus:<\\\/strong> <em><strong style=\\\"font-weight: 900 !important; color: #e0c166 !important;\\\">2 \\u00f6\\u00f6d ja 3 p\\u00e4eva <\\\/strong><\\\/em> <strong style=\\\"font-weight: 900 !important;\\\">Hind: 2 t\\u00e4iskasvanut + 1-2 last (kuni 18.a.) <\\\/strong><em><strong style=\\\"font-weight: 900 !important; color: #e0c166 !important;\\\">74\\u20ac<\\\/strong><\\\/em><\\\/p>\\n\n\n<p><strong style=\\\"font-weight: 900 !important;\\\">Pakett sisaldab:<\\\/strong><\\\/p>\\n\n\n<ul>\\n\n\n<li>Rahuliku une garanteerib Teile k\\u00f5igi mugavustega comfort tuba<\\\/li>\\n\n\n<li>Toitva alguse p\\u00e4evale annab rikkalik hommikueine <em>(HS)<\\\/em><\\\/li>\\n\n\n<li>Hiline v\\u00e4ljaregistreerimine \\u2013 14:00<\\\/li>\\n\n\n<li>Paketi ostjale -20% voucher, mis kehtib restoranides Hot Pot ja Asian Chef<\\\/li>\\n\n\n<li>Piletid j\\u00e4rgnevatesse muuseumitesse: KGB Kongide museum, Tartu Linnamuuseum, Laulupeomuuseum, Oskar Lutsu majamuusum, 19. Sajandi Tartu linnakodaniku museum<\\\/li>\\n    \n\n<li>Tasuta parkimine, wifi<\\\/li>\\n\\n<\\\/ul>\"}}]},{\"name\":\"\",\"type\":\"column\",\"props\":{\"widths\":[\"\"],\"image_position\":\"center-center\",\"style\":\"secondary\"},\"children\":[{\"name\":\"\",\"type\":\"text\",\"props\":{\"margin\":\"default\",\"column_breakpoint\":\"m\",\"content\":\"\n\n<p>Hotell Starest ootavad Teid Tartusse l\\u00fchikesele kultuurireisile! Tulge ja avastage Tartu k\\u00f5ige p\\u00f5nevamaid ning kultuursemaid muuseume!<\\\/p>\\n\n\n<p>\\u00d5htus\\u00f6\\u00f6ki soovitame nautida restoranides Hot Pot ja Asian Chef.\\u00a0<\\\/p>\\n\n\n<p>Lisainformatsiooni soovi korral helistage meile numbril <a href=\\\"tel:003727400674\\\" target=\\\"_parent\\\"><strong style=\\\"font-weight: 900 !important;\\\">+372 7400 674<\\\/strong><\\\/a> v\\u00f5i saatke e-kiri aadressile: <a href=\\\"mailto:info@starest.ee\\\" target=\\\"_blank\\\" rel=\\\"noopener\\\"><strong style=\\\"font-weight: 900 !important;\\\">info@starest.ee<\\\/strong><\\\/a><\\\/p>\\n\n\n<p><strong style=\\\"font-weight: 900 !important;\\\">PAKETTI ON V\\u00d5IMALIK TELLIDA KA GRUPPIDELE! Hind s\\u00f5ltub inimeste arvust grupis. <\\\/strong> <strong style=\\\"font-weight: 900 !important;\\\"><a href=\\\"\\\/kontakt\\\" target=\\\"_parent\\\">K\\u00fcsige pakkumist!<\\\/a><\\\/strong> <strong><br \\\/>Lisaks soovitame:<\\\/strong><br \\\/>- Meie majas asuv <a href=\\\"http:\\\/\\\/tupsik.ee\\\/\\\">lastehoid Tupsik<\\\/a><br \\\/>- L\\u00f5bus perep\\u00e4ev <a href=\\\"http:\\\/\\\/vudila.ee\\\/\\\" target=\\\"_blank\\\" rel=\\\"noopener\\\">Vuti Vudilas<\\\/a><br \\\/>- Kinoelamused <a href=\\\"http:\\\/\\\/www.cinamon.ee\\\/\\\" target=\\\"_blank\\\" rel=\\\"noopener\\\">Cinamonis<\\\/a> ja <a href=\\\"http:\\\/\\\/www.forumcinemas.ee\\\/\\\" target=\\\"_blank\\\" rel=\\\"noopener\\\">Ekraanis<\\\/a><br \\\/>- L\\u00f5unakeskuse <a href=\\\"http:\\\/\\\/www.lounakeskus.com\\\/maja\\\/liuvali\\\" target=\\\"_blank\\\" rel=\\\"noopener\\\">uisuv\\u00e4li<\\\/a><\\\/p>\\n\n\n<p><strong style=\\\"font-weight: 900 !important;\\\">NB!<\\\/strong> Tutvuge k\\u00fclastuskohtade lahtiolekuaegadega!<\\\/p>\"}}]}]}]},{\"name\":\"Activities in Tartu & Packages & Offers\",\"type\":\"section\",\"props\":{\"width\":\"\",\"padding\":\"none\",\"style\":\"default\",\"text_color\":\"\",\"media\":\"\",\"height_viewport\":false,\"header_overlay\":\"light\",\"animation\":\"slide-top-small\",\"padding_remove_top\":false,\"image_size\":\"cover\",\"image_position\":\"center-center\",\"vertical_align\":\"middle\",\"title_position\":\"top-left\",\"title_rotation\":\"left\",\"title_breakpoint\":\"xl\",\"header_transparent\":\"\"},\"children\":[{\"name\":\"\",\"type\":\"row\",\"props\":{\"layout\":\",\",\"breakpoint\":\"m\",\"margin\":\"small\",\"fixed_width\":\"large\",\"width\":\"\",\"vertical_align\":false,\"match\":false,\"gutter\":\"collapse\"},\"children\":[{\"name\":\"\",\"type\":\"column\",\"props\":{\"image_position\":\"center-center\",\"widths\":[\"\"],\"image\":\"wp-content\\\/uploads\\\/starest-things-to-do-in-tartu.jpg\",\"image_width\":\"700\",\"image_height\":\"470\",\"style\":\"\",\"preserve_color\":false,\"padding\":\"large\",\"image_size\":\"cover\"},\"children\":[{\"name\":\"\",\"type\":\"headline\",\"props\":{\"title_element\":\"h2\",\"content\":\"Mida Tartus teha?\",\"title_style\":\"heading-primary\",\"animation\":\"parallax\",\"parallax_y_end\":\"-50\",\"margin\":\"small\",\"parallax_breakpoint\":\"m\",\"maxwidth\":\"xxlarge\",\"maxwidth_align\":\"center\"}},{\"name\":\"\",\"type\":\"button\",\"props\":{\"gutter\":\"small\",\"margin\":\"remove-vertical\",\"button_size\":\"\",\"animation\":\"parallax\",\"parallax_y_end\":\"-50\",\"parallax_breakpoint\":\"m\",\"maxwidth\":\"xxlarge\",\"maxwidth_align\":\"center\"},\"children\":[{\"name\":\"\",\"type\":\"button_item\",\"props\":{\"button_style\":\"text\",\"icon_align\":\"left\",\"content\":\"Lugege l\\u00e4hemalt tegevuste kohta Tartus\",\"link\":\"\\\/kontakt\\\/tegevused-tartus\"}}]}]},{\"name\":\"\",\"type\":\"column\",\"props\":{\"image_position\":\"center-center\",\"widths\":[\"\"],\"image\":\"\",\"image_width\":\"100%\",\"image_height\":\"auto\",\"image_size\":\"cover\",\"padding\":\"large\",\"style\":\"primary\",\"preserve_color\":false},\"children\":[{\"name\":\"\",\"type\":\"headline\",\"props\":{\"title_element\":\"h2\",\"content\":\"Hilise saabuja soodustus <strong style=\\\"font-weight: 900 !important; color: #e0c166 !important;\\\">-20%<\\\/strong>\",\"title_style\":\"heading-primary\",\"animation\":\"parallax\",\"parallax_y_end\":\"-50\",\"margin\":\"small\",\"parallax_breakpoint\":\"m\",\"maxwidth\":\"xxlarge\",\"maxwidth_align\":\"center\"}},{\"name\":\"\",\"type\":\"button\",\"props\":{\"gutter\":\"small\",\"margin\":\"remove-vertical\",\"button_size\":\"\",\"animation\":\"parallax\",\"parallax_y_end\":\"-50\",\"parallax_breakpoint\":\"m\",\"maxwidth\":\"xxlarge\",\"maxwidth_align\":\"center\"},\"children\":[{\"name\":\"\",\"type\":\"button_item\",\"props\":{\"button_style\":\"text\",\"icon_align\":\"left\",\"content\":\"Lugege meie soodustuste ning allahindluste kohta siit\",\"link\":\"\\\/hinnad\\\/soodustused\"}}]}]}]}]}]} --><\/p>\n","protected":false},"excerpt":{"rendered":"<p>P\u00e4ev muuseumites Kestvus: 2 \u00f6\u00f6d ja 3 p\u00e4eva Hind: 2 t\u00e4iskasvanut + 1-2 last (kuni 18.a.) 74\u20ac Pakett sisaldab: Rahuliku une garanteerib Teile k\u00f5igi mugavustega comfort tuba Toitva alguse p\u00e4evale annab rikkalik hommikueine (HS) Hiline v\u00e4ljaregistreerimine \u2013 14:00 Paketi ostjale -20% voucher, mis kehtib restoranides Hot Pot ja Asian Chef Piletid j\u00e4rgnevatesse muuseumitesse: KGB Kongide [&hellip;]<\/p>\n","protected":false},"author":1,"featured_media":0,"parent":2662,"menu_order":9,"comment_status":"closed","ping_status":"closed","template":"","meta":{"_acf_changed":false,"footnotes":""},"class_list":["post-2516","page","type-page","status-publish","hentry"],"acf":[],"yoast_head":"<!-- This site is optimized with the Yoast SEO plugin v27.4 - https:\/\/yoast.com\/product\/yoast-seo-wordpress\/ -->\n<title>Day in museums - CITYSTOP<\/title>\n<meta name=\"robots\" content=\"index, follow, max-snippet:-1, max-image-preview:large, max-video-preview:-1\" \/>\n<link rel=\"canonical\" href=\"https:\/\/citystop.ee\/en\/packages\/museumpackage\/\" \/>\n<meta property=\"og:locale\" content=\"en_US\" \/>\n<meta property=\"og:type\" content=\"article\" \/>\n<meta property=\"og:title\" content=\"Day in museums - CITYSTOP\" \/>\n<meta property=\"og:description\" content=\"P\u00e4ev muuseumites Kestvus: 2 \u00f6\u00f6d ja 3 p\u00e4eva Hind: 2 t\u00e4iskasvanut + 1-2 last (kuni 18.a.) 74\u20ac Pakett sisaldab: Rahuliku une garanteerib Teile k\u00f5igi mugavustega comfort tuba Toitva alguse p\u00e4evale annab rikkalik hommikueine (HS) Hiline v\u00e4ljaregistreerimine \u2013 14:00 Paketi ostjale -20% voucher, mis kehtib restoranides Hot Pot ja Asian Chef Piletid j\u00e4rgnevatesse muuseumitesse: KGB Kongide [&hellip;]\" \/>\n<meta property=\"og:url\" content=\"https:\/\/citystop.ee\/en\/packages\/museumpackage\/\" \/>\n<meta property=\"og:site_name\" content=\"CITYSTOP\" \/>\n<meta property=\"article:modified_time\" content=\"2024-04-11T08:24:33+00:00\" \/>\n<meta name=\"twitter:card\" content=\"summary_large_image\" \/>\n<meta name=\"twitter:label1\" content=\"Est. reading time\" \/>\n\t<meta name=\"twitter:data1\" content=\"1 minute\" \/>\n<script type=\"application\/ld+json\" class=\"yoast-schema-graph\">{\"@context\":\"https:\\\/\\\/schema.org\",\"@graph\":[{\"@type\":\"WebPage\",\"@id\":\"https:\\\/\\\/citystop.ee\\\/en\\\/packages\\\/museumpackage\\\/\",\"url\":\"https:\\\/\\\/citystop.ee\\\/en\\\/packages\\\/museumpackage\\\/\",\"name\":\"Day in museums - CITYSTOP\",\"isPartOf\":{\"@id\":\"https:\\\/\\\/citystop.ee\\\/en\\\/#website\"},\"datePublished\":\"2017-12-11T12:23:00+00:00\",\"dateModified\":\"2024-04-11T08:24:33+00:00\",\"breadcrumb\":{\"@id\":\"https:\\\/\\\/citystop.ee\\\/en\\\/packages\\\/museumpackage\\\/#breadcrumb\"},\"inLanguage\":\"en-US\",\"potentialAction\":[{\"@type\":\"ReadAction\",\"target\":[\"https:\\\/\\\/citystop.ee\\\/en\\\/packages\\\/museumpackage\\\/\"]}]},{\"@type\":\"BreadcrumbList\",\"@id\":\"https:\\\/\\\/citystop.ee\\\/en\\\/packages\\\/museumpackage\\\/#breadcrumb\",\"itemListElement\":[{\"@type\":\"ListItem\",\"position\":1,\"name\":\"Home\",\"item\":\"https:\\\/\\\/citystop.ee\\\/en\\\/\"},{\"@type\":\"ListItem\",\"position\":2,\"name\":\"Packages\",\"item\":\"https:\\\/\\\/citystop.ee\\\/en\\\/packages\\\/\"},{\"@type\":\"ListItem\",\"position\":3,\"name\":\"Day in museums\"}]},{\"@type\":\"WebSite\",\"@id\":\"https:\\\/\\\/citystop.ee\\\/en\\\/#website\",\"url\":\"https:\\\/\\\/citystop.ee\\\/en\\\/\",\"name\":\"CITYSTOP\",\"description\":\"Parima hinna ja kvaliteedi suhtega majutus Tartus\",\"potentialAction\":[{\"@type\":\"SearchAction\",\"target\":{\"@type\":\"EntryPoint\",\"urlTemplate\":\"https:\\\/\\\/citystop.ee\\\/en\\\/?s={search_term_string}\"},\"query-input\":{\"@type\":\"PropertyValueSpecification\",\"valueRequired\":true,\"valueName\":\"search_term_string\"}}],\"inLanguage\":\"en-US\"}]}<\/script>\n<!-- \/ Yoast SEO plugin. -->","yoast_head_json":{"title":"Day in museums - CITYSTOP","robots":{"index":"index","follow":"follow","max-snippet":"max-snippet:-1","max-image-preview":"max-image-preview:large","max-video-preview":"max-video-preview:-1"},"canonical":"https:\/\/citystop.ee\/en\/packages\/museumpackage\/","og_locale":"en_US","og_type":"article","og_title":"Day in museums - CITYSTOP","og_description":"P\u00e4ev muuseumites Kestvus: 2 \u00f6\u00f6d ja 3 p\u00e4eva Hind: 2 t\u00e4iskasvanut + 1-2 last (kuni 18.a.) 74\u20ac Pakett sisaldab: Rahuliku une garanteerib Teile k\u00f5igi mugavustega comfort tuba Toitva alguse p\u00e4evale annab rikkalik hommikueine (HS) Hiline v\u00e4ljaregistreerimine \u2013 14:00 Paketi ostjale -20% voucher, mis kehtib restoranides Hot Pot ja Asian Chef Piletid j\u00e4rgnevatesse muuseumitesse: KGB Kongide [&hellip;]","og_url":"https:\/\/citystop.ee\/en\/packages\/museumpackage\/","og_site_name":"CITYSTOP","article_modified_time":"2024-04-11T08:24:33+00:00","twitter_card":"summary_large_image","twitter_misc":{"Est. reading time":"1 minute"},"schema":{"@context":"https:\/\/schema.org","@graph":[{"@type":"WebPage","@id":"https:\/\/citystop.ee\/en\/packages\/museumpackage\/","url":"https:\/\/citystop.ee\/en\/packages\/museumpackage\/","name":"Day in museums - CITYSTOP","isPartOf":{"@id":"https:\/\/citystop.ee\/en\/#website"},"datePublished":"2017-12-11T12:23:00+00:00","dateModified":"2024-04-11T08:24:33+00:00","breadcrumb":{"@id":"https:\/\/citystop.ee\/en\/packages\/museumpackage\/#breadcrumb"},"inLanguage":"en-US","potentialAction":[{"@type":"ReadAction","target":["https:\/\/citystop.ee\/en\/packages\/museumpackage\/"]}]},{"@type":"BreadcrumbList","@id":"https:\/\/citystop.ee\/en\/packages\/museumpackage\/#breadcrumb","itemListElement":[{"@type":"ListItem","position":1,"name":"Home","item":"https:\/\/citystop.ee\/en\/"},{"@type":"ListItem","position":2,"name":"Packages","item":"https:\/\/citystop.ee\/en\/packages\/"},{"@type":"ListItem","position":3,"name":"Day in museums"}]},{"@type":"WebSite","@id":"https:\/\/citystop.ee\/en\/#website","url":"https:\/\/citystop.ee\/en\/","name":"CITYSTOP","description":"Parima hinna ja kvaliteedi suhtega majutus Tartus","potentialAction":[{"@type":"SearchAction","target":{"@type":"EntryPoint","urlTemplate":"https:\/\/citystop.ee\/en\/?s={search_term_string}"},"query-input":{"@type":"PropertyValueSpecification","valueRequired":true,"valueName":"search_term_string"}}],"inLanguage":"en-US"}]}},"_links":{"self":[{"href":"https:\/\/citystop.ee\/en\/wp-json\/wp\/v2\/pages\/2516","targetHints":{"allow":["GET"]}}],"collection":[{"href":"https:\/\/citystop.ee\/en\/wp-json\/wp\/v2\/pages"}],"about":[{"href":"https:\/\/citystop.ee\/en\/wp-json\/wp\/v2\/types\/page"}],"author":[{"embeddable":true,"href":"https:\/\/citystop.ee\/en\/wp-json\/wp\/v2\/users\/1"}],"replies":[{"embeddable":true,"href":"https:\/\/citystop.ee\/en\/wp-json\/wp\/v2\/comments?post=2516"}],"version-history":[{"count":1,"href":"https:\/\/citystop.ee\/en\/wp-json\/wp\/v2\/pages\/2516\/revisions"}],"predecessor-version":[{"id":7032,"href":"https:\/\/citystop.ee\/en\/wp-json\/wp\/v2\/pages\/2516\/revisions\/7032"}],"up":[{"embeddable":true,"href":"https:\/\/citystop.ee\/en\/wp-json\/wp\/v2\/pages\/2662"}],"wp:attachment":[{"href":"https:\/\/citystop.ee\/en\/wp-json\/wp\/v2\/media?parent=2516"}],"curies":[{"name":"wp","href":"https:\/\/api.w.org\/{rel}","templated":true}]}}