{"id":2508,"date":"2018-03-21T10:38:23","date_gmt":"2018-03-21T10:38:23","guid":{"rendered":"http:\/\/citystop.ee\/perepakett-perepuhkus\/"},"modified":"2024-04-11T11:24:33","modified_gmt":"2024-04-11T08:24:33","slug":"relaxing-familyvacation","status":"publish","type":"page","link":"https:\/\/citystop.ee\/en\/packages\/relaxing-familyvacation\/","title":{"rendered":"Family package &#8221; Relaxing vacation with family&#8221;"},"content":{"rendered":"<\/p>\n<p>RELAXING FAMILY VACATION<\/p>\n<p>Duration: 2 nights and 3 daysPrice 2 adults + 2 children\u00a0 &#8211; 219 \u20ac<br \/>\nExtra person 20 \u20ac<br \/>\nAbout package:<\/p>\n<p>Ice Age Centre and Aura Waterpark tickets<br \/>\nUpsidedown House and VSpa tickets<br \/>\nOur Starest hotel will quarantee You pleasant sleep<br \/>\nCheck in starts 14:00, but is possible to get tickets before check-in.<br \/>\nSweets and drawings for children<br \/>\nSoft drinks\u00a0 for adults<\/p>\n<p>\u00a0<\/p>\n<p>\u00a0<br \/>\nLisainformatsiooni soovi korral helistage meile numbril +372 7400 674 v\u00f5i saatke e-kiri aadressile: info@starest.ee<br \/>\nPAKETTI ON V\u00d5IMALIK TELLIDA KA GRUPPIDELE! Hind s\u00f5ltub inimeste arvust grupis.  K\u00fcsige pakkumist! Lisaks soovitame:- Meie majas asuv lastehoid Tupsik- L\u00f5bus perep\u00e4ev Vuti Vudilas- Kinoelamused Cinamonis ja Ekraanis- L\u00f5unakeskuse uisuv\u00e4li<br \/>\nNB! Tutvuge k\u00fclastuskohtade lahtiolekuaegadega!<br \/>\n\u00a0<br \/>\nAura Keskuse lahtiolekuajad v\u00f5idup\u00fchal ja jaanip\u00e4eval:<br \/>\n23.06.2019\u00a0 9:00-17:00<br \/>\n24.06.2019\u00a0 12:00-22:00<\/p>\n<p>Mida Tartus teha?<\/p>\n<p>Lugege l\u00e4hemalt tegevuste kohta Tartus<\/p>\n<p>Soodustus Aasia restoranides\u00a0-20%<\/p>\n<p>Lugege meie soodustuste kohta siit<\/p>\n<p><!-- {\"name\":\"FAQ\",\"type\":\"layout\",\"children\":[{\"name\":\"Intro text\",\"type\":\"section\",\"props\":{\"width\":\"default\",\"padding\":\"large\",\"style\":\"primary\",\"text_color\":\"\",\"media\":\"images\\\/home-header.jpg\",\"height_viewport\":true,\"header_overlay\":\"light\",\"image\":\"\",\"media_advanced\":true,\"image_size\":\"cover\",\"media_background\":null,\"media_overlay\":null,\"height\":\"percent\",\"animation\":\"\",\"header_transparent\":\"\",\"image_position\":\"center-right\",\"image_width\":\"\",\"image_height\":\"\",\"image_fixed\":false,\"media_blend_mode\":\"\",\"overlap\":false,\"padding_remove_bottom\":false,\"image_visibility\":\"s\",\"image_effect\":\"parallax\",\"image_parallax\":-540,\"padding_remove_top\":false,\"image_parallax_bgy_end\":\"\",\"image_parallax_bgy_start\":\"70\",\"image_parallax_bgx_start\":\"\",\"image_parallax_bgx_end\":\"\",\"image_parallax_breakpoint\":\"m\",\"vertical_align\":\"middle\",\"title_position\":\"top-left\",\"title_rotation\":\"left\",\"title_breakpoint\":\"xl\",\"id\":\"esimeneosasisu\",\"class\":\"esimeneosasisu\"},\"children\":[{\"name\":\"\",\"type\":\"row\",\"props\":{\"layout\":\"1-1\",\"breakpoint\":\"m\",\"fixed_width\":\"large\",\"margin\":\"large\",\"vertical_align\":false,\"match\":false,\"width\":\"expand\",\"gutter\":\"small\",\"divider\":false},\"children\":[{\"name\":\"\",\"type\":\"column\",\"props\":{\"image_position\":\"center-center\",\"widths\":[\"1-1\"],\"style\":\"\",\"image\":\"\",\"image_size\":\"cover\"},\"children\":[{\"name\":\"\",\"type\":\"html\",\"props\":{\"content\":\"\n\n<div class=\\\"yleminesisuleht\\\"><\\\/div>\"}},{\"name\":\"pealkirirooms\",\"type\":\"headline\",\"props\":{\"title_element\":\"h1\",\"content\":\"RELAXING FAMILY VACATION\",\"title_style\":\"heading-hero\",\"text_align\":\"center\",\"text_align_fallback\":\"\",\"maxwidth\":\"\",\"maxwidth_align\":\"\",\"animation\":\"parallax\",\"text_align_breakpoint\":\"\",\"margin\":\"remove-vertical\",\"margin_remove_top\":false,\"margin_remove_bottom\":false,\"title_color\":\"\",\"parallax_y\":\"\",\"parallax_opacity\":\"\",\"parallax_velocity\":\"\",\"parallax_y_end\":\"-50\",\"parallax_breakpoint\":\"s\",\"id\":\"pealkirirooms\",\"class\":\"pealkirirooms\",\"title_decoration\":\"\",\"maxwidth_breakpoint\":\"\",\"visibility\":\"\"}},{\"name\":\"\",\"type\":\"image\",\"props\":{\"margin\":\"default\",\"image\":\"wp-content\\\/uploads\\\/L\\u00f5\\u00f5gastav-perepuhkus.png\",\"link\":\"www.starest.ee\\\/paketid\\\/perepakett-perepuhkus\",\"link_target\":\"\",\"image_border\":\"\",\"image_box_shadow\":\"\",\"image_hover_box_shadow\":\"\",\"image_box_decoration\":\"\",\"text_align\":\"\",\"text_align_breakpoint\":\"\",\"text_align_fallback\":\"\",\"maxwidth\":\"\",\"maxwidth_align\":\"\",\"maxwidth_breakpoint\":\"\",\"animation\":\"\",\"visibility\":\"\"}}]}]},{\"name\":\"\",\"type\":\"row\",\"props\":{\"fixed_width\":\"large\",\"breakpoint\":\"m\",\"layout\":\",\"},\"children\":[{\"name\":\"\",\"type\":\"column\",\"props\":{\"widths\":[\"\"],\"image_position\":\"center-center\",\"style\":\"primary\"},\"children\":[{\"name\":\"\",\"type\":\"text\",\"props\":{\"margin\":\"default\",\"column_breakpoint\":\"m\",\"content\":\"\n\n<p style=\\\"font-weight: 400;\\\">Duration: 2 nights and 3 days<b>Price 2 adults + 2 children\\u00a0 - 219 \\u20ac<\\\/b><\\\/p>\\n\n\n<p style=\\\"font-weight: 400;\\\"><span style=\\\"font-weight: 400;\\\">Extra person 20 \\u20ac<\\\/span><\\\/p>\\n\n\n<p style=\\\"font-weight: 400;\\\"><span style=\\\"font-weight: 400;\\\">About package:<\\\/span><\\\/p>\\n\n\n<ul style=\\\"font-weight: 400;\\\">\\n\n\n<li style=\\\"font-weight: 400;\\\"><span style=\\\"font-weight: 400;\\\">Ice Age Centre and Aura Waterpark tickets<\\\/span><\\\/li>\\n\n\n<li style=\\\"font-weight: 400;\\\"><span style=\\\"font-weight: 400;\\\">Upsidedown House and VSpa tickets<\\\/span><\\\/li>\\n\n\n<li style=\\\"font-weight: 400;\\\"><span style=\\\"font-weight: 400;\\\">Our Starest hotel will quarantee You pleasant sleep<\\\/span><\\\/li>\\n\n\n<li style=\\\"font-weight: 400;\\\"><span style=\\\"font-weight: 400;\\\">Check in starts 14:00, but is possible to get tickets before check-in.<\\\/span><\\\/li>\\n\n\n<li style=\\\"font-weight: 400;\\\"><span style=\\\"font-weight: 400;\\\">Sweets and drawings for children<\\\/span><\\\/li>\\n\n\n<li style=\\\"font-weight: 400;\\\"><span style=\\\"font-weight: 400;\\\">Soft drinks\\u00a0 for adults<\\\/span><\\\/li>\\n<\\\/ul>\\n\n\n<p>\\u00a0<\\\/p>\",\"text_style\":\"\",\"text_color\":\"\",\"text_size\":\"\",\"column\":\"\",\"text_align\":\"\",\"text_align_breakpoint\":\"\",\"text_align_fallback\":\"\",\"maxwidth\":\"\",\"maxwidth_align\":\"\",\"maxwidth_breakpoint\":\"\",\"animation\":\"\",\"visibility\":\"\"}}]},{\"name\":\"\",\"type\":\"column\",\"props\":{\"widths\":[\"\"],\"image_position\":\"center-center\",\"style\":\"secondary\"},\"children\":[{\"name\":\"\",\"type\":\"text\",\"props\":{\"margin\":\"default\",\"column_breakpoint\":\"m\",\"content\":\"\n\n<p>\\u00a0<\\\/p>\\n\n\n<p>Lisainformatsiooni soovi korral helistage meile numbril <a href=\\\"tel:003727400674\\\" target=\\\"_parent\\\"><strong style=\\\"font-weight: 900 !important;\\\">+372 7400 674<\\\/strong><\\\/a> v\\u00f5i saatke e-kiri aadressile: <a href=\\\"mailto:info@starest.ee\\\" target=\\\"_blank\\\" rel=\\\"noopener\\\"><strong style=\\\"font-weight: 900 !important;\\\">info@starest.ee<\\\/strong><\\\/a><\\\/p>\\n\n\n<p><strong style=\\\"font-weight: 900 !important;\\\">PAKETTI ON V\\u00d5IMALIK TELLIDA KA GRUPPIDELE! Hind s\\u00f5ltub inimeste arvust grupis. <\\\/strong> <strong style=\\\"font-weight: 900 !important;\\\"><a href=\\\"\\\/kontakt\\\" target=\\\"_parent\\\">K\\u00fcsige pakkumist!<\\\/a><\\\/strong> <strong><br \\\/>Lisaks soovitame:<\\\/strong><br \\\/>- Meie majas asuv <a href=\\\"http:\\\/\\\/tupsik.ee\\\/\\\">lastehoid Tupsik<\\\/a><br \\\/>- L\\u00f5bus perep\\u00e4ev <a href=\\\"http:\\\/\\\/vudila.ee\\\/\\\" target=\\\"_blank\\\" rel=\\\"noopener\\\">Vuti Vudilas<\\\/a><br \\\/>- Kinoelamused <a href=\\\"http:\\\/\\\/www.cinamon.ee\\\/\\\" target=\\\"_blank\\\" rel=\\\"noopener\\\">Cinamonis<\\\/a> ja <a href=\\\"http:\\\/\\\/www.forumcinemas.ee\\\/\\\" target=\\\"_blank\\\" rel=\\\"noopener\\\">Ekraanis<\\\/a><br \\\/>- L\\u00f5unakeskuse <a href=\\\"http:\\\/\\\/www.lounakeskus.com\\\/maja\\\/liuvali\\\" target=\\\"_blank\\\" rel=\\\"noopener\\\">uisuv\\u00e4li<\\\/a><\\\/p>\\n\n\n<p><strong style=\\\"font-weight: 900 !important;\\\">NB!<\\\/strong> Tutvuge k\\u00fclastuskohtade lahtiolekuaegadega!<\\\/p>\\n\n\n<p>\\u00a0<\\\/p>\\n\n\n<p>Aura Keskuse lahtiolekuajad v\\u00f5idup\\u00fchal ja jaanip\\u00e4eval:<\\\/p>\\n\n\n<p>23.06.2019\\u00a0 9:00-17:00<\\\/p>\\n\n\n<p>24.06.2019\\u00a0 12:00-22:00<\\\/p>\",\"text_style\":\"\",\"text_color\":\"\",\"text_size\":\"\",\"column\":\"\",\"text_align\":\"\",\"text_align_breakpoint\":\"\",\"text_align_fallback\":\"\",\"maxwidth\":\"\",\"maxwidth_align\":\"\",\"maxwidth_breakpoint\":\"\",\"animation\":\"\",\"visibility\":\"\"}}]}]}]},{\"name\":\"Activities in Tartu & Packages & Offers\",\"type\":\"section\",\"props\":{\"width\":\"\",\"padding\":\"none\",\"style\":\"default\",\"text_color\":\"\",\"media\":\"\",\"height_viewport\":false,\"header_overlay\":\"light\",\"animation\":\"slide-top-small\",\"padding_remove_top\":false,\"image_size\":\"cover\",\"image_position\":\"center-center\",\"vertical_align\":\"middle\",\"title_position\":\"top-left\",\"title_rotation\":\"left\",\"title_breakpoint\":\"xl\",\"header_transparent\":\"\"},\"children\":[{\"name\":\"\",\"type\":\"row\",\"props\":{\"layout\":\",\",\"breakpoint\":\"m\",\"margin\":\"small\",\"fixed_width\":\"large\",\"width\":\"\",\"vertical_align\":false,\"match\":false,\"gutter\":\"collapse\"},\"children\":[{\"name\":\"\",\"type\":\"column\",\"props\":{\"image_position\":\"center-center\",\"widths\":[\"\"],\"image\":\"wp-content\\\/uploads\\\/starest-things-to-do-in-tartu.jpg\",\"image_width\":\"700\",\"image_height\":\"470\",\"style\":\"\",\"preserve_color\":false,\"padding\":\"large\",\"image_size\":\"cover\"},\"children\":[{\"name\":\"\",\"type\":\"headline\",\"props\":{\"title_element\":\"h2\",\"content\":\"Mida Tartus teha?\",\"title_style\":\"heading-primary\",\"animation\":\"parallax\",\"parallax_y_end\":\"-50\",\"margin\":\"small\",\"parallax_breakpoint\":\"m\",\"maxwidth\":\"xxlarge\",\"maxwidth_align\":\"center\"}},{\"name\":\"\",\"type\":\"button\",\"props\":{\"gutter\":\"small\",\"margin\":\"remove-vertical\",\"button_size\":\"\",\"animation\":\"parallax\",\"parallax_y_end\":\"-50\",\"parallax_breakpoint\":\"m\",\"maxwidth\":\"xxlarge\",\"maxwidth_align\":\"center\"},\"children\":[{\"name\":\"\",\"type\":\"button_item\",\"props\":{\"button_style\":\"text\",\"icon_align\":\"left\",\"content\":\"Lugege l\\u00e4hemalt tegevuste kohta Tartus\",\"link\":\"\\\/kontakt\\\/tegevused-tartus\"}}]}]},{\"name\":\"\",\"type\":\"column\",\"props\":{\"image_position\":\"center-center\",\"widths\":[\"\"],\"image\":\"\",\"image_width\":\"100%\",\"image_height\":\"auto\",\"image_size\":\"cover\",\"padding\":\"large\",\"style\":\"primary\",\"preserve_color\":false},\"children\":[{\"name\":\"\",\"type\":\"headline\",\"props\":{\"title_element\":\"h2\",\"content\":\"Soodustus Aasia restoranides\\u00a0<strong style=\\\"font-weight: 900 !important; color: #e0c166 !important;\\\">-20%<\\\/strong>\",\"title_style\":\"heading-primary\",\"animation\":\"parallax\",\"parallax_y_end\":\"-50\",\"margin\":\"small\",\"parallax_breakpoint\":\"m\",\"maxwidth\":\"xxlarge\",\"maxwidth_align\":\"center\"}},{\"name\":\"\",\"type\":\"button\",\"props\":{\"gutter\":\"small\",\"margin\":\"remove-vertical\",\"button_size\":\"\",\"animation\":\"parallax\",\"parallax_y_end\":\"-50\",\"parallax_breakpoint\":\"m\",\"maxwidth\":\"xxlarge\",\"maxwidth_align\":\"center\"},\"children\":[{\"name\":\"\",\"type\":\"button_item\",\"props\":{\"button_style\":\"text\",\"icon_align\":\"left\",\"content\":\"Lugege meie soodustuste kohta siit\",\"link\":\"http:\\\/\\\/citystop.ee\\\/pakkumised\\\/\"}}]}]}]}]}]} --><\/p>\n","protected":false},"excerpt":{"rendered":"<p>RELAXING FAMILY VACATION Duration: 2 nights and 3 daysPrice 2 adults + 2 children\u00a0 &#8211; 219 \u20ac Extra person 20 \u20ac About package: Ice Age Centre and Aura Waterpark tickets Upsidedown House and VSpa tickets Our Starest hotel will quarantee You pleasant sleep Check in starts 14:00, but is possible to get tickets before check-in. [&hellip;]<\/p>\n","protected":false},"author":1,"featured_media":0,"parent":2662,"menu_order":9,"comment_status":"closed","ping_status":"closed","template":"","meta":{"_acf_changed":false,"footnotes":""},"class_list":["post-2508","page","type-page","status-publish","hentry"],"acf":[],"yoast_head":"<!-- This site is optimized with the Yoast SEO plugin v27.4 - https:\/\/yoast.com\/product\/yoast-seo-wordpress\/ -->\n<title>Family package &quot; Relaxing vacation with family&quot; - CITYSTOP<\/title>\n<meta name=\"robots\" content=\"index, follow, max-snippet:-1, max-image-preview:large, max-video-preview:-1\" \/>\n<link rel=\"canonical\" href=\"https:\/\/citystop.ee\/en\/packages\/relaxing-familyvacation\/\" \/>\n<meta property=\"og:locale\" content=\"en_US\" \/>\n<meta property=\"og:type\" content=\"article\" \/>\n<meta property=\"og:title\" content=\"Family package &quot; Relaxing vacation with family&quot; - CITYSTOP\" \/>\n<meta property=\"og:description\" content=\"RELAXING FAMILY VACATION Duration: 2 nights and 3 daysPrice 2 adults + 2 children\u00a0 &#8211; 219 \u20ac Extra person 20 \u20ac About package: Ice Age Centre and Aura Waterpark tickets Upsidedown House and VSpa tickets Our Starest hotel will quarantee You pleasant sleep Check in starts 14:00, but is possible to get tickets before check-in. [&hellip;]\" \/>\n<meta property=\"og:url\" content=\"https:\/\/citystop.ee\/en\/packages\/relaxing-familyvacation\/\" \/>\n<meta property=\"og:site_name\" content=\"CITYSTOP\" \/>\n<meta property=\"article:modified_time\" content=\"2024-04-11T08:24:33+00:00\" \/>\n<meta name=\"twitter:card\" content=\"summary_large_image\" \/>\n<meta name=\"twitter:label1\" content=\"Est. reading time\" \/>\n\t<meta name=\"twitter:data1\" content=\"1 minute\" \/>\n<script type=\"application\/ld+json\" class=\"yoast-schema-graph\">{\"@context\":\"https:\\\/\\\/schema.org\",\"@graph\":[{\"@type\":\"WebPage\",\"@id\":\"https:\\\/\\\/citystop.ee\\\/en\\\/packages\\\/relaxing-familyvacation\\\/\",\"url\":\"https:\\\/\\\/citystop.ee\\\/en\\\/packages\\\/relaxing-familyvacation\\\/\",\"name\":\"Family package \\\" Relaxing vacation with family\\\" - CITYSTOP\",\"isPartOf\":{\"@id\":\"https:\\\/\\\/citystop.ee\\\/en\\\/#website\"},\"datePublished\":\"2018-03-21T10:38:23+00:00\",\"dateModified\":\"2024-04-11T08:24:33+00:00\",\"breadcrumb\":{\"@id\":\"https:\\\/\\\/citystop.ee\\\/en\\\/packages\\\/relaxing-familyvacation\\\/#breadcrumb\"},\"inLanguage\":\"en-US\",\"potentialAction\":[{\"@type\":\"ReadAction\",\"target\":[\"https:\\\/\\\/citystop.ee\\\/en\\\/packages\\\/relaxing-familyvacation\\\/\"]}]},{\"@type\":\"BreadcrumbList\",\"@id\":\"https:\\\/\\\/citystop.ee\\\/en\\\/packages\\\/relaxing-familyvacation\\\/#breadcrumb\",\"itemListElement\":[{\"@type\":\"ListItem\",\"position\":1,\"name\":\"Home\",\"item\":\"https:\\\/\\\/citystop.ee\\\/en\\\/\"},{\"@type\":\"ListItem\",\"position\":2,\"name\":\"Packages\",\"item\":\"https:\\\/\\\/citystop.ee\\\/en\\\/packages\\\/\"},{\"@type\":\"ListItem\",\"position\":3,\"name\":\"Family package &#8221; Relaxing vacation with family&#8221;\"}]},{\"@type\":\"WebSite\",\"@id\":\"https:\\\/\\\/citystop.ee\\\/en\\\/#website\",\"url\":\"https:\\\/\\\/citystop.ee\\\/en\\\/\",\"name\":\"CITYSTOP\",\"description\":\"Parima hinna ja kvaliteedi suhtega majutus Tartus\",\"potentialAction\":[{\"@type\":\"SearchAction\",\"target\":{\"@type\":\"EntryPoint\",\"urlTemplate\":\"https:\\\/\\\/citystop.ee\\\/en\\\/?s={search_term_string}\"},\"query-input\":{\"@type\":\"PropertyValueSpecification\",\"valueRequired\":true,\"valueName\":\"search_term_string\"}}],\"inLanguage\":\"en-US\"}]}<\/script>\n<!-- \/ Yoast SEO plugin. -->","yoast_head_json":{"title":"Family package \" Relaxing vacation with family\" - CITYSTOP","robots":{"index":"index","follow":"follow","max-snippet":"max-snippet:-1","max-image-preview":"max-image-preview:large","max-video-preview":"max-video-preview:-1"},"canonical":"https:\/\/citystop.ee\/en\/packages\/relaxing-familyvacation\/","og_locale":"en_US","og_type":"article","og_title":"Family package \" Relaxing vacation with family\" - CITYSTOP","og_description":"RELAXING FAMILY VACATION Duration: 2 nights and 3 daysPrice 2 adults + 2 children\u00a0 &#8211; 219 \u20ac Extra person 20 \u20ac About package: Ice Age Centre and Aura Waterpark tickets Upsidedown House and VSpa tickets Our Starest hotel will quarantee You pleasant sleep Check in starts 14:00, but is possible to get tickets before check-in. [&hellip;]","og_url":"https:\/\/citystop.ee\/en\/packages\/relaxing-familyvacation\/","og_site_name":"CITYSTOP","article_modified_time":"2024-04-11T08:24:33+00:00","twitter_card":"summary_large_image","twitter_misc":{"Est. reading time":"1 minute"},"schema":{"@context":"https:\/\/schema.org","@graph":[{"@type":"WebPage","@id":"https:\/\/citystop.ee\/en\/packages\/relaxing-familyvacation\/","url":"https:\/\/citystop.ee\/en\/packages\/relaxing-familyvacation\/","name":"Family package \" Relaxing vacation with family\" - CITYSTOP","isPartOf":{"@id":"https:\/\/citystop.ee\/en\/#website"},"datePublished":"2018-03-21T10:38:23+00:00","dateModified":"2024-04-11T08:24:33+00:00","breadcrumb":{"@id":"https:\/\/citystop.ee\/en\/packages\/relaxing-familyvacation\/#breadcrumb"},"inLanguage":"en-US","potentialAction":[{"@type":"ReadAction","target":["https:\/\/citystop.ee\/en\/packages\/relaxing-familyvacation\/"]}]},{"@type":"BreadcrumbList","@id":"https:\/\/citystop.ee\/en\/packages\/relaxing-familyvacation\/#breadcrumb","itemListElement":[{"@type":"ListItem","position":1,"name":"Home","item":"https:\/\/citystop.ee\/en\/"},{"@type":"ListItem","position":2,"name":"Packages","item":"https:\/\/citystop.ee\/en\/packages\/"},{"@type":"ListItem","position":3,"name":"Family package &#8221; Relaxing vacation with family&#8221;"}]},{"@type":"WebSite","@id":"https:\/\/citystop.ee\/en\/#website","url":"https:\/\/citystop.ee\/en\/","name":"CITYSTOP","description":"Parima hinna ja kvaliteedi suhtega majutus Tartus","potentialAction":[{"@type":"SearchAction","target":{"@type":"EntryPoint","urlTemplate":"https:\/\/citystop.ee\/en\/?s={search_term_string}"},"query-input":{"@type":"PropertyValueSpecification","valueRequired":true,"valueName":"search_term_string"}}],"inLanguage":"en-US"}]}},"_links":{"self":[{"href":"https:\/\/citystop.ee\/en\/wp-json\/wp\/v2\/pages\/2508","targetHints":{"allow":["GET"]}}],"collection":[{"href":"https:\/\/citystop.ee\/en\/wp-json\/wp\/v2\/pages"}],"about":[{"href":"https:\/\/citystop.ee\/en\/wp-json\/wp\/v2\/types\/page"}],"author":[{"embeddable":true,"href":"https:\/\/citystop.ee\/en\/wp-json\/wp\/v2\/users\/1"}],"replies":[{"embeddable":true,"href":"https:\/\/citystop.ee\/en\/wp-json\/wp\/v2\/comments?post=2508"}],"version-history":[{"count":5,"href":"https:\/\/citystop.ee\/en\/wp-json\/wp\/v2\/pages\/2508\/revisions"}],"predecessor-version":[{"id":3635,"href":"https:\/\/citystop.ee\/en\/wp-json\/wp\/v2\/pages\/2508\/revisions\/3635"}],"up":[{"embeddable":true,"href":"https:\/\/citystop.ee\/en\/wp-json\/wp\/v2\/pages\/2662"}],"wp:attachment":[{"href":"https:\/\/citystop.ee\/en\/wp-json\/wp\/v2\/media?parent=2508"}],"curies":[{"name":"wp","href":"https:\/\/api.w.org\/{rel}","templated":true}]}}