{"id":2498,"date":"2018-06-12T11:51:22","date_gmt":"2018-06-12T11:51:22","guid":{"rendered":"http:\/\/citystop.ee\/perepakett-vudila-aahhaa-jaaajakeskus\/"},"modified":"2024-04-11T11:24:33","modified_gmt":"2024-04-11T08:24:33","slug":"ahhaa-vudila-iceage-package","status":"publish","type":"page","link":"https:\/\/citystop.ee\/en\/packages\/ahhaa-vudila-iceage-package\/","title":{"rendered":"Family package (Vudila Playland, AHHAA &#038; Iceage Centre)"},"content":{"rendered":"<p><div class=\"yleminesisuleht\"><\/div>\n<\/p>\n<p>Perepakett (Vudila, AHHAA ja J\u00e4\u00e4ajakeskus)<\/p>\n<p><strong style=\"font-weight: 900 !important;\">Kestvus:<\/strong><em><strong style=\"font-weight: 900 !important; color: #e0c166 !important;\">\u00a02 \u00f6\u00f6d ja 3 p\u00e4eva<\/strong><\/em> <strong style=\"font-weight: 900 !important;\">Hind: Kaks t\u00e4iskasvanut + 1-3 last (kuni 18.a.)<\/strong> <em><strong style=\"font-weight: 900 !important; color: #e0c166 !important;\">239\u20ac<\/strong><\/em><\/p>\n<p><strong style=\"font-weight: 900 !important;\">Pakett sisaldab:<\/strong><\/p>\n<ul>\n<li>M\u00f5nusa une garanteerib Teie perele k\u00f5igi mugavustega peretuba\u00a0<\/li>\n<li>Toas ootavad lapsi magus \u00fcllatus ning joonistustarbed<\/li>\n<li><em style=\"color: #fff !important;\"><span style=\"font-weight: 900 !important;\"><a class=\"packagea\" href=\"http:\/\/www.aurakeskus.ee\/\" target=\"_blank\" rel=\"noopener\">AHHAA teaduskeskuse k\u00fclastus<\/a><\/span><\/em><\/li>\n<li><a href=\"http:\/\/jaaaeg.ee\/et\/avaleht\/\"><strong><em style=\"color: #fff !important;\">J\u00e4\u00e4ajakeskuse k\u00fclastus<\/em><\/strong><\/a><\/li>\n<li><em style=\"color: #fff !important;\"><span style=\"font-weight: 900 !important;\"><a class=\"packagea\" href=\"http:\/\/vudila.ee\/\" target=\"_blank\" rel=\"noopener\">Vudila m\u00e4ngumaa k\u00fclastus<\/a><\/span><\/em><\/li>\n<li><em style=\"color: #fff !important;\">\u00a0Toitva alguse p\u00e4evale annab rikkalik hommikueine<\/em><\/li>\n<li><em style=\"color: #fff !important;\">Tasuta parkimine ja WiFi<\/em><\/li>\n<li><em style=\"color: #fff !important;\">\u00d5htus\u00f6\u00f6ki soovitame nautida restoranides <a class=\"packagea\" href=\"https:\/\/asianchef.ee\/\" target=\"_blank\" rel=\"noopener\"><span style=\"font-weight: 900 !important;\">Asian Chef<\/span><\/a> &amp; <a class=\"packagea\" href=\"https:\/\/hotpot.ee\/\" target=\"_blank\" rel=\"noopener\"><span style=\"font-weight: 900 !important;\">Hot Pot<\/span><\/a><\/em><\/li>\n<\/ul>\n<p>Lisainformatsiooni soovi korral helistage meile numbril <a href=\"tel:003727400674\" target=\"_parent\"><strong style=\"font-weight: 900 !important;\">+372 7400 674<\/strong><\/a> v\u00f5i saatke e-kiri aadressile: <a href=\"mailto:info@starest.ee\" target=\"_blank\" rel=\"noopener\"><strong style=\"font-weight: 900 !important;\">info@starest.ee<\/strong><\/a><\/p>\n<p><strong style=\"font-weight: 900 !important;\">PAKETTI ON V\u00d5IMALIK TELLIDA KA GRUPPIDELE! Hind s\u00f5ltub inimeste arvust grupis. <\/strong><strong style=\"font-weight: 900 !important;\"><a href=\"\/?page_id=21\" target=\"_parent\">K\u00fcsige pakkumist!<\/a><\/strong><\/p>\n<p><strong style=\"font-weight: 900 !important;\"> <strong style=\"font-weight: 900 !important;\">NB!<\/strong> Tutvuge k\u00fclastuskohtade lahtiolekuaegadega!<\/strong><\/p>\n<p>\u00a0<\/p>\n<p>Mida Tartus teha?<\/p>\n<p>Lugege l\u00e4hemalt tegevuste kohta Tartus<\/p>\n<p>Soodustus Aasia restoranides\u00a0<strong style=\"font-weight: 900 !important; color: #e0c166 !important;\">-20%<\/strong><\/p>\n<p>Lugege meie soodustuste kohta siit<\/p>\n<p><!-- {\"name\":\"FAQ\",\"type\":\"layout\",\"children\":[{\"name\":\"Intro text\",\"type\":\"section\",\"props\":{\"width\":\"default\",\"padding\":\"large\",\"style\":\"primary\",\"text_color\":\"\",\"media\":\"images\\\/home-header.jpg\",\"height_viewport\":true,\"header_overlay\":\"light\",\"image\":\"\",\"media_advanced\":true,\"image_size\":\"cover\",\"media_background\":null,\"media_overlay\":null,\"height\":\"percent\",\"animation\":\"\",\"header_transparent\":\"\",\"image_position\":\"center-right\",\"image_width\":\"\",\"image_height\":\"\",\"image_fixed\":false,\"media_blend_mode\":\"\",\"overlap\":false,\"padding_remove_bottom\":false,\"image_visibility\":\"s\",\"image_effect\":\"parallax\",\"image_parallax\":-540,\"padding_remove_top\":false,\"image_parallax_bgy_end\":\"\",\"image_parallax_bgy_start\":\"70\",\"image_parallax_bgx_start\":\"\",\"image_parallax_bgx_end\":\"\",\"image_parallax_breakpoint\":\"m\",\"vertical_align\":\"middle\",\"title_position\":\"top-left\",\"title_rotation\":\"left\",\"title_breakpoint\":\"xl\",\"id\":\"esimeneosasisu\",\"class\":\"esimeneosasisu\"},\"children\":[{\"name\":\"\",\"type\":\"row\",\"props\":{\"layout\":\"1-1\",\"breakpoint\":\"m\",\"fixed_width\":\"large\",\"margin\":\"large\",\"vertical_align\":false,\"match\":false,\"width\":\"expand\",\"gutter\":\"small\",\"divider\":false},\"children\":[{\"name\":\"\",\"type\":\"column\",\"props\":{\"image_position\":\"center-center\",\"widths\":[\"1-1\"],\"style\":\"\",\"image\":\"\",\"image_size\":\"cover\"},\"children\":[{\"name\":\"\",\"type\":\"html\",\"props\":{\"content\":\"\n\n<div class=\\\"yleminesisuleht\\\"><\\\/div>\"}},{\"name\":\"pealkirirooms\",\"type\":\"headline\",\"props\":{\"title_element\":\"h1\",\"content\":\"Perepakett (Vudila, AHHAA ja J\\u00e4\\u00e4ajakeskus)\",\"title_style\":\"heading-hero\",\"text_align\":\"center\",\"text_align_fallback\":\"\",\"maxwidth\":\"\",\"maxwidth_align\":\"\",\"animation\":\"parallax\",\"text_align_breakpoint\":\"\",\"margin\":\"remove-vertical\",\"margin_remove_top\":false,\"margin_remove_bottom\":false,\"title_color\":\"\",\"parallax_y\":\"\",\"parallax_opacity\":\"\",\"parallax_velocity\":\"\",\"parallax_y_end\":\"-50\",\"parallax_breakpoint\":\"s\",\"id\":\"pealkirirooms\",\"class\":\"pealkirirooms\"}},{\"name\":\"\",\"type\":\"image\",\"props\":{\"margin\":\"default\",\"image\":\"wp-content\\\/uploads\\\/ahha-vudila-icaagetart-starest-1.jpg\"}}]}]},{\"name\":\"\",\"type\":\"row\",\"props\":{\"fixed_width\":\"large\",\"breakpoint\":\"m\",\"layout\":\",\"},\"children\":[{\"name\":\"\",\"type\":\"column\",\"props\":{\"widths\":[\"\"],\"image_position\":\"center-center\",\"style\":\"primary\"},\"children\":[{\"name\":\"\",\"type\":\"text\",\"props\":{\"margin\":\"default\",\"column_breakpoint\":\"m\",\"content\":\"\n\n<p><strong style=\\\"font-weight: 900 !important;\\\">Kestvus:<\\\/strong><em><strong style=\\\"font-weight: 900 !important; color: #e0c166 !important;\\\">\\u00a02 \\u00f6\\u00f6d ja 3 p\\u00e4eva<\\\/strong><\\\/em> <strong style=\\\"font-weight: 900 !important;\\\">Hind: Kaks t\\u00e4iskasvanut + 1-3 last (kuni 18.a.)<\\\/strong> <em><strong style=\\\"font-weight: 900 !important; color: #e0c166 !important;\\\">239\\u20ac<\\\/strong><\\\/em><\\\/p>\\n\n\n<p><strong style=\\\"font-weight: 900 !important;\\\">Pakett sisaldab:<\\\/strong><\\\/p>\\n\n\n<ul>\\n\n\n<li>M\\u00f5nusa une garanteerib Teie perele k\\u00f5igi mugavustega peretuba\\u00a0<\\\/li>\\n\n\n<li>Toas ootavad lapsi magus \\u00fcllatus ning joonistustarbed<\\\/li>\\n\n\n<li><em style=\\\"color: #fff !important;\\\"><span style=\\\"font-weight: 900 !important;\\\"><a class=\\\"packagea\\\" href=\\\"http:\\\/\\\/www.aurakeskus.ee\\\/\\\" target=\\\"_blank\\\" rel=\\\"noopener\\\">AHHAA teaduskeskuse k\\u00fclastus<\\\/a><\\\/span><\\\/em><\\\/li>\\n\n\n<li><a href=\\\"http:\\\/\\\/jaaaeg.ee\\\/et\\\/avaleht\\\/\\\"><strong><em style=\\\"color: #fff !important;\\\">J\\u00e4\\u00e4ajakeskuse k\\u00fclastus<\\\/em><\\\/strong><\\\/a><\\\/li>\\n\n\n<li><em style=\\\"color: #fff !important;\\\"><span style=\\\"font-weight: 900 !important;\\\"><a class=\\\"packagea\\\" href=\\\"http:\\\/\\\/vudila.ee\\\/\\\" target=\\\"_blank\\\" rel=\\\"noopener\\\">Vudila m\\u00e4ngumaa k\\u00fclastus<\\\/a><\\\/span><\\\/em><\\\/li>\\n\n\n<li><em style=\\\"color: #fff !important;\\\">\\u00a0Toitva alguse p\\u00e4evale annab rikkalik hommikueine<\\\/em><\\\/li>\\n\n\n<li><em style=\\\"color: #fff !important;\\\">Tasuta parkimine ja WiFi<\\\/em><\\\/li>\\n\n\n<li><em style=\\\"color: #fff !important;\\\">\\u00d5htus\\u00f6\\u00f6ki soovitame nautida restoranides <a class=\\\"packagea\\\" href=\\\"https:\\\/\\\/asianchef.ee\\\/\\\" target=\\\"_blank\\\" rel=\\\"noopener\\\"><span style=\\\"font-weight: 900 !important;\\\">Asian Chef<\\\/span><\\\/a> &amp; <a class=\\\"packagea\\\" href=\\\"https:\\\/\\\/hotpot.ee\\\/\\\" target=\\\"_blank\\\" rel=\\\"noopener\\\"><span style=\\\"font-weight: 900 !important;\\\">Hot Pot<\\\/span><\\\/a><\\\/em><\\\/li>\\n<\\\/ul>\"}}]},{\"name\":\"\",\"type\":\"column\",\"props\":{\"widths\":[\"\"],\"image_position\":\"center-center\",\"style\":\"secondary\"},\"children\":[{\"name\":\"\",\"type\":\"text\",\"props\":{\"margin\":\"default\",\"column_breakpoint\":\"m\",\"content\":\"\n\n<p>Lisainformatsiooni soovi korral helistage meile numbril <a href=\\\"tel:003727400674\\\" target=\\\"_parent\\\"><strong style=\\\"font-weight: 900 !important;\\\">+372 7400 674<\\\/strong><\\\/a> v\\u00f5i saatke e-kiri aadressile: <a href=\\\"mailto:info@starest.ee\\\" target=\\\"_blank\\\" rel=\\\"noopener\\\"><strong style=\\\"font-weight: 900 !important;\\\">info@starest.ee<\\\/strong><\\\/a><\\\/p>\\n\n\n<p><strong style=\\\"font-weight: 900 !important;\\\">PAKETTI ON V\\u00d5IMALIK TELLIDA KA GRUPPIDELE! Hind s\\u00f5ltub inimeste arvust grupis. <\\\/strong><strong style=\\\"font-weight: 900 !important;\\\"><a href=\\\"\\\/kontakt\\\" target=\\\"_parent\\\">K\\u00fcsige pakkumist!<\\\/a><\\\/strong><\\\/p>\\n\n\n<p><strong style=\\\"font-weight: 900 !important;\\\"> <strong style=\\\"font-weight: 900 !important;\\\">NB!<\\\/strong> Tutvuge k\\u00fclastuskohtade lahtiolekuaegadega!<\\\/strong><\\\/p>\\n\n\n<p>\\u00a0<\\\/p>\"}}]}]}]},{\"name\":\"Activities in Tartu & Packages & Offers\",\"type\":\"section\",\"props\":{\"width\":\"\",\"padding\":\"none\",\"style\":\"default\",\"text_color\":\"\",\"media\":\"\",\"height_viewport\":false,\"header_overlay\":\"light\",\"animation\":\"slide-top-small\",\"padding_remove_top\":false,\"image_size\":\"cover\",\"image_position\":\"center-center\",\"vertical_align\":\"middle\",\"title_position\":\"top-left\",\"title_rotation\":\"left\",\"title_breakpoint\":\"xl\",\"header_transparent\":\"\"},\"children\":[{\"name\":\"\",\"type\":\"row\",\"props\":{\"layout\":\",\",\"breakpoint\":\"m\",\"margin\":\"small\",\"fixed_width\":\"large\",\"width\":\"\",\"vertical_align\":false,\"match\":false,\"gutter\":\"collapse\"},\"children\":[{\"name\":\"\",\"type\":\"column\",\"props\":{\"image_position\":\"center-center\",\"widths\":[\"\"],\"image\":\"wp-content\\\/uploads\\\/starest-things-to-do-in-tartu.jpg\",\"image_width\":\"700\",\"image_height\":\"470\",\"style\":\"\",\"preserve_color\":false,\"padding\":\"large\",\"image_size\":\"cover\"},\"children\":[{\"name\":\"\",\"type\":\"headline\",\"props\":{\"title_element\":\"h2\",\"content\":\"Mida Tartus teha?\",\"title_style\":\"heading-primary\",\"animation\":\"parallax\",\"parallax_y_end\":\"-50\",\"margin\":\"small\",\"parallax_breakpoint\":\"m\",\"maxwidth\":\"xxlarge\",\"maxwidth_align\":\"center\"}},{\"name\":\"\",\"type\":\"button\",\"props\":{\"gutter\":\"small\",\"margin\":\"remove-vertical\",\"button_size\":\"\",\"animation\":\"parallax\",\"parallax_y_end\":\"-50\",\"parallax_breakpoint\":\"m\",\"maxwidth\":\"xxlarge\",\"maxwidth_align\":\"center\"},\"children\":[{\"name\":\"\",\"type\":\"button_item\",\"props\":{\"button_style\":\"text\",\"icon_align\":\"left\",\"content\":\"Lugege l\\u00e4hemalt tegevuste kohta Tartus\",\"link\":\"\\\/kontakt\\\/tegevused-tartus\"}}]}]},{\"name\":\"\",\"type\":\"column\",\"props\":{\"image_position\":\"center-center\",\"widths\":[\"\"],\"image\":\"\",\"image_width\":\"100%\",\"image_height\":\"auto\",\"image_size\":\"cover\",\"padding\":\"large\",\"style\":\"primary\",\"preserve_color\":false},\"children\":[{\"name\":\"\",\"type\":\"headline\",\"props\":{\"title_element\":\"h2\",\"content\":\"Soodustus Aasia restoranides\\u00a0<strong style=\\\"font-weight: 900 !important; color: #e0c166 !important;\\\">-20%<\\\/strong>\",\"title_style\":\"heading-primary\",\"animation\":\"parallax\",\"parallax_y_end\":\"-50\",\"margin\":\"small\",\"parallax_breakpoint\":\"m\",\"maxwidth\":\"xxlarge\",\"maxwidth_align\":\"center\"}},{\"name\":\"\",\"type\":\"button\",\"props\":{\"gutter\":\"small\",\"margin\":\"remove-vertical\",\"button_size\":\"\",\"animation\":\"parallax\",\"parallax_y_end\":\"-50\",\"parallax_breakpoint\":\"m\",\"maxwidth\":\"xxlarge\",\"maxwidth_align\":\"center\"},\"children\":[{\"name\":\"\",\"type\":\"button_item\",\"props\":{\"button_style\":\"text\",\"icon_align\":\"left\",\"content\":\"Lugege meie soodustuste kohta siit\",\"link\":\"http:\\\/\\\/citystop.ee\\\/pakkumised\\\/\"}}]}]}]}]}]} --><\/p>\n","protected":false},"excerpt":{"rendered":"<p>Perepakett (Vudila, AHHAA ja J\u00e4\u00e4ajakeskus) Kestvus:\u00a02 \u00f6\u00f6d ja 3 p\u00e4eva Hind: Kaks t\u00e4iskasvanut + 1-3 last (kuni 18.a.) 239\u20ac Pakett sisaldab: M\u00f5nusa une garanteerib Teie perele k\u00f5igi mugavustega peretuba\u00a0 Toas ootavad lapsi magus \u00fcllatus ning joonistustarbed AHHAA teaduskeskuse k\u00fclastus J\u00e4\u00e4ajakeskuse k\u00fclastus Vudila m\u00e4ngumaa k\u00fclastus \u00a0Toitva alguse p\u00e4evale annab rikkalik hommikueine Tasuta parkimine ja WiFi \u00d5htus\u00f6\u00f6ki [&hellip;]<\/p>\n","protected":false},"author":1,"featured_media":0,"parent":2662,"menu_order":9,"comment_status":"closed","ping_status":"closed","template":"","meta":{"_acf_changed":false,"footnotes":""},"class_list":["post-2498","page","type-page","status-publish","hentry"],"acf":[],"yoast_head":"<!-- This site is optimized with the Yoast SEO plugin v27.4 - https:\/\/yoast.com\/product\/yoast-seo-wordpress\/ -->\n<title>Family package (Vudila Playland, AHHAA &amp; Iceage Centre) - CITYSTOP<\/title>\n<meta name=\"robots\" content=\"index, follow, max-snippet:-1, max-image-preview:large, max-video-preview:-1\" \/>\n<link rel=\"canonical\" href=\"https:\/\/citystop.ee\/en\/packages\/ahhaa-vudila-iceage-package\/\" \/>\n<meta property=\"og:locale\" content=\"en_US\" \/>\n<meta property=\"og:type\" content=\"article\" \/>\n<meta property=\"og:title\" content=\"Family package (Vudila Playland, AHHAA &amp; Iceage Centre) - CITYSTOP\" \/>\n<meta property=\"og:description\" content=\"Perepakett (Vudila, AHHAA ja J\u00e4\u00e4ajakeskus) Kestvus:\u00a02 \u00f6\u00f6d ja 3 p\u00e4eva Hind: Kaks t\u00e4iskasvanut + 1-3 last (kuni 18.a.) 239\u20ac Pakett sisaldab: M\u00f5nusa une garanteerib Teie perele k\u00f5igi mugavustega peretuba\u00a0 Toas ootavad lapsi magus \u00fcllatus ning joonistustarbed AHHAA teaduskeskuse k\u00fclastus J\u00e4\u00e4ajakeskuse k\u00fclastus Vudila m\u00e4ngumaa k\u00fclastus \u00a0Toitva alguse p\u00e4evale annab rikkalik hommikueine Tasuta parkimine ja WiFi \u00d5htus\u00f6\u00f6ki [&hellip;]\" \/>\n<meta property=\"og:url\" content=\"https:\/\/citystop.ee\/en\/packages\/ahhaa-vudila-iceage-package\/\" \/>\n<meta property=\"og:site_name\" content=\"CITYSTOP\" \/>\n<meta property=\"article:modified_time\" content=\"2024-04-11T08:24:33+00:00\" \/>\n<meta name=\"twitter:card\" content=\"summary_large_image\" \/>\n<meta name=\"twitter:label1\" content=\"Est. reading time\" \/>\n\t<meta name=\"twitter:data1\" content=\"1 minute\" \/>\n<script type=\"application\/ld+json\" class=\"yoast-schema-graph\">{\"@context\":\"https:\\\/\\\/schema.org\",\"@graph\":[{\"@type\":\"WebPage\",\"@id\":\"https:\\\/\\\/citystop.ee\\\/en\\\/packages\\\/ahhaa-vudila-iceage-package\\\/\",\"url\":\"https:\\\/\\\/citystop.ee\\\/en\\\/packages\\\/ahhaa-vudila-iceage-package\\\/\",\"name\":\"Family package (Vudila Playland, AHHAA & Iceage Centre) - CITYSTOP\",\"isPartOf\":{\"@id\":\"https:\\\/\\\/citystop.ee\\\/en\\\/#website\"},\"datePublished\":\"2018-06-12T11:51:22+00:00\",\"dateModified\":\"2024-04-11T08:24:33+00:00\",\"breadcrumb\":{\"@id\":\"https:\\\/\\\/citystop.ee\\\/en\\\/packages\\\/ahhaa-vudila-iceage-package\\\/#breadcrumb\"},\"inLanguage\":\"en-US\",\"potentialAction\":[{\"@type\":\"ReadAction\",\"target\":[\"https:\\\/\\\/citystop.ee\\\/en\\\/packages\\\/ahhaa-vudila-iceage-package\\\/\"]}]},{\"@type\":\"BreadcrumbList\",\"@id\":\"https:\\\/\\\/citystop.ee\\\/en\\\/packages\\\/ahhaa-vudila-iceage-package\\\/#breadcrumb\",\"itemListElement\":[{\"@type\":\"ListItem\",\"position\":1,\"name\":\"Home\",\"item\":\"https:\\\/\\\/citystop.ee\\\/en\\\/\"},{\"@type\":\"ListItem\",\"position\":2,\"name\":\"Packages\",\"item\":\"https:\\\/\\\/citystop.ee\\\/en\\\/packages\\\/\"},{\"@type\":\"ListItem\",\"position\":3,\"name\":\"Family package (Vudila Playland, AHHAA &#038; Iceage Centre)\"}]},{\"@type\":\"WebSite\",\"@id\":\"https:\\\/\\\/citystop.ee\\\/en\\\/#website\",\"url\":\"https:\\\/\\\/citystop.ee\\\/en\\\/\",\"name\":\"CITYSTOP\",\"description\":\"Parima hinna ja kvaliteedi suhtega majutus Tartus\",\"potentialAction\":[{\"@type\":\"SearchAction\",\"target\":{\"@type\":\"EntryPoint\",\"urlTemplate\":\"https:\\\/\\\/citystop.ee\\\/en\\\/?s={search_term_string}\"},\"query-input\":{\"@type\":\"PropertyValueSpecification\",\"valueRequired\":true,\"valueName\":\"search_term_string\"}}],\"inLanguage\":\"en-US\"}]}<\/script>\n<!-- \/ Yoast SEO plugin. -->","yoast_head_json":{"title":"Family package (Vudila Playland, AHHAA & Iceage Centre) - CITYSTOP","robots":{"index":"index","follow":"follow","max-snippet":"max-snippet:-1","max-image-preview":"max-image-preview:large","max-video-preview":"max-video-preview:-1"},"canonical":"https:\/\/citystop.ee\/en\/packages\/ahhaa-vudila-iceage-package\/","og_locale":"en_US","og_type":"article","og_title":"Family package (Vudila Playland, AHHAA & Iceage Centre) - CITYSTOP","og_description":"Perepakett (Vudila, AHHAA ja J\u00e4\u00e4ajakeskus) Kestvus:\u00a02 \u00f6\u00f6d ja 3 p\u00e4eva Hind: Kaks t\u00e4iskasvanut + 1-3 last (kuni 18.a.) 239\u20ac Pakett sisaldab: M\u00f5nusa une garanteerib Teie perele k\u00f5igi mugavustega peretuba\u00a0 Toas ootavad lapsi magus \u00fcllatus ning joonistustarbed AHHAA teaduskeskuse k\u00fclastus J\u00e4\u00e4ajakeskuse k\u00fclastus Vudila m\u00e4ngumaa k\u00fclastus \u00a0Toitva alguse p\u00e4evale annab rikkalik hommikueine Tasuta parkimine ja WiFi \u00d5htus\u00f6\u00f6ki [&hellip;]","og_url":"https:\/\/citystop.ee\/en\/packages\/ahhaa-vudila-iceage-package\/","og_site_name":"CITYSTOP","article_modified_time":"2024-04-11T08:24:33+00:00","twitter_card":"summary_large_image","twitter_misc":{"Est. reading time":"1 minute"},"schema":{"@context":"https:\/\/schema.org","@graph":[{"@type":"WebPage","@id":"https:\/\/citystop.ee\/en\/packages\/ahhaa-vudila-iceage-package\/","url":"https:\/\/citystop.ee\/en\/packages\/ahhaa-vudila-iceage-package\/","name":"Family package (Vudila Playland, AHHAA & Iceage Centre) - CITYSTOP","isPartOf":{"@id":"https:\/\/citystop.ee\/en\/#website"},"datePublished":"2018-06-12T11:51:22+00:00","dateModified":"2024-04-11T08:24:33+00:00","breadcrumb":{"@id":"https:\/\/citystop.ee\/en\/packages\/ahhaa-vudila-iceage-package\/#breadcrumb"},"inLanguage":"en-US","potentialAction":[{"@type":"ReadAction","target":["https:\/\/citystop.ee\/en\/packages\/ahhaa-vudila-iceage-package\/"]}]},{"@type":"BreadcrumbList","@id":"https:\/\/citystop.ee\/en\/packages\/ahhaa-vudila-iceage-package\/#breadcrumb","itemListElement":[{"@type":"ListItem","position":1,"name":"Home","item":"https:\/\/citystop.ee\/en\/"},{"@type":"ListItem","position":2,"name":"Packages","item":"https:\/\/citystop.ee\/en\/packages\/"},{"@type":"ListItem","position":3,"name":"Family package (Vudila Playland, AHHAA &#038; Iceage Centre)"}]},{"@type":"WebSite","@id":"https:\/\/citystop.ee\/en\/#website","url":"https:\/\/citystop.ee\/en\/","name":"CITYSTOP","description":"Parima hinna ja kvaliteedi suhtega majutus Tartus","potentialAction":[{"@type":"SearchAction","target":{"@type":"EntryPoint","urlTemplate":"https:\/\/citystop.ee\/en\/?s={search_term_string}"},"query-input":{"@type":"PropertyValueSpecification","valueRequired":true,"valueName":"search_term_string"}}],"inLanguage":"en-US"}]}},"_links":{"self":[{"href":"https:\/\/citystop.ee\/en\/wp-json\/wp\/v2\/pages\/2498","targetHints":{"allow":["GET"]}}],"collection":[{"href":"https:\/\/citystop.ee\/en\/wp-json\/wp\/v2\/pages"}],"about":[{"href":"https:\/\/citystop.ee\/en\/wp-json\/wp\/v2\/types\/page"}],"author":[{"embeddable":true,"href":"https:\/\/citystop.ee\/en\/wp-json\/wp\/v2\/users\/1"}],"replies":[{"embeddable":true,"href":"https:\/\/citystop.ee\/en\/wp-json\/wp\/v2\/comments?post=2498"}],"version-history":[{"count":2,"href":"https:\/\/citystop.ee\/en\/wp-json\/wp\/v2\/pages\/2498\/revisions"}],"predecessor-version":[{"id":7034,"href":"https:\/\/citystop.ee\/en\/wp-json\/wp\/v2\/pages\/2498\/revisions\/7034"}],"up":[{"embeddable":true,"href":"https:\/\/citystop.ee\/en\/wp-json\/wp\/v2\/pages\/2662"}],"wp:attachment":[{"href":"https:\/\/citystop.ee\/en\/wp-json\/wp\/v2\/media?parent=2498"}],"curies":[{"name":"wp","href":"https:\/\/api.w.org\/{rel}","templated":true}]}}