{"id":2443,"date":"2017-10-12T11:06:52","date_gmt":"2017-10-12T11:06:52","guid":{"rendered":"http:\/\/citystop.ee\/?page_id=2443"},"modified":"2024-04-11T11:24:32","modified_gmt":"2024-04-11T08:24:32","slug":"specialoffers-2","status":"publish","type":"page","link":"https:\/\/citystop.ee\/en\/specialoffers-2\/","title":{"rendered":"Special offers"},"content":{"rendered":"<h1>ERIPAKKUMISED<\/h1>\n<div>\n<h1 style=\"text-align: center;\">T\u00d6\u00d6N\u00c4DALA ERIPAKKUMINE 4+1<\/h1>\n<p>Broneeri tuba viieks \u00f6\u00f6ks ja maksa vaid nelja eest! Pakkumine kehtib p\u00fchap\u00e4evast reedeni.<\/p>\n<p>Pakkumise sisu:\u00a0<\/p>\n<ul>\n<li>Mugav ja vaikne tuba<\/li>\n<li>Kirjutuslaud<\/li>\n<li>Tasuta kiire WIFI<\/li>\n<li>K\u00f6\u00f6ginurga kasutamise v\u00f5imalus<\/li>\n<li>Parkla<\/li>\n<li>Vajadusel beebivoodi<\/li>\n<\/ul>\n<h3>Vajad majutust pikemaks perioodiks?<\/h3>\n<h3><a href=\"http:\/\/citystop.ee\/kontakt\/\"><strong>Kirjuta meile ja koostame parima pakkumise!<\/strong><\/a><\/h3>\n<\/div>\n<div>\n<div class=\"yleminesisuleht\"><\/div>\n<\/div>\n<div>\n<h3>\u00a0<\/h3>\n<h3 style=\"text-align: center;\">TUDENGITE ERIPAKKUMINE!<\/h3>\n<table class=\"pricetable\" border=\"0\" width=\"100%\" cellspacing=\"5\" cellpadding=\"10\">\n<colgroup><\/colgroup>\n<tbody>\n<tr>\n<td height=\"20\">\u00a0<\/td>\n<td><em><strong>Hommikus\u00f6\u00f6giga<\/strong><\/em><\/td>\n<td><em><strong>Hommikus\u00f6\u00f6gita<\/strong><\/em><\/td>\n<\/tr>\n<tr>\n<td height=\"20\">\u00dchekohaline tuba<\/td>\n<td>al. 37 EUR<\/td>\n<td style=\"text-align: center;\">al. 30 EUR<\/td>\n<\/tr>\n<tr>\n<td height=\"20\">Kahekohaline tuba (twin)<\/td>\n<td>al. 54 EUR<\/td>\n<td style=\"text-align: center;\">al. 40 EUR<\/td>\n<\/tr>\n<tr>\n<td height=\"20\">Kolmekohaline tuba<\/td>\n<td>al. 71 EUR<\/td>\n<td style=\"text-align: center;\">al. 50 EUR<\/td>\n<\/tr>\n<tr>\n<td height=\"20\">\u00a0<\/td>\n<td>\u00a0<\/td>\n<td style=\"text-align: center;\">\u00a0<\/td>\n<\/tr>\n<\/tbody>\n<\/table>\n<p>K\u00e4id iga kuu Tartus koolis? Hotell Citystop ootab k\u00f5iki tudengeid k\u00fclla!<\/p>\n<p>Erinevate toat\u00fc\u00fcpide valik v\u00f5imaldab tulla \u00fcksi, kahekesi v\u00f5i kolmekesi. M\u00f5eldes tudengitele, oleme loonud k\u00f6\u00f6ginurga kasutamise v\u00f5imaluse, taskukohased hinnad ning turvalise parkla.<\/p>\n<h3><a href=\"http:\/\/citystop.ee\/kontakt\/\">Kirjuta meile oma koolip\u00e4evadest!<\/a><\/h3>\n<\/div>\n<h2>Mida Tartus teha?<\/h2>\n<p>\n    <a href=\"\/?page_id=1049\">Lugege l\u00e4hemalt tegevuste kohta Tartus<\/a>\n<\/p>\n<h2>Hilise saabuja soodustus <strong style=\"font-weight: 900 !important; color: #e0c166 !important;\">-20%<\/strong><\/h2>\n<p>\n    <a href=\"\/?page_id=796\">Lugege meie soodustuste ning allahindluste kohta siit<\/a>\n<\/p>\n<p><!-- {\"name\":\"\",\"type\":\"layout\",\"children\":[{\"name\":\"Price List\",\"type\":\"section\",\"props\":{\"width\":\"default\",\"padding\":\"large\",\"style\":\"default\",\"text_color\":\"\",\"media\":\"images\\\/home-header.jpg\",\"height_viewport\":true,\"header_overlay\":\"light\",\"image\":\"\",\"media_advanced\":true,\"image_size\":\"cover\",\"media_background\":null,\"media_overlay\":null,\"height\":\"percent\",\"animation\":\"\",\"header_transparent\":\"\",\"image_position\":\"center-right\",\"image_width\":\"\",\"image_height\":\"\",\"image_fixed\":false,\"media_blend_mode\":\"\",\"overlap\":false,\"padding_remove_bottom\":false,\"image_visibility\":\"s\",\"image_effect\":\"parallax\",\"image_parallax\":-540,\"padding_remove_top\":false,\"image_parallax_bgy_end\":\"\",\"image_parallax_bgy_start\":\"70\",\"image_parallax_bgx_start\":\"\",\"image_parallax_bgx_end\":\"\",\"image_parallax_breakpoint\":\"m\",\"vertical_align\":\"middle\",\"title_position\":\"top-left\",\"title_rotation\":\"left\",\"title_breakpoint\":\"xl\",\"id\":\"esimeneosasisu\",\"class\":\"esimeneosasisu\"},\"children\":[{\"name\":\"\",\"type\":\"row\",\"props\":{\"layout\":\"1-1\",\"breakpoint\":\"\",\"margin\":\"small\",\"fixed_width\":\"large\",\"width\":\"\",\"vertical_align\":false,\"match\":false,\"column_gap\":\"collapse\",\"row_gap\":\"collapse\"},\"children\":[{\"name\":\"\",\"type\":\"column\",\"props\":{\"image_position\":\"center-right\",\"image\":\"\",\"image_width\":\"700\",\"image_height\":\"470\",\"style\":\"secondary\",\"preserve_color\":false,\"padding\":\"large\",\"image_size\":\"contain\",\"media_overlay_gradient\":\"\"},\"children\":[{\"name\":\"pealkirirooms\",\"type\":\"headline\",\"props\":{\"title_element\":\"h1\",\"content\":\"ERIPAKKUMISED\",\"title_style\":\"heading-medium\",\"text_align\":\"center\",\"text_align_fallback\":\"\",\"maxwidth\":\"\",\"animation\":\"parallax\",\"text_align_breakpoint\":\"\",\"margin\":\"remove-vertical\",\"margin_remove_top\":false,\"margin_remove_bottom\":false,\"title_color\":\"\",\"parallax_y\":\"\",\"parallax_opacity\":\"\",\"parallax_velocity\":\"\",\"parallax_y_end\":\"-50\",\"parallax_breakpoint\":\"s\",\"id\":\"pealkirirooms\",\"class\":\"pealkirirooms\",\"block_align\":\"\"}},{\"name\":\"\",\"type\":\"text\",\"props\":{\"margin\":\"default\",\"column_breakpoint\":\"m\",\"content\":\"\n\n<h1 style=\\\"text-align: center;\\\">T\\u00d6\\u00d6N\\u00c4DALA ERIPAKKUMINE 4+1<\\\/h1>\\n\n\n<p>Broneeri tuba viieks \\u00f6\\u00f6ks ja maksa vaid nelja eest! Pakkumine kehtib p\\u00fchap\\u00e4evast reedeni.<\\\/p>\\n\n\n<p>Pakkumise sisu:\\u00a0<\\\/p>\\n\n\n<ul>\\n\n\n<li>Mugav ja vaikne tuba<\\\/li>\\n\n\n<li>Kirjutuslaud<\\\/li>\\n\n\n<li>Tasuta kiire WIFI<\\\/li>\\n\n\n<li>K\\u00f6\\u00f6ginurga kasutamise v\\u00f5imalus<\\\/li>\\n\n\n<li>Parkla<\\\/li>\\n\n\n<li>Vajadusel beebivoodi<\\\/li>\\n<\\\/ul>\\n\n\n<h3>Vajad majutust pikemaks perioodiks?<\\\/h3>\\n\n\n<h3><a href=\\\"http:\\\/\\\/citystop.ee\\\/kontakt\\\/\\\"><strong>Kirjuta meile ja koostame parima pakkumise!<\\\/strong><\\\/a><\\\/h3>\",\"text_style\":\"\",\"text_color\":\"\",\"text_size\":\"\",\"column\":\"\",\"position\":\"\",\"position_z_index\":\"\",\"maxwidth\":\"\",\"maxwidth_breakpoint\":\"\",\"block_align\":\"\",\"block_align_breakpoint\":\"\",\"block_align_fallback\":\"\",\"text_align\":\"\",\"text_align_breakpoint\":\"\",\"text_align_fallback\":\"\",\"animation\":\"\",\"visibility\":\"\"}}]}]},{\"name\":\"\",\"type\":\"row\",\"props\":{\"layout\":\"1-1\",\"breakpoint\":\"m\",\"fixed_width\":\"large\",\"margin\":\"large\",\"vertical_align\":false,\"match\":false,\"width\":\"expand\",\"divider\":false,\"column_gap\":\"small\",\"row_gap\":\"small\"},\"children\":[{\"name\":\"\",\"type\":\"column\",\"props\":{\"image_position\":\"center-center\",\"style\":\"\",\"image\":\"\",\"image_size\":\"cover\",\"media_overlay_gradient\":\"\"},\"children\":[{\"name\":\"\",\"type\":\"html\",\"props\":{\"content\":\"\n\n<div class=\\\"yleminesisuleht\\\"><\\\/div>\"}},{\"name\":\"\",\"type\":\"text\",\"props\":{\"column_breakpoint\":\"m\",\"margin\":\"large\",\"content\":\"\n\n<h3>\\u00a0<\\\/h3>\\n\n\n<h3 style=\\\"text-align: center;\\\">TUDENGITE ERIPAKKUMINE!<\\\/h3>\\n\n\n<table class=\\\"pricetable\\\" border=\\\"0\\\" width=\\\"100%\\\" cellspacing=\\\"5\\\" cellpadding=\\\"10\\\">\n\n<colgroup><\\\/colgroup>\\n\n\n<tbody>\\n\n\n<tr>\\n\n\n<td height=\\\"20\\\">\\u00a0<\\\/td>\\n\n\n<td><em><strong>Hommikus\\u00f6\\u00f6giga<\\\/strong><\\\/em><\\\/td>\\n\n\n<td><em><strong>Hommikus\\u00f6\\u00f6gita<\\\/strong><\\\/em><\\\/td>\\n<\\\/tr>\\n\n\n<tr>\\n\n\n<td height=\\\"20\\\">\\u00dchekohaline tuba<\\\/td>\\n\n\n<td>al. 37 EUR<\\\/td>\\n\n\n<td style=\\\"text-align: center;\\\">al. 30 EUR<\\\/td>\\n<\\\/tr>\\n\n\n<tr>\\n\n\n<td height=\\\"20\\\">Kahekohaline tuba (twin)<\\\/td>\\n\n\n<td>al. 54 EUR<\\\/td>\\n\n\n<td style=\\\"text-align: center;\\\">al. 40 EUR<\\\/td>\\n<\\\/tr>\\n\n\n<tr>\\n\n\n<td height=\\\"20\\\">Kolmekohaline tuba<\\\/td>\\n\n\n<td>al. 71 EUR<\\\/td>\\n\n\n<td style=\\\"text-align: center;\\\">al. 50 EUR<\\\/td>\\n<\\\/tr>\\n\n\n<tr>\\n\n\n<td height=\\\"20\\\">\\u00a0<\\\/td>\\n\n\n<td>\\u00a0<\\\/td>\\n\n\n<td style=\\\"text-align: center;\\\">\\u00a0<\\\/td>\\n<\\\/tr>\\n<\\\/tbody>\\n<\\\/table>\\n\n\n<p>K\\u00e4id iga kuu Tartus koolis? Hotell Citystop ootab k\\u00f5iki tudengeid k\\u00fclla!<\\\/p>\\n\n\n<p>Erinevate toat\\u00fc\\u00fcpide valik v\\u00f5imaldab tulla \\u00fcksi, kahekesi v\\u00f5i kolmekesi. M\\u00f5eldes tudengitele, oleme loonud k\\u00f6\\u00f6ginurga kasutamise v\\u00f5imaluse, taskukohased hinnad ning turvalise parkla.<\\\/p>\\n\n\n<h3><a href=\\\"http:\\\/\\\/citystop.ee\\\/kontakt\\\/\\\">Kirjuta meile oma koolip\\u00e4evadest!<\\\/a><\\\/h3>\",\"column\":\"\",\"text_size\":\"\",\"text_style\":\"lead\",\"text_align\":\"left\",\"maxwidth\":\"\",\"id\":\"\",\"animation\":\"parallax\",\"parallax_y\":\"\",\"parallax_velocity\":\"\",\"parallax_opacity\":\"\",\"parallax_y_end\":\"-50\",\"parallax_breakpoint\":\"s\",\"text_color\":\"\",\"position\":\"\",\"position_z_index\":\"\",\"maxwidth_breakpoint\":\"\",\"block_align\":\"\",\"block_align_breakpoint\":\"\",\"block_align_fallback\":\"\",\"text_align_breakpoint\":\"\",\"text_align_fallback\":\"\",\"visibility\":\"\"}}]}]}]},{\"name\":\"Additional Information\",\"type\":\"section\",\"props\":{\"width\":\"\",\"padding\":\"none\",\"style\":\"default\",\"text_color\":\"\",\"media\":\"\",\"height_viewport\":false,\"header_overlay\":\"light\",\"animation\":\"\",\"padding_remove_top\":false,\"image_size\":\"cover\",\"image_position\":\"center-center\",\"vertical_align\":\"middle\",\"title_position\":\"top-left\",\"title_rotation\":\"left\",\"title_breakpoint\":\"xl\",\"header_transparent\":\"\",\"animation_delay\":false,\"image_effect\":\"\"},\"children\":[{\"name\":\"\",\"type\":\"row\",\"props\":{\"fixed_width\":\"large\",\"breakpoint\":\"m\",\"layout\":\"1-1\"},\"children\":[{\"name\":\"\",\"type\":\"column\",\"props\":{\"image_position\":\"center-center\",\"media_overlay_gradient\":\"\"}}]}]},{\"name\":\"Additional Information\",\"type\":\"section\",\"props\":{\"width\":\"\",\"padding\":\"none\",\"style\":\"default\",\"text_color\":\"\",\"media\":\"\",\"height_viewport\":false,\"header_overlay\":\"light\",\"animation\":\"\",\"padding_remove_top\":false,\"image_size\":\"cover\",\"image_position\":\"center-center\",\"vertical_align\":\"middle\",\"title_position\":\"top-left\",\"title_rotation\":\"left\",\"title_breakpoint\":\"xl\",\"header_transparent\":\"\",\"animation_delay\":false,\"image_effect\":\"\"},\"children\":[{\"name\":\"\",\"type\":\"row\",\"props\":{\"layout\":\"1-1\",\"breakpoint\":\"\",\"margin\":\"small\",\"fixed_width\":\"large\",\"width\":\"\",\"vertical_align\":false,\"match\":false,\"column_gap\":\"collapse\",\"row_gap\":\"collapse\"},\"children\":[{\"name\":\"\",\"type\":\"column\",\"props\":{\"image_position\":\"center-right\",\"image\":\"\",\"image_width\":\"700\",\"image_height\":\"470\",\"style\":\"secondary\",\"preserve_color\":false,\"padding\":\"large\",\"image_size\":\"contain\",\"media_overlay_gradient\":\"\"}}]}]},{\"name\":\"Activities in Tartu & Packages & Offers\",\"type\":\"section\",\"props\":{\"width\":\"\",\"padding\":\"none\",\"style\":\"default\",\"text_color\":\"\",\"media\":\"\",\"height_viewport\":false,\"header_overlay\":\"light\",\"animation\":\"slide-top-small\",\"padding_remove_top\":false,\"image_size\":\"cover\",\"image_position\":\"center-center\",\"vertical_align\":\"middle\",\"title_position\":\"top-left\",\"title_rotation\":\"left\",\"title_breakpoint\":\"xl\",\"header_transparent\":\"\",\"image_effect\":\"\"},\"children\":[{\"name\":\"\",\"type\":\"row\",\"props\":{\"layout\":\",\",\"breakpoint\":\"m\",\"margin\":\"small\",\"fixed_width\":\"large\",\"width\":\"\",\"vertical_align\":false,\"match\":false,\"column_gap\":\"collapse\",\"row_gap\":\"collapse\"},\"children\":[{\"name\":\"\",\"type\":\"column\",\"props\":{\"image_position\":\"center-center\",\"image\":\"wp-content\\\/uploads\\\/starest-things-to-do-in-tartu.jpg\",\"image_width\":\"700\",\"image_height\":\"470\",\"style\":\"\",\"preserve_color\":false,\"padding\":\"large\",\"image_size\":\"cover\",\"media_overlay_gradient\":\"\"},\"children\":[{\"name\":\"\",\"type\":\"headline\",\"props\":{\"title_element\":\"h2\",\"content\":\"Mida Tartus teha?\",\"title_style\":\"heading-small\",\"animation\":\"parallax\",\"parallax_y_end\":\"-50\",\"margin\":\"small\",\"parallax_breakpoint\":\"m\",\"maxwidth\":\"xxlarge\",\"block_align\":\"center\"}},{\"name\":\"\",\"type\":\"button\",\"props\":{\"margin\":\"remove-vertical\",\"button_size\":\"\",\"animation\":\"parallax\",\"parallax_y_end\":\"-50\",\"parallax_breakpoint\":\"m\",\"maxwidth\":\"xxlarge\",\"block_align\":\"center\",\"grid_column_gap\":\"small\",\"grid_row_gap\":\"small\"},\"children\":[{\"name\":\"\",\"type\":\"button_item\",\"props\":{\"button_style\":\"text\",\"icon_align\":\"left\",\"content\":\"Lugege l\\u00e4hemalt tegevuste kohta Tartus\",\"link\":\"\\\/kontakt\\\/tegevused-tartus\"}}]}]},{\"name\":\"\",\"type\":\"column\",\"props\":{\"image_position\":\"center-center\",\"image\":\"\",\"image_width\":\"100%\",\"image_height\":\"auto\",\"image_size\":\"cover\",\"padding\":\"large\",\"style\":\"primary\",\"preserve_color\":false,\"media_overlay_gradient\":\"\"},\"children\":[{\"name\":\"\",\"type\":\"headline\",\"props\":{\"title_element\":\"h2\",\"content\":\"Hilise saabuja soodustus <strong style=\\\"font-weight: 900 !important; color: #e0c166 !important;\\\">-20%<\\\/strong>\",\"title_style\":\"heading-small\",\"animation\":\"parallax\",\"parallax_y_end\":\"-50\",\"margin\":\"small\",\"parallax_breakpoint\":\"m\",\"maxwidth\":\"xxlarge\",\"block_align\":\"center\"}},{\"name\":\"\",\"type\":\"button\",\"props\":{\"margin\":\"remove-vertical\",\"button_size\":\"\",\"animation\":\"parallax\",\"parallax_y_end\":\"-50\",\"parallax_breakpoint\":\"m\",\"maxwidth\":\"xxlarge\",\"block_align\":\"center\",\"grid_column_gap\":\"small\",\"grid_row_gap\":\"small\"},\"children\":[{\"name\":\"\",\"type\":\"button_item\",\"props\":{\"button_style\":\"text\",\"icon_align\":\"left\",\"content\":\"Lugege meie soodustuste ning allahindluste kohta siit\",\"link\":\"\\\/hinnad\\\/soodustused\"}}]}]}]}]}],\"props\":[],\"version\":\"1.22.8\"} --><\/p>\n","protected":false},"excerpt":{"rendered":"<p>ERIPAKKUMISED T\u00d6\u00d6N\u00c4DALA ERIPAKKUMINE 4+1 Broneeri tuba viieks \u00f6\u00f6ks ja maksa vaid nelja eest! Pakkumine kehtib p\u00fchap\u00e4evast reedeni. Pakkumise sisu:\u00a0 Mugav ja vaikne tuba Kirjutuslaud Tasuta kiire WIFI K\u00f6\u00f6ginurga kasutamise v\u00f5imalus Parkla Vajadusel beebivoodi Vajad majutust pikemaks perioodiks? Kirjuta meile ja koostame parima pakkumise! \u00a0 TUDENGITE ERIPAKKUMINE! \u00a0 Hommikus\u00f6\u00f6giga Hommikus\u00f6\u00f6gita \u00dchekohaline tuba al. 37 EUR al. [&hellip;]<\/p>\n","protected":false},"author":1,"featured_media":0,"parent":0,"menu_order":0,"comment_status":"closed","ping_status":"closed","template":"","meta":{"_acf_changed":false,"footnotes":""},"class_list":["post-2443","page","type-page","status-publish","hentry"],"acf":[],"yoast_head":"<!-- This site is optimized with the Yoast SEO plugin v26.8 - https:\/\/yoast.com\/product\/yoast-seo-wordpress\/ -->\n<title>Special offers - CITYSTOP<\/title>\n<meta name=\"robots\" content=\"index, follow, max-snippet:-1, max-image-preview:large, max-video-preview:-1\" \/>\n<link rel=\"canonical\" href=\"https:\/\/citystop.ee\/en\/specialoffers-2\/\" \/>\n<meta property=\"og:locale\" content=\"en_US\" \/>\n<meta property=\"og:type\" content=\"article\" \/>\n<meta property=\"og:title\" content=\"Special offers - CITYSTOP\" \/>\n<meta property=\"og:description\" content=\"ERIPAKKUMISED T\u00d6\u00d6N\u00c4DALA ERIPAKKUMINE 4+1 Broneeri tuba viieks \u00f6\u00f6ks ja maksa vaid nelja eest! Pakkumine kehtib p\u00fchap\u00e4evast reedeni. Pakkumise sisu:\u00a0 Mugav ja vaikne tuba Kirjutuslaud Tasuta kiire WIFI K\u00f6\u00f6ginurga kasutamise v\u00f5imalus Parkla Vajadusel beebivoodi Vajad majutust pikemaks perioodiks? Kirjuta meile ja koostame parima pakkumise! \u00a0 TUDENGITE ERIPAKKUMINE! \u00a0 Hommikus\u00f6\u00f6giga Hommikus\u00f6\u00f6gita \u00dchekohaline tuba al. 37 EUR al. [&hellip;]\" \/>\n<meta property=\"og:url\" content=\"https:\/\/citystop.ee\/en\/specialoffers-2\/\" \/>\n<meta property=\"og:site_name\" content=\"CITYSTOP\" \/>\n<meta property=\"article:modified_time\" content=\"2024-04-11T08:24:32+00:00\" \/>\n<meta name=\"twitter:card\" content=\"summary_large_image\" \/>\n<meta name=\"twitter:label1\" content=\"Est. reading time\" \/>\n\t<meta name=\"twitter:data1\" content=\"2 minutes\" \/>\n<script type=\"application\/ld+json\" class=\"yoast-schema-graph\">{\"@context\":\"https:\/\/schema.org\",\"@graph\":[{\"@type\":\"WebPage\",\"@id\":\"https:\/\/citystop.ee\/en\/specialoffers-2\/\",\"url\":\"https:\/\/citystop.ee\/en\/specialoffers-2\/\",\"name\":\"Special offers - CITYSTOP\",\"isPartOf\":{\"@id\":\"https:\/\/citystop.ee\/en\/#website\"},\"datePublished\":\"2017-10-12T11:06:52+00:00\",\"dateModified\":\"2024-04-11T08:24:32+00:00\",\"breadcrumb\":{\"@id\":\"https:\/\/citystop.ee\/en\/specialoffers-2\/#breadcrumb\"},\"inLanguage\":\"en-US\",\"potentialAction\":[{\"@type\":\"ReadAction\",\"target\":[\"https:\/\/citystop.ee\/en\/specialoffers-2\/\"]}]},{\"@type\":\"BreadcrumbList\",\"@id\":\"https:\/\/citystop.ee\/en\/specialoffers-2\/#breadcrumb\",\"itemListElement\":[{\"@type\":\"ListItem\",\"position\":1,\"name\":\"Home\",\"item\":\"https:\/\/citystop.ee\/en\/\"},{\"@type\":\"ListItem\",\"position\":2,\"name\":\"Special offers\"}]},{\"@type\":\"WebSite\",\"@id\":\"https:\/\/citystop.ee\/en\/#website\",\"url\":\"https:\/\/citystop.ee\/en\/\",\"name\":\"CITYSTOP\",\"description\":\"Parima hinna ja kvaliteedi suhtega majutus Tartus\",\"potentialAction\":[{\"@type\":\"SearchAction\",\"target\":{\"@type\":\"EntryPoint\",\"urlTemplate\":\"https:\/\/citystop.ee\/en\/?s={search_term_string}\"},\"query-input\":{\"@type\":\"PropertyValueSpecification\",\"valueRequired\":true,\"valueName\":\"search_term_string\"}}],\"inLanguage\":\"en-US\"}]}<\/script>\n<!-- \/ Yoast SEO plugin. -->","yoast_head_json":{"title":"Special offers - CITYSTOP","robots":{"index":"index","follow":"follow","max-snippet":"max-snippet:-1","max-image-preview":"max-image-preview:large","max-video-preview":"max-video-preview:-1"},"canonical":"https:\/\/citystop.ee\/en\/specialoffers-2\/","og_locale":"en_US","og_type":"article","og_title":"Special offers - CITYSTOP","og_description":"ERIPAKKUMISED T\u00d6\u00d6N\u00c4DALA ERIPAKKUMINE 4+1 Broneeri tuba viieks \u00f6\u00f6ks ja maksa vaid nelja eest! Pakkumine kehtib p\u00fchap\u00e4evast reedeni. Pakkumise sisu:\u00a0 Mugav ja vaikne tuba Kirjutuslaud Tasuta kiire WIFI K\u00f6\u00f6ginurga kasutamise v\u00f5imalus Parkla Vajadusel beebivoodi Vajad majutust pikemaks perioodiks? Kirjuta meile ja koostame parima pakkumise! \u00a0 TUDENGITE ERIPAKKUMINE! \u00a0 Hommikus\u00f6\u00f6giga Hommikus\u00f6\u00f6gita \u00dchekohaline tuba al. 37 EUR al. [&hellip;]","og_url":"https:\/\/citystop.ee\/en\/specialoffers-2\/","og_site_name":"CITYSTOP","article_modified_time":"2024-04-11T08:24:32+00:00","twitter_card":"summary_large_image","twitter_misc":{"Est. reading time":"2 minutes"},"schema":{"@context":"https:\/\/schema.org","@graph":[{"@type":"WebPage","@id":"https:\/\/citystop.ee\/en\/specialoffers-2\/","url":"https:\/\/citystop.ee\/en\/specialoffers-2\/","name":"Special offers - CITYSTOP","isPartOf":{"@id":"https:\/\/citystop.ee\/en\/#website"},"datePublished":"2017-10-12T11:06:52+00:00","dateModified":"2024-04-11T08:24:32+00:00","breadcrumb":{"@id":"https:\/\/citystop.ee\/en\/specialoffers-2\/#breadcrumb"},"inLanguage":"en-US","potentialAction":[{"@type":"ReadAction","target":["https:\/\/citystop.ee\/en\/specialoffers-2\/"]}]},{"@type":"BreadcrumbList","@id":"https:\/\/citystop.ee\/en\/specialoffers-2\/#breadcrumb","itemListElement":[{"@type":"ListItem","position":1,"name":"Home","item":"https:\/\/citystop.ee\/en\/"},{"@type":"ListItem","position":2,"name":"Special offers"}]},{"@type":"WebSite","@id":"https:\/\/citystop.ee\/en\/#website","url":"https:\/\/citystop.ee\/en\/","name":"CITYSTOP","description":"Parima hinna ja kvaliteedi suhtega majutus Tartus","potentialAction":[{"@type":"SearchAction","target":{"@type":"EntryPoint","urlTemplate":"https:\/\/citystop.ee\/en\/?s={search_term_string}"},"query-input":{"@type":"PropertyValueSpecification","valueRequired":true,"valueName":"search_term_string"}}],"inLanguage":"en-US"}]}},"_links":{"self":[{"href":"https:\/\/citystop.ee\/en\/wp-json\/wp\/v2\/pages\/2443","targetHints":{"allow":["GET"]}}],"collection":[{"href":"https:\/\/citystop.ee\/en\/wp-json\/wp\/v2\/pages"}],"about":[{"href":"https:\/\/citystop.ee\/en\/wp-json\/wp\/v2\/types\/page"}],"author":[{"embeddable":true,"href":"https:\/\/citystop.ee\/en\/wp-json\/wp\/v2\/users\/1"}],"replies":[{"embeddable":true,"href":"https:\/\/citystop.ee\/en\/wp-json\/wp\/v2\/comments?post=2443"}],"version-history":[{"count":5,"href":"https:\/\/citystop.ee\/en\/wp-json\/wp\/v2\/pages\/2443\/revisions"}],"predecessor-version":[{"id":4904,"href":"https:\/\/citystop.ee\/en\/wp-json\/wp\/v2\/pages\/2443\/revisions\/4904"}],"wp:attachment":[{"href":"https:\/\/citystop.ee\/en\/wp-json\/wp\/v2\/media?parent=2443"}],"curies":[{"name":"wp","href":"https:\/\/api.w.org\/{rel}","templated":true}]}}