{"id":2421,"date":"2018-12-25T20:21:42","date_gmt":"2018-12-25T20:21:42","guid":{"rendered":"http:\/\/citystop.ee\/peo-ja-peielauad\/"},"modified":"2024-04-11T11:24:32","modified_gmt":"2024-04-11T08:24:32","slug":"peo-ja-peielauad-2","status":"publish","type":"page","link":"https:\/\/citystop.ee\/en\/peo-ja-peielauad-2\/","title":{"rendered":"Peo- ja peielauad"},"content":{"rendered":"<p><\/br><br \/>\n<\/br><\/p>\n<div class=\"yleminesisuleht\"><\/div>\n<\/p>\n<p>PEO- JA PEIELAUAD<\/p>\n<p>Pakume Teile mugavat ja privaatset v\u00f5imalust erinevate t\u00e4htp\u00e4evade ning s\u00fcndmuste pidamiseks meie hotelli 1. korruse saalis. \u00dcrituse \u00f5nnestumiseks pakume toitlustusteenust koos ruumide kasutamise v\u00f5imalusega. Meie saal mahutab kuni 50 Teie l\u00e4himat s\u00f5pra, sugulast ja tuttavat. Lubame enda poolt head teenindust ja personaalset l\u00e4henemist. \u00dcritusi on v\u00f5imalik korraldada esmasp\u00e4evast p\u00fchap\u00e4evani. Kirjuta meile ning koostame Teile personaalse pakkumise.<\/p>\n<p>Saalides saame lauad paigutada:<\/p>\n<ul>\n<li>L-kujulisena,<\/li>\n<li>U-kujulisena,<\/li>\n<li>\u00dche- kahe pika lauana.<\/li>\n<\/ul>\n<p>Anna oma soovidest ning kuup\u00e4evast teada aadressile: alvar.kosso@starest.ee<\/p>\n<p><!-- {\"name\":\"\",\"type\":\"layout\",\"children\":[{\"name\":\"\",\"type\":\"section\",\"props\":{\"style\":\"default\",\"width\":\"default\",\"vertical_align\":\"middle\",\"title_position\":\"top-left\",\"title_rotation\":\"left\",\"title_breakpoint\":\"xl\",\"image_position\":\"center-center\"},\"children\":[{\"name\":\"\",\"type\":\"row\",\"props\":{\"fixed_width\":\"large\",\"breakpoint\":\"m\",\"layout\":\"1-1\"},\"children\":[{\"name\":\"\",\"type\":\"column\",\"props\":{\"widths\":[\"1-1\"],\"image_position\":\"center-center\"},\"children\":[{\"name\":\"\",\"type\":\"html\",\"props\":{\"content\":\"<\\\/br>\\n<\\\/br>\\n\n\n<div class=\\\"yleminesisuleht\\\"><\\\/div>\"}},{\"name\":\"\",\"type\":\"headline\",\"props\":{\"title_element\":\"h1\",\"content\":\"PEO- JA PEIELAUAD\",\"text_align\":\"center\",\"title_style\":\"heading-hero\",\"margin\":\"remove-vertical\",\"animation\":\"parallax\"}},{\"name\":\"\",\"type\":\"text\",\"props\":{\"margin\":\"default\",\"column_breakpoint\":\"m\",\"content\":\"\n\n<p>Pakume Teile mugavat ja privaatset v\\u00f5imalust erinevate t\\u00e4htp\\u00e4evade ning s\\u00fcndmuste pidamiseks meie hotelli 1. korruse saalis. \\u00dcrituse \\u00f5nnestumiseks pakume toitlustusteenust koos ruumide kasutamise v\\u00f5imalusega. Meie saal mahutab kuni 50 Teie l\\u00e4himat s\\u00f5pra, sugulast ja tuttavat. Lubame enda poolt head teenindust ja personaalset l\\u00e4henemist. \\u00dcritusi on v\\u00f5imalik korraldada esmasp\\u00e4evast p\\u00fchap\\u00e4evani. Kirjuta meile ning koostame Teile personaalse pakkumise.<\\\/p>\\n\n\n<p>Saalides saame lauad paigutada:<\\\/p>\\n\n\n<ul>\\n\n\n<li>L-kujulisena,<\\\/li>\\n\n\n<li>U-kujulisena,<\\\/li>\\n\n\n<li>\\u00dche- kahe pika lauana.<\\\/li>\\n<\\\/ul>\\n\n\n<p>Anna oma soovidest ning kuup\\u00e4evast teada aadressile: alvar.kosso@starest.ee<\\\/p>\"}}]}]}]}]} --><\/p>\n","protected":false},"excerpt":{"rendered":"<p>PEO- JA PEIELAUAD Pakume Teile mugavat ja privaatset v\u00f5imalust erinevate t\u00e4htp\u00e4evade ning s\u00fcndmuste pidamiseks meie hotelli 1. korruse saalis. \u00dcrituse \u00f5nnestumiseks pakume toitlustusteenust koos ruumide kasutamise v\u00f5imalusega. Meie saal mahutab kuni 50 Teie l\u00e4himat s\u00f5pra, sugulast ja tuttavat. Lubame enda poolt head teenindust ja personaalset l\u00e4henemist. \u00dcritusi on v\u00f5imalik korraldada esmasp\u00e4evast p\u00fchap\u00e4evani. Kirjuta meile ning [&hellip;]<\/p>\n","protected":false},"author":1,"featured_media":0,"parent":0,"menu_order":0,"comment_status":"closed","ping_status":"closed","template":"","meta":{"_acf_changed":false,"footnotes":""},"class_list":["post-2421","page","type-page","status-publish","hentry"],"acf":[],"yoast_head":"<!-- This site is optimized with the Yoast SEO plugin v27.4 - https:\/\/yoast.com\/product\/yoast-seo-wordpress\/ -->\n<title>Peo- ja peielauad - CITYSTOP<\/title>\n<meta name=\"robots\" content=\"index, follow, max-snippet:-1, max-image-preview:large, max-video-preview:-1\" \/>\n<link rel=\"canonical\" href=\"https:\/\/citystop.ee\/en\/peo-ja-peielauad-2\/\" \/>\n<meta property=\"og:locale\" content=\"en_US\" \/>\n<meta property=\"og:type\" content=\"article\" \/>\n<meta property=\"og:title\" content=\"Peo- ja peielauad - CITYSTOP\" \/>\n<meta property=\"og:description\" content=\"PEO- JA PEIELAUAD Pakume Teile mugavat ja privaatset v\u00f5imalust erinevate t\u00e4htp\u00e4evade ning s\u00fcndmuste pidamiseks meie hotelli 1. korruse saalis. \u00dcrituse \u00f5nnestumiseks pakume toitlustusteenust koos ruumide kasutamise v\u00f5imalusega. Meie saal mahutab kuni 50 Teie l\u00e4himat s\u00f5pra, sugulast ja tuttavat. Lubame enda poolt head teenindust ja personaalset l\u00e4henemist. \u00dcritusi on v\u00f5imalik korraldada esmasp\u00e4evast p\u00fchap\u00e4evani. Kirjuta meile ning [&hellip;]\" \/>\n<meta property=\"og:url\" content=\"https:\/\/citystop.ee\/en\/peo-ja-peielauad-2\/\" \/>\n<meta property=\"og:site_name\" content=\"CITYSTOP\" \/>\n<meta property=\"article:modified_time\" content=\"2024-04-11T08:24:32+00:00\" \/>\n<meta name=\"twitter:card\" content=\"summary_large_image\" \/>\n<script type=\"application\/ld+json\" class=\"yoast-schema-graph\">{\"@context\":\"https:\\\/\\\/schema.org\",\"@graph\":[{\"@type\":\"WebPage\",\"@id\":\"https:\\\/\\\/citystop.ee\\\/en\\\/peo-ja-peielauad-2\\\/\",\"url\":\"https:\\\/\\\/citystop.ee\\\/en\\\/peo-ja-peielauad-2\\\/\",\"name\":\"Peo- ja peielauad - CITYSTOP\",\"isPartOf\":{\"@id\":\"https:\\\/\\\/citystop.ee\\\/en\\\/#website\"},\"datePublished\":\"2018-12-25T20:21:42+00:00\",\"dateModified\":\"2024-04-11T08:24:32+00:00\",\"breadcrumb\":{\"@id\":\"https:\\\/\\\/citystop.ee\\\/en\\\/peo-ja-peielauad-2\\\/#breadcrumb\"},\"inLanguage\":\"en-US\",\"potentialAction\":[{\"@type\":\"ReadAction\",\"target\":[\"https:\\\/\\\/citystop.ee\\\/en\\\/peo-ja-peielauad-2\\\/\"]}]},{\"@type\":\"BreadcrumbList\",\"@id\":\"https:\\\/\\\/citystop.ee\\\/en\\\/peo-ja-peielauad-2\\\/#breadcrumb\",\"itemListElement\":[{\"@type\":\"ListItem\",\"position\":1,\"name\":\"Home\",\"item\":\"https:\\\/\\\/citystop.ee\\\/en\\\/\"},{\"@type\":\"ListItem\",\"position\":2,\"name\":\"Peo- ja peielauad\"}]},{\"@type\":\"WebSite\",\"@id\":\"https:\\\/\\\/citystop.ee\\\/en\\\/#website\",\"url\":\"https:\\\/\\\/citystop.ee\\\/en\\\/\",\"name\":\"CITYSTOP\",\"description\":\"Parima hinna ja kvaliteedi suhtega majutus Tartus\",\"potentialAction\":[{\"@type\":\"SearchAction\",\"target\":{\"@type\":\"EntryPoint\",\"urlTemplate\":\"https:\\\/\\\/citystop.ee\\\/en\\\/?s={search_term_string}\"},\"query-input\":{\"@type\":\"PropertyValueSpecification\",\"valueRequired\":true,\"valueName\":\"search_term_string\"}}],\"inLanguage\":\"en-US\"}]}<\/script>\n<!-- \/ Yoast SEO plugin. -->","yoast_head_json":{"title":"Peo- ja peielauad - CITYSTOP","robots":{"index":"index","follow":"follow","max-snippet":"max-snippet:-1","max-image-preview":"max-image-preview:large","max-video-preview":"max-video-preview:-1"},"canonical":"https:\/\/citystop.ee\/en\/peo-ja-peielauad-2\/","og_locale":"en_US","og_type":"article","og_title":"Peo- ja peielauad - CITYSTOP","og_description":"PEO- JA PEIELAUAD Pakume Teile mugavat ja privaatset v\u00f5imalust erinevate t\u00e4htp\u00e4evade ning s\u00fcndmuste pidamiseks meie hotelli 1. korruse saalis. \u00dcrituse \u00f5nnestumiseks pakume toitlustusteenust koos ruumide kasutamise v\u00f5imalusega. Meie saal mahutab kuni 50 Teie l\u00e4himat s\u00f5pra, sugulast ja tuttavat. Lubame enda poolt head teenindust ja personaalset l\u00e4henemist. \u00dcritusi on v\u00f5imalik korraldada esmasp\u00e4evast p\u00fchap\u00e4evani. Kirjuta meile ning [&hellip;]","og_url":"https:\/\/citystop.ee\/en\/peo-ja-peielauad-2\/","og_site_name":"CITYSTOP","article_modified_time":"2024-04-11T08:24:32+00:00","twitter_card":"summary_large_image","schema":{"@context":"https:\/\/schema.org","@graph":[{"@type":"WebPage","@id":"https:\/\/citystop.ee\/en\/peo-ja-peielauad-2\/","url":"https:\/\/citystop.ee\/en\/peo-ja-peielauad-2\/","name":"Peo- ja peielauad - CITYSTOP","isPartOf":{"@id":"https:\/\/citystop.ee\/en\/#website"},"datePublished":"2018-12-25T20:21:42+00:00","dateModified":"2024-04-11T08:24:32+00:00","breadcrumb":{"@id":"https:\/\/citystop.ee\/en\/peo-ja-peielauad-2\/#breadcrumb"},"inLanguage":"en-US","potentialAction":[{"@type":"ReadAction","target":["https:\/\/citystop.ee\/en\/peo-ja-peielauad-2\/"]}]},{"@type":"BreadcrumbList","@id":"https:\/\/citystop.ee\/en\/peo-ja-peielauad-2\/#breadcrumb","itemListElement":[{"@type":"ListItem","position":1,"name":"Home","item":"https:\/\/citystop.ee\/en\/"},{"@type":"ListItem","position":2,"name":"Peo- ja peielauad"}]},{"@type":"WebSite","@id":"https:\/\/citystop.ee\/en\/#website","url":"https:\/\/citystop.ee\/en\/","name":"CITYSTOP","description":"Parima hinna ja kvaliteedi suhtega majutus Tartus","potentialAction":[{"@type":"SearchAction","target":{"@type":"EntryPoint","urlTemplate":"https:\/\/citystop.ee\/en\/?s={search_term_string}"},"query-input":{"@type":"PropertyValueSpecification","valueRequired":true,"valueName":"search_term_string"}}],"inLanguage":"en-US"}]}},"_links":{"self":[{"href":"https:\/\/citystop.ee\/en\/wp-json\/wp\/v2\/pages\/2421","targetHints":{"allow":["GET"]}}],"collection":[{"href":"https:\/\/citystop.ee\/en\/wp-json\/wp\/v2\/pages"}],"about":[{"href":"https:\/\/citystop.ee\/en\/wp-json\/wp\/v2\/types\/page"}],"author":[{"embeddable":true,"href":"https:\/\/citystop.ee\/en\/wp-json\/wp\/v2\/users\/1"}],"replies":[{"embeddable":true,"href":"https:\/\/citystop.ee\/en\/wp-json\/wp\/v2\/comments?post=2421"}],"version-history":[{"count":1,"href":"https:\/\/citystop.ee\/en\/wp-json\/wp\/v2\/pages\/2421\/revisions"}],"predecessor-version":[{"id":7026,"href":"https:\/\/citystop.ee\/en\/wp-json\/wp\/v2\/pages\/2421\/revisions\/7026"}],"wp:attachment":[{"href":"https:\/\/citystop.ee\/en\/wp-json\/wp\/v2\/media?parent=2421"}],"curies":[{"name":"wp","href":"https:\/\/api.w.org\/{rel}","templated":true}]}}